{"id":2323,"date":"2019-10-23T00:33:42","date_gmt":"2019-10-22T21:33:42","guid":{"rendered":"https:\/\/kaptanlarun.com\/fuarlar\/"},"modified":"2022-11-10T15:44:19","modified_gmt":"2022-11-10T12:44:19","slug":"fuarlar","status":"publish","type":"page","link":"https:\/\/kaptanlarun.com\/ar\/fuarlar\/","title":{"rendered":"Fuarlar"},"content":{"rendered":"\n<p>Fuarlar<br\/>2019 Fuar Takvimi<br\/>icon<br\/>icon-calendar-line<br\/><br\/>27-29 Eyl\u00fcl 2019Pastart \u0130zmir Fuar\u0131: \u0130zmir K\u00fclt\u00fcrpark\u2019ta 27-29 Eyl\u00fcl Tarihlerinde Ger\u00e7ekle\u015fen Uluslararas\u0131 Pastac\u0131l\u0131k, Tatl\u0131c\u0131l\u0131k, \u015eekercilik ve Unlu Mam\u00fcller Festivaline Kat\u0131ld\u0131k.<br\/><br\/>4 Ekim 2019Biga G\u0131da, Tar\u0131m, Hayvanc\u0131l\u0131k ve Teknolojileri Fuar\u0131: G\u00fcney Marmara\u2019n\u0131n en b\u00fcy\u00fck tan\u0131t\u0131m etkinli\u011fi haline gelen ve bu y\u0131l 13\u2019nc\u00fcs\u00fc d\u00fczenlenen Biga G\u0131da, Tar\u0131m, Hayvanc\u0131l\u0131k ve Teknolojileri Fuar\u0131na Kat\u0131ld\u0131k.<br\/><br\/>27-29 Aral\u0131k 2019\u0130stanbul G\u0131da Fuar\u0131: \u0130stanbul G\u0131da Fuar\u0131na Kat\u0131laca\u011f\u0131z.<br\/><br\/><br\/><\/p>\n","protected":false},"excerpt":{"rendered":"<p>Fuarlar2019 Fuar Takvimiiconicon-calendar-line 27-29 Eyl\u00fcl 2019Pastart \u0130zmir Fuar\u0131: \u0130zmir K\u00fclt\u00fcrpark\u2019ta 27-29 Eyl\u00fcl Tarihlerinde Ger\u00e7ekle\u015fen Uluslararas\u0131 Pastac\u0131l\u0131k, Tatl\u0131c\u0131l\u0131k, \u015eekercilik ve Unlu Mam\u00fcller Festivaline Kat\u0131ld\u0131k. 4 Ekim 2019Biga<span class=\"excerpt-hellip\"> [\u2026]<\/span><\/p>\n","protected":false},"author":1,"featured_media":0,"parent":0,"menu_order":0,"comment_status":"closed","ping_status":"closed","template":"","meta":{"footnotes":""},"class_list":["post-2323","page","type-page","status-publish","hentry"],"yoast_head":"<!-- This site is optimized with the Yoast SEO plugin v27.3 - https:\/\/yoast.com\/product\/yoast-seo-wordpress\/ -->\n<title>Fuarlar | Kaptanlar Un A.\u015e.<\/title>\n<meta name=\"robots\" content=\"index, follow, max-snippet:-1, max-image-preview:large, max-video-preview:-1\" \/>\n<link rel=\"canonical\" href=\"https:\/\/kaptanlarun.com\/fuarlar\/\" \/>\n<meta property=\"og:locale\" content=\"ar_AR\" \/>\n<meta property=\"og:type\" content=\"article\" \/>\n<meta property=\"og:title\" content=\"Fuarlar | Kaptanlar Un A.\u015e.\" \/>\n<meta property=\"og:description\" content=\"Fuarlar2019 Fuar Takvimiiconicon-calendar-line 27-29 Eyl\u00fcl 2019Pastart \u0130zmir Fuar\u0131: \u0130zmir K\u00fclt\u00fcrpark\u2019ta 27-29 Eyl\u00fcl Tarihlerinde Ger\u00e7ekle\u015fen Uluslararas\u0131 Pastac\u0131l\u0131k, Tatl\u0131c\u0131l\u0131k, \u015eekercilik ve Unlu Mam\u00fcller Festivaline Kat\u0131ld\u0131k. 4 Ekim 2019Biga [\u2026]\" \/>\n<meta property=\"og:url\" content=\"https:\/\/kaptanlarun.com\/fuarlar\/\" \/>\n<meta property=\"og:site_name\" content=\"Kaptanlar Un A.\u015e.\" \/>\n<meta property=\"article:publisher\" content=\"https:\/\/www.facebook.com\/kaptanlarun\/\" \/>\n<meta property=\"article:modified_time\" content=\"2022-11-10T12:44:19+00:00\" \/>\n<meta name=\"twitter:card\" content=\"summary_large_image\" \/>\n<meta name=\"twitter:site\" content=\"@kaptanlarun\" \/>\n<meta name=\"twitter:label1\" content=\"Est. reading time\" \/>\n\t<meta name=\"twitter:data1\" content=\"1 minute\" \/>\n<script type=\"application\/ld+json\" class=\"yoast-schema-graph\">{\"@context\":\"https:\\\/\\\/schema.org\",\"@graph\":[{\"@type\":\"WebPage\",\"@id\":\"https:\\\/\\\/kaptanlarun.com\\\/fuarlar\\\/\",\"url\":\"https:\\\/\\\/kaptanlarun.com\\\/fuarlar\\\/\",\"name\":\"Fuarlar | Kaptanlar Un A.\u015e.\",\"isPartOf\":{\"@id\":\"https:\\\/\\\/kaptanlarun.com\\\/#website\"},\"datePublished\":\"2019-10-22T21:33:42+00:00\",\"dateModified\":\"2022-11-10T12:44:19+00:00\",\"breadcrumb\":{\"@id\":\"https:\\\/\\\/kaptanlarun.com\\\/fuarlar\\\/#breadcrumb\"},\"inLanguage\":\"ar\",\"potentialAction\":[{\"@type\":\"ReadAction\",\"target\":[\"https:\\\/\\\/kaptanlarun.com\\\/fuarlar\\\/\"]}]},{\"@type\":\"BreadcrumbList\",\"@id\":\"https:\\\/\\\/kaptanlarun.com\\\/fuarlar\\\/#breadcrumb\",\"itemListElement\":[{\"@type\":\"ListItem\",\"position\":1,\"name\":\"Home\",\"item\":\"https:\\\/\\\/kaptanlarun.com\\\/\"},{\"@type\":\"ListItem\",\"position\":2,\"name\":\"Fuarlar\"}]},{\"@type\":\"WebSite\",\"@id\":\"https:\\\/\\\/kaptanlarun.com\\\/#website\",\"url\":\"https:\\\/\\\/kaptanlarun.com\\\/\",\"name\":\"Kaptanlar Un A.\u015e. - T\u00fcrkiye'nin Un Fabrikas\u0131 | \u00c7anakkale\",\"description\":\"kaptanlarun.com\",\"publisher\":{\"@id\":\"https:\\\/\\\/kaptanlarun.com\\\/#organization\"},\"potentialAction\":[{\"@type\":\"SearchAction\",\"target\":{\"@type\":\"EntryPoint\",\"urlTemplate\":\"https:\\\/\\\/kaptanlarun.com\\\/?s={search_term_string}\"},\"query-input\":{\"@type\":\"PropertyValueSpecification\",\"valueRequired\":true,\"valueName\":\"search_term_string\"}}],\"inLanguage\":\"ar\"},{\"@type\":\"Organization\",\"@id\":\"https:\\\/\\\/kaptanlarun.com\\\/#organization\",\"name\":\"Kaptanlar Un G\u0131da Enerji San. ve Tic. A.\u015e.\",\"url\":\"https:\\\/\\\/kaptanlarun.com\\\/\",\"logo\":{\"@type\":\"ImageObject\",\"inLanguage\":\"ar\",\"@id\":\"https:\\\/\\\/kaptanlarun.com\\\/#\\\/schema\\\/logo\\\/image\\\/\",\"url\":\"https:\\\/\\\/kaptanlarun.com\\\/wp-content\\\/uploads\\\/kaptanlar-un-retina-logo.png\",\"contentUrl\":\"https:\\\/\\\/kaptanlarun.com\\\/wp-content\\\/uploads\\\/kaptanlar-un-retina-logo.png\",\"width\":511,\"height\":188,\"caption\":\"Kaptanlar Un G\u0131da Enerji San. ve Tic. A.\u015e.\"},\"image\":{\"@id\":\"https:\\\/\\\/kaptanlarun.com\\\/#\\\/schema\\\/logo\\\/image\\\/\"},\"sameAs\":[\"https:\\\/\\\/www.facebook.com\\\/kaptanlarun\\\/\",\"https:\\\/\\\/x.com\\\/kaptanlarun\",\"https:\\\/\\\/www.instagram.com\\\/kaptanlarun\\\/\"]}]}<\/script>\n<!-- \/ Yoast SEO plugin. -->","yoast_head_json":{"title":"Fuarlar | Kaptanlar Un A.\u015e.","robots":{"index":"index","follow":"follow","max-snippet":"max-snippet:-1","max-image-preview":"max-image-preview:large","max-video-preview":"max-video-preview:-1"},"canonical":"https:\/\/kaptanlarun.com\/fuarlar\/","og_locale":"ar_AR","og_type":"article","og_title":"Fuarlar | Kaptanlar Un A.\u015e.","og_description":"Fuarlar2019 Fuar Takvimiiconicon-calendar-line 27-29 Eyl\u00fcl 2019Pastart \u0130zmir Fuar\u0131: \u0130zmir K\u00fclt\u00fcrpark\u2019ta 27-29 Eyl\u00fcl Tarihlerinde Ger\u00e7ekle\u015fen Uluslararas\u0131 Pastac\u0131l\u0131k, Tatl\u0131c\u0131l\u0131k, \u015eekercilik ve Unlu Mam\u00fcller Festivaline Kat\u0131ld\u0131k. 4 Ekim 2019Biga [\u2026]","og_url":"https:\/\/kaptanlarun.com\/fuarlar\/","og_site_name":"Kaptanlar Un A.\u015e.","article_publisher":"https:\/\/www.facebook.com\/kaptanlarun\/","article_modified_time":"2022-11-10T12:44:19+00:00","twitter_card":"summary_large_image","twitter_site":"@kaptanlarun","twitter_misc":{"Est. reading time":"1 minute"},"schema":{"@context":"https:\/\/schema.org","@graph":[{"@type":"WebPage","@id":"https:\/\/kaptanlarun.com\/fuarlar\/","url":"https:\/\/kaptanlarun.com\/fuarlar\/","name":"Fuarlar | Kaptanlar Un A.\u015e.","isPartOf":{"@id":"https:\/\/kaptanlarun.com\/#website"},"datePublished":"2019-10-22T21:33:42+00:00","dateModified":"2022-11-10T12:44:19+00:00","breadcrumb":{"@id":"https:\/\/kaptanlarun.com\/fuarlar\/#breadcrumb"},"inLanguage":"ar","potentialAction":[{"@type":"ReadAction","target":["https:\/\/kaptanlarun.com\/fuarlar\/"]}]},{"@type":"BreadcrumbList","@id":"https:\/\/kaptanlarun.com\/fuarlar\/#breadcrumb","itemListElement":[{"@type":"ListItem","position":1,"name":"Home","item":"https:\/\/kaptanlarun.com\/"},{"@type":"ListItem","position":2,"name":"Fuarlar"}]},{"@type":"WebSite","@id":"https:\/\/kaptanlarun.com\/#website","url":"https:\/\/kaptanlarun.com\/","name":"Kaptanlar Un A.\u015e. - T\u00fcrkiye'nin Un Fabrikas\u0131 | \u00c7anakkale","description":"kaptanlarun.com","publisher":{"@id":"https:\/\/kaptanlarun.com\/#organization"},"potentialAction":[{"@type":"SearchAction","target":{"@type":"EntryPoint","urlTemplate":"https:\/\/kaptanlarun.com\/?s={search_term_string}"},"query-input":{"@type":"PropertyValueSpecification","valueRequired":true,"valueName":"search_term_string"}}],"inLanguage":"ar"},{"@type":"Organization","@id":"https:\/\/kaptanlarun.com\/#organization","name":"Kaptanlar Un G\u0131da Enerji San. ve Tic. A.\u015e.","url":"https:\/\/kaptanlarun.com\/","logo":{"@type":"ImageObject","inLanguage":"ar","@id":"https:\/\/kaptanlarun.com\/#\/schema\/logo\/image\/","url":"https:\/\/kaptanlarun.com\/wp-content\/uploads\/kaptanlar-un-retina-logo.png","contentUrl":"https:\/\/kaptanlarun.com\/wp-content\/uploads\/kaptanlar-un-retina-logo.png","width":511,"height":188,"caption":"Kaptanlar Un G\u0131da Enerji San. ve Tic. A.\u015e."},"image":{"@id":"https:\/\/kaptanlarun.com\/#\/schema\/logo\/image\/"},"sameAs":["https:\/\/www.facebook.com\/kaptanlarun\/","https:\/\/x.com\/kaptanlarun","https:\/\/www.instagram.com\/kaptanlarun\/"]}]}},"_links":{"self":[{"href":"https:\/\/kaptanlarun.com\/ar\/wp-json\/wp\/v2\/pages\/2323","targetHints":{"allow":["GET"]}}],"collection":[{"href":"https:\/\/kaptanlarun.com\/ar\/wp-json\/wp\/v2\/pages"}],"about":[{"href":"https:\/\/kaptanlarun.com\/ar\/wp-json\/wp\/v2\/types\/page"}],"author":[{"embeddable":true,"href":"https:\/\/kaptanlarun.com\/ar\/wp-json\/wp\/v2\/users\/1"}],"replies":[{"embeddable":true,"href":"https:\/\/kaptanlarun.com\/ar\/wp-json\/wp\/v2\/comments?post=2323"}],"version-history":[{"count":0,"href":"https:\/\/kaptanlarun.com\/ar\/wp-json\/wp\/v2\/pages\/2323\/revisions"}],"wp:attachment":[{"href":"https:\/\/kaptanlarun.com\/ar\/wp-json\/wp\/v2\/media?parent=2323"}],"curies":[{"name":"wp","href":"https:\/\/api.w.org\/{rel}","templated":true}]}}