{"id":2325,"date":"2014-11-19T15:21:49","date_gmt":"2014-11-19T12:21:49","guid":{"rendered":"https:\/\/kaptanlarun.com\/iletisim\/"},"modified":"2025-06-20T11:04:12","modified_gmt":"2025-06-20T08:04:12","slug":"iletisim","status":"publish","type":"page","link":"https:\/\/kaptanlarun.com\/ar\/iletisim\/","title":{"rendered":"\u0627\u0644\u0627\u062a\u0635\u0627\u0644\u0627\u062a"},"content":{"rendered":"\n<p><img decoding=\"async\" src=\"http:\/\/www.kaptanlarun.com\/wp-content\/uploads\/kaptanlar-un-iletisim-banner.jpg\" alt=\"kaptanlar-un-iletisim-banner\"><br><br>Kaptanlar Un | \u00c7anakkale \/ Biga &#8211; \u0130leti\u015fim Bilgileri<br>Kaptanlar Un Olarak; Trakya B\u00f6lgesinin Bereketli Ovalar\u0131nda \u00dcretilen Bu\u011fdaylardan Elde Etti\u011fimiz\n<br>Unlar\u0131 \u00c7anakkale&#8217;n\u0131n Biga \u0130l\u00e7esinden T\u00fcrkiye&#8217;nin Her Yerine Ula\u015ft\u0131rabilmek \u0130\u00e7in \u00c7al\u0131\u015f\u0131yoruz.<br>icon<br>icon-location-line<br>Kaptanlar Un<br><br>\u0130leti\u015fim Bilgileri<br>Band\u0131rma Yolu 10 Km. Biga \/ \u00c7anakkale<br>+90 286 344 44 88<br>+90 286 344 42 69<br>info@kaptanlarun.com<br>www.kaptanlarun.com<br><br>Pazartesi &#8211; Cumartesi08:30 &#8211; 18:00\n<br>Resmi G\u00fcnler ve PazarKapal\u0131<br><br>\u0130leti\u015fim Formu<br>[ninja_form id=&#8221;1&#8243;]<br>no-repeat;center top;;<br>auto<br><br>40.256048<br>27.334087<br>13<br>600<br>ROADMAP<br>http:\/\/www.kaptanlarun.com\/wp-content\/uploads\/kaptanlar-un-harita-pin.png<br>box<br><br><\/p>\n","protected":false},"excerpt":{"rendered":"<p>Kaptanlar Un | \u00c7anakkale \/ Biga &#8211; \u0130leti\u015fim BilgileriKaptanlar Un Olarak; Trakya B\u00f6lgesinin Bereketli Ovalar\u0131nda \u00dcretilen Bu\u011fdaylardan Elde Etti\u011fimiz Unlar\u0131 \u00c7anakkale&#8217;n\u0131n Biga \u0130l\u00e7esinden T\u00fcrkiye&#8217;nin Her Yerine<span class=\"excerpt-hellip\"> [\u2026]<\/span><\/p>\n","protected":false},"author":1,"featured_media":0,"parent":0,"menu_order":0,"comment_status":"open","ping_status":"open","template":"","meta":{"footnotes":""},"class_list":["post-2325","page","type-page","status-publish","hentry"],"yoast_head":"<!-- This site is optimized with the Yoast SEO plugin v27.3 - https:\/\/yoast.com\/product\/yoast-seo-wordpress\/ -->\n<title>\u0627\u0644\u0627\u062a\u0635\u0627\u0644\u0627\u062a | Kaptanlar Un A.\u015e.<\/title>\n<meta name=\"robots\" content=\"index, follow, max-snippet:-1, max-image-preview:large, max-video-preview:-1\" \/>\n<link rel=\"canonical\" href=\"https:\/\/kaptanlarun.com\/iletisim\/\" \/>\n<meta property=\"og:locale\" content=\"ar_AR\" \/>\n<meta property=\"og:type\" content=\"article\" \/>\n<meta property=\"og:title\" content=\"\u0627\u0644\u0627\u062a\u0635\u0627\u0644\u0627\u062a | Kaptanlar Un A.\u015e.\" \/>\n<meta property=\"og:description\" content=\"Kaptanlar Un | \u00c7anakkale \/ Biga &#8211; \u0130leti\u015fim BilgileriKaptanlar Un Olarak; Trakya B\u00f6lgesinin Bereketli Ovalar\u0131nda \u00dcretilen Bu\u011fdaylardan Elde Etti\u011fimiz Unlar\u0131 \u00c7anakkale&#8217;n\u0131n Biga \u0130l\u00e7esinden T\u00fcrkiye&#8217;nin Her Yerine [\u2026]\" \/>\n<meta property=\"og:url\" content=\"https:\/\/kaptanlarun.com\/iletisim\/\" \/>\n<meta property=\"og:site_name\" content=\"Kaptanlar Un A.\u015e.\" \/>\n<meta property=\"article:publisher\" content=\"https:\/\/www.facebook.com\/kaptanlarun\/\" \/>\n<meta property=\"article:modified_time\" content=\"2025-06-20T08:04:12+00:00\" \/>\n<meta property=\"og:image\" content=\"http:\/\/www.kaptanlarun.com\/wp-content\/uploads\/kaptanlar-un-iletisim-banner.jpg\" \/>\n<meta name=\"twitter:card\" content=\"summary_large_image\" \/>\n<meta name=\"twitter:site\" content=\"@kaptanlarun\" \/>\n<meta name=\"twitter:label1\" content=\"Est. reading time\" \/>\n\t<meta name=\"twitter:data1\" content=\"1 minute\" \/>\n<script type=\"application\/ld+json\" class=\"yoast-schema-graph\">{\"@context\":\"https:\\\/\\\/schema.org\",\"@graph\":[{\"@type\":\"WebPage\",\"@id\":\"https:\\\/\\\/kaptanlarun.com\\\/iletisim\\\/\",\"url\":\"https:\\\/\\\/kaptanlarun.com\\\/iletisim\\\/\",\"name\":\"\u0627\u0644\u0627\u062a\u0635\u0627\u0644\u0627\u062a | Kaptanlar Un A.\u015e.\",\"isPartOf\":{\"@id\":\"https:\\\/\\\/kaptanlarun.com\\\/#website\"},\"primaryImageOfPage\":{\"@id\":\"https:\\\/\\\/kaptanlarun.com\\\/iletisim\\\/#primaryimage\"},\"image\":{\"@id\":\"https:\\\/\\\/kaptanlarun.com\\\/iletisim\\\/#primaryimage\"},\"thumbnailUrl\":\"http:\\\/\\\/www.kaptanlarun.com\\\/wp-content\\\/uploads\\\/kaptanlar-un-iletisim-banner.jpg\",\"datePublished\":\"2014-11-19T12:21:49+00:00\",\"dateModified\":\"2025-06-20T08:04:12+00:00\",\"breadcrumb\":{\"@id\":\"https:\\\/\\\/kaptanlarun.com\\\/iletisim\\\/#breadcrumb\"},\"inLanguage\":\"ar\",\"potentialAction\":[{\"@type\":\"ReadAction\",\"target\":[\"https:\\\/\\\/kaptanlarun.com\\\/iletisim\\\/\"]}]},{\"@type\":\"ImageObject\",\"inLanguage\":\"ar\",\"@id\":\"https:\\\/\\\/kaptanlarun.com\\\/iletisim\\\/#primaryimage\",\"url\":\"http:\\\/\\\/www.kaptanlarun.com\\\/wp-content\\\/uploads\\\/kaptanlar-un-iletisim-banner.jpg\",\"contentUrl\":\"http:\\\/\\\/www.kaptanlarun.com\\\/wp-content\\\/uploads\\\/kaptanlar-un-iletisim-banner.jpg\"},{\"@type\":\"BreadcrumbList\",\"@id\":\"https:\\\/\\\/kaptanlarun.com\\\/iletisim\\\/#breadcrumb\",\"itemListElement\":[{\"@type\":\"ListItem\",\"position\":1,\"name\":\"Home\",\"item\":\"https:\\\/\\\/kaptanlarun.com\\\/\"},{\"@type\":\"ListItem\",\"position\":2,\"name\":\"\u0627\u0644\u0627\u062a\u0635\u0627\u0644\u0627\u062a\"}]},{\"@type\":\"WebSite\",\"@id\":\"https:\\\/\\\/kaptanlarun.com\\\/#website\",\"url\":\"https:\\\/\\\/kaptanlarun.com\\\/\",\"name\":\"Kaptanlar Un A.\u015e. - T\u00fcrkiye'nin Un Fabrikas\u0131 | \u00c7anakkale\",\"description\":\"kaptanlarun.com\",\"publisher\":{\"@id\":\"https:\\\/\\\/kaptanlarun.com\\\/#organization\"},\"potentialAction\":[{\"@type\":\"SearchAction\",\"target\":{\"@type\":\"EntryPoint\",\"urlTemplate\":\"https:\\\/\\\/kaptanlarun.com\\\/?s={search_term_string}\"},\"query-input\":{\"@type\":\"PropertyValueSpecification\",\"valueRequired\":true,\"valueName\":\"search_term_string\"}}],\"inLanguage\":\"ar\"},{\"@type\":\"Organization\",\"@id\":\"https:\\\/\\\/kaptanlarun.com\\\/#organization\",\"name\":\"Kaptanlar Un G\u0131da Enerji San. ve Tic. A.\u015e.\",\"url\":\"https:\\\/\\\/kaptanlarun.com\\\/\",\"logo\":{\"@type\":\"ImageObject\",\"inLanguage\":\"ar\",\"@id\":\"https:\\\/\\\/kaptanlarun.com\\\/#\\\/schema\\\/logo\\\/image\\\/\",\"url\":\"https:\\\/\\\/kaptanlarun.com\\\/wp-content\\\/uploads\\\/kaptanlar-un-retina-logo.png\",\"contentUrl\":\"https:\\\/\\\/kaptanlarun.com\\\/wp-content\\\/uploads\\\/kaptanlar-un-retina-logo.png\",\"width\":511,\"height\":188,\"caption\":\"Kaptanlar Un G\u0131da Enerji San. ve Tic. A.\u015e.\"},\"image\":{\"@id\":\"https:\\\/\\\/kaptanlarun.com\\\/#\\\/schema\\\/logo\\\/image\\\/\"},\"sameAs\":[\"https:\\\/\\\/www.facebook.com\\\/kaptanlarun\\\/\",\"https:\\\/\\\/x.com\\\/kaptanlarun\",\"https:\\\/\\\/www.instagram.com\\\/kaptanlarun\\\/\"]}]}<\/script>\n<!-- \/ Yoast SEO plugin. -->","yoast_head_json":{"title":"\u0627\u0644\u0627\u062a\u0635\u0627\u0644\u0627\u062a | Kaptanlar Un A.\u015e.","robots":{"index":"index","follow":"follow","max-snippet":"max-snippet:-1","max-image-preview":"max-image-preview:large","max-video-preview":"max-video-preview:-1"},"canonical":"https:\/\/kaptanlarun.com\/iletisim\/","og_locale":"ar_AR","og_type":"article","og_title":"\u0627\u0644\u0627\u062a\u0635\u0627\u0644\u0627\u062a | Kaptanlar Un A.\u015e.","og_description":"Kaptanlar Un | \u00c7anakkale \/ Biga &#8211; \u0130leti\u015fim BilgileriKaptanlar Un Olarak; Trakya B\u00f6lgesinin Bereketli Ovalar\u0131nda \u00dcretilen Bu\u011fdaylardan Elde Etti\u011fimiz Unlar\u0131 \u00c7anakkale&#8217;n\u0131n Biga \u0130l\u00e7esinden T\u00fcrkiye&#8217;nin Her Yerine [\u2026]","og_url":"https:\/\/kaptanlarun.com\/iletisim\/","og_site_name":"Kaptanlar Un A.\u015e.","article_publisher":"https:\/\/www.facebook.com\/kaptanlarun\/","article_modified_time":"2025-06-20T08:04:12+00:00","og_image":[{"url":"http:\/\/www.kaptanlarun.com\/wp-content\/uploads\/kaptanlar-un-iletisim-banner.jpg","type":"","width":"","height":""}],"twitter_card":"summary_large_image","twitter_site":"@kaptanlarun","twitter_misc":{"Est. reading time":"1 minute"},"schema":{"@context":"https:\/\/schema.org","@graph":[{"@type":"WebPage","@id":"https:\/\/kaptanlarun.com\/iletisim\/","url":"https:\/\/kaptanlarun.com\/iletisim\/","name":"\u0627\u0644\u0627\u062a\u0635\u0627\u0644\u0627\u062a | Kaptanlar Un A.\u015e.","isPartOf":{"@id":"https:\/\/kaptanlarun.com\/#website"},"primaryImageOfPage":{"@id":"https:\/\/kaptanlarun.com\/iletisim\/#primaryimage"},"image":{"@id":"https:\/\/kaptanlarun.com\/iletisim\/#primaryimage"},"thumbnailUrl":"http:\/\/www.kaptanlarun.com\/wp-content\/uploads\/kaptanlar-un-iletisim-banner.jpg","datePublished":"2014-11-19T12:21:49+00:00","dateModified":"2025-06-20T08:04:12+00:00","breadcrumb":{"@id":"https:\/\/kaptanlarun.com\/iletisim\/#breadcrumb"},"inLanguage":"ar","potentialAction":[{"@type":"ReadAction","target":["https:\/\/kaptanlarun.com\/iletisim\/"]}]},{"@type":"ImageObject","inLanguage":"ar","@id":"https:\/\/kaptanlarun.com\/iletisim\/#primaryimage","url":"http:\/\/www.kaptanlarun.com\/wp-content\/uploads\/kaptanlar-un-iletisim-banner.jpg","contentUrl":"http:\/\/www.kaptanlarun.com\/wp-content\/uploads\/kaptanlar-un-iletisim-banner.jpg"},{"@type":"BreadcrumbList","@id":"https:\/\/kaptanlarun.com\/iletisim\/#breadcrumb","itemListElement":[{"@type":"ListItem","position":1,"name":"Home","item":"https:\/\/kaptanlarun.com\/"},{"@type":"ListItem","position":2,"name":"\u0627\u0644\u0627\u062a\u0635\u0627\u0644\u0627\u062a"}]},{"@type":"WebSite","@id":"https:\/\/kaptanlarun.com\/#website","url":"https:\/\/kaptanlarun.com\/","name":"Kaptanlar Un A.\u015e. - T\u00fcrkiye'nin Un Fabrikas\u0131 | \u00c7anakkale","description":"kaptanlarun.com","publisher":{"@id":"https:\/\/kaptanlarun.com\/#organization"},"potentialAction":[{"@type":"SearchAction","target":{"@type":"EntryPoint","urlTemplate":"https:\/\/kaptanlarun.com\/?s={search_term_string}"},"query-input":{"@type":"PropertyValueSpecification","valueRequired":true,"valueName":"search_term_string"}}],"inLanguage":"ar"},{"@type":"Organization","@id":"https:\/\/kaptanlarun.com\/#organization","name":"Kaptanlar Un G\u0131da Enerji San. ve Tic. A.\u015e.","url":"https:\/\/kaptanlarun.com\/","logo":{"@type":"ImageObject","inLanguage":"ar","@id":"https:\/\/kaptanlarun.com\/#\/schema\/logo\/image\/","url":"https:\/\/kaptanlarun.com\/wp-content\/uploads\/kaptanlar-un-retina-logo.png","contentUrl":"https:\/\/kaptanlarun.com\/wp-content\/uploads\/kaptanlar-un-retina-logo.png","width":511,"height":188,"caption":"Kaptanlar Un G\u0131da Enerji San. ve Tic. A.\u015e."},"image":{"@id":"https:\/\/kaptanlarun.com\/#\/schema\/logo\/image\/"},"sameAs":["https:\/\/www.facebook.com\/kaptanlarun\/","https:\/\/x.com\/kaptanlarun","https:\/\/www.instagram.com\/kaptanlarun\/"]}]}},"_links":{"self":[{"href":"https:\/\/kaptanlarun.com\/ar\/wp-json\/wp\/v2\/pages\/2325","targetHints":{"allow":["GET"]}}],"collection":[{"href":"https:\/\/kaptanlarun.com\/ar\/wp-json\/wp\/v2\/pages"}],"about":[{"href":"https:\/\/kaptanlarun.com\/ar\/wp-json\/wp\/v2\/types\/page"}],"author":[{"embeddable":true,"href":"https:\/\/kaptanlarun.com\/ar\/wp-json\/wp\/v2\/users\/1"}],"replies":[{"embeddable":true,"href":"https:\/\/kaptanlarun.com\/ar\/wp-json\/wp\/v2\/comments?post=2325"}],"version-history":[{"count":1,"href":"https:\/\/kaptanlarun.com\/ar\/wp-json\/wp\/v2\/pages\/2325\/revisions"}],"predecessor-version":[{"id":2764,"href":"https:\/\/kaptanlarun.com\/ar\/wp-json\/wp\/v2\/pages\/2325\/revisions\/2764"}],"wp:attachment":[{"href":"https:\/\/kaptanlarun.com\/ar\/wp-json\/wp\/v2\/media?parent=2325"}],"curies":[{"name":"wp","href":"https:\/\/api.w.org\/{rel}","templated":true}]}}