{"id":2327,"date":"2019-10-14T23:10:53","date_gmt":"2019-10-14T20:10:53","guid":{"rendered":"https:\/\/kaptanlarun.com\/insan-kaynaklari\/"},"modified":"2025-06-20T10:37:16","modified_gmt":"2025-06-20T07:37:16","slug":"insan-kaynaklari","status":"publish","type":"page","link":"https:\/\/kaptanlarun.com\/ar\/insan-kaynaklari\/","title":{"rendered":"\u0627\u0644\u0645\u0648\u0627\u0631\u062f \u0627\u0644\u0628\u0634\u0631\u064a\u0629"},"content":{"rendered":"\n<p>\u0130nsan Kaynaklar\u0131<br>\u0130nsan Kaynaklar\u0131 Politikam\u0131z\u0131n temel amac\u0131; do\u011fru pozisyona do\u011fru adaylar\u0131n se\u00e7ilmesi i\u00e7in y\u0131l boyunca t\u00fcm \u00e7al\u0131\u015fmalar\u0131 s\u00fcrd\u00fcrerek, yenilik\u00e7i, geli\u015fime a\u00e7\u0131k, enerji y\u00fcksek, i\u015f ahlak\u0131n\u0131 ilke edinmi\u015f, m\u00fc\u015fterilerle ve i\u015f arkada\u015flar\u0131yla ileti\u015fimi en \u00fcst d\u00fczeyde tutan ki\u015fileri kurumumuzda istihdam etmektir.<br>icon<br>icon-briefcase<br><br><img decoding=\"async\" src=\"http:\/\/www.kaptanlarun.com\/wp-content\/uploads\/insan-kaynaklari.jpg\" alt=\"insan-kaynaklari\"><br><br>30<br>default<br><br>Aran\u0131lan pozisyonun kariyer sitelerinde veya farkl\u0131 mecralarda duyurulmas\u0131<br><br>2<br>Ba\u015fvurular\u0131n \u0130nsan Kaynaklar\u0131 Departman\u0131 taraf\u0131ndan titizlikle incelenmesi<br><br>3<br>Uygun g\u00f6r\u00fclen adaylar ile m\u00fclakat ger\u00e7ekle\u015ftirilmesi<br><br>default<br><br>4<br>Adaylar\u0131n hem \u0130nsan Kaynaklar\u0131 hem de y\u00f6neticiler taraf\u0131ndan de\u011ferlendirilmesi<br><br>5<br>Ba\u015far\u0131l\u0131 olan adaya i\u015f teklifi yap\u0131lmas\u0131<br><br>6<br>\u0130\u015f yerle\u015ftirme s\u00fcre\u00e7lerinin hukuka uygun bir \u015fekilde ba\u015flanmas\u0131<br><br><\/p>\n","protected":false},"excerpt":{"rendered":"<p>\u0130nsan Kaynaklar\u0131\u0130nsan Kaynaklar\u0131 Politikam\u0131z\u0131n temel amac\u0131; do\u011fru pozisyona do\u011fru adaylar\u0131n se\u00e7ilmesi i\u00e7in y\u0131l boyunca t\u00fcm \u00e7al\u0131\u015fmalar\u0131 s\u00fcrd\u00fcrerek, yenilik\u00e7i, geli\u015fime a\u00e7\u0131k, enerji y\u00fcksek, i\u015f ahlak\u0131n\u0131 ilke edinmi\u015f,<span class=\"excerpt-hellip\"> [\u2026]<\/span><\/p>\n","protected":false},"author":1,"featured_media":0,"parent":0,"menu_order":0,"comment_status":"closed","ping_status":"closed","template":"","meta":{"footnotes":""},"class_list":["post-2327","page","type-page","status-publish","hentry"],"yoast_head":"<!-- This site is optimized with the Yoast SEO plugin v27.3 - https:\/\/yoast.com\/product\/yoast-seo-wordpress\/ -->\n<title>\u0627\u0644\u0645\u0648\u0627\u0631\u062f \u0627\u0644\u0628\u0634\u0631\u064a\u0629 | Kaptanlar Un A.\u015e.<\/title>\n<meta name=\"robots\" content=\"index, follow, max-snippet:-1, max-image-preview:large, max-video-preview:-1\" \/>\n<link rel=\"canonical\" href=\"https:\/\/kaptanlarun.com\/insan-kaynaklari\/\" \/>\n<meta property=\"og:locale\" content=\"ar_AR\" \/>\n<meta property=\"og:type\" content=\"article\" \/>\n<meta property=\"og:title\" content=\"\u0627\u0644\u0645\u0648\u0627\u0631\u062f \u0627\u0644\u0628\u0634\u0631\u064a\u0629 | Kaptanlar Un A.\u015e.\" \/>\n<meta property=\"og:description\" content=\"\u0130nsan Kaynaklar\u0131\u0130nsan Kaynaklar\u0131 Politikam\u0131z\u0131n temel amac\u0131; do\u011fru pozisyona do\u011fru adaylar\u0131n se\u00e7ilmesi i\u00e7in y\u0131l boyunca t\u00fcm \u00e7al\u0131\u015fmalar\u0131 s\u00fcrd\u00fcrerek, yenilik\u00e7i, geli\u015fime a\u00e7\u0131k, enerji y\u00fcksek, i\u015f ahlak\u0131n\u0131 ilke edinmi\u015f, [\u2026]\" \/>\n<meta property=\"og:url\" content=\"https:\/\/kaptanlarun.com\/insan-kaynaklari\/\" \/>\n<meta property=\"og:site_name\" content=\"Kaptanlar Un A.\u015e.\" \/>\n<meta property=\"article:publisher\" content=\"https:\/\/www.facebook.com\/kaptanlarun\/\" \/>\n<meta property=\"article:modified_time\" content=\"2025-06-20T07:37:16+00:00\" \/>\n<meta property=\"og:image\" content=\"http:\/\/www.kaptanlarun.com\/wp-content\/uploads\/insan-kaynaklari.jpg\" \/>\n<meta name=\"twitter:card\" content=\"summary_large_image\" \/>\n<meta name=\"twitter:site\" content=\"@kaptanlarun\" \/>\n<meta name=\"twitter:label1\" content=\"Est. reading time\" \/>\n\t<meta name=\"twitter:data1\" content=\"1 minute\" \/>\n<script type=\"application\/ld+json\" class=\"yoast-schema-graph\">{\"@context\":\"https:\\\/\\\/schema.org\",\"@graph\":[{\"@type\":\"WebPage\",\"@id\":\"https:\\\/\\\/kaptanlarun.com\\\/insan-kaynaklari\\\/\",\"url\":\"https:\\\/\\\/kaptanlarun.com\\\/insan-kaynaklari\\\/\",\"name\":\"\u0627\u0644\u0645\u0648\u0627\u0631\u062f \u0627\u0644\u0628\u0634\u0631\u064a\u0629 | Kaptanlar Un A.\u015e.\",\"isPartOf\":{\"@id\":\"https:\\\/\\\/kaptanlarun.com\\\/#website\"},\"primaryImageOfPage\":{\"@id\":\"https:\\\/\\\/kaptanlarun.com\\\/insan-kaynaklari\\\/#primaryimage\"},\"image\":{\"@id\":\"https:\\\/\\\/kaptanlarun.com\\\/insan-kaynaklari\\\/#primaryimage\"},\"thumbnailUrl\":\"http:\\\/\\\/www.kaptanlarun.com\\\/wp-content\\\/uploads\\\/insan-kaynaklari.jpg\",\"datePublished\":\"2019-10-14T20:10:53+00:00\",\"dateModified\":\"2025-06-20T07:37:16+00:00\",\"breadcrumb\":{\"@id\":\"https:\\\/\\\/kaptanlarun.com\\\/insan-kaynaklari\\\/#breadcrumb\"},\"inLanguage\":\"ar\",\"potentialAction\":[{\"@type\":\"ReadAction\",\"target\":[\"https:\\\/\\\/kaptanlarun.com\\\/insan-kaynaklari\\\/\"]}]},{\"@type\":\"ImageObject\",\"inLanguage\":\"ar\",\"@id\":\"https:\\\/\\\/kaptanlarun.com\\\/insan-kaynaklari\\\/#primaryimage\",\"url\":\"http:\\\/\\\/www.kaptanlarun.com\\\/wp-content\\\/uploads\\\/insan-kaynaklari.jpg\",\"contentUrl\":\"http:\\\/\\\/www.kaptanlarun.com\\\/wp-content\\\/uploads\\\/insan-kaynaklari.jpg\"},{\"@type\":\"BreadcrumbList\",\"@id\":\"https:\\\/\\\/kaptanlarun.com\\\/insan-kaynaklari\\\/#breadcrumb\",\"itemListElement\":[{\"@type\":\"ListItem\",\"position\":1,\"name\":\"Home\",\"item\":\"https:\\\/\\\/kaptanlarun.com\\\/\"},{\"@type\":\"ListItem\",\"position\":2,\"name\":\"\u0627\u0644\u0645\u0648\u0627\u0631\u062f \u0627\u0644\u0628\u0634\u0631\u064a\u0629\"}]},{\"@type\":\"WebSite\",\"@id\":\"https:\\\/\\\/kaptanlarun.com\\\/#website\",\"url\":\"https:\\\/\\\/kaptanlarun.com\\\/\",\"name\":\"Kaptanlar Un A.\u015e. - T\u00fcrkiye'nin Un Fabrikas\u0131 | \u00c7anakkale\",\"description\":\"kaptanlarun.com\",\"publisher\":{\"@id\":\"https:\\\/\\\/kaptanlarun.com\\\/#organization\"},\"potentialAction\":[{\"@type\":\"SearchAction\",\"target\":{\"@type\":\"EntryPoint\",\"urlTemplate\":\"https:\\\/\\\/kaptanlarun.com\\\/?s={search_term_string}\"},\"query-input\":{\"@type\":\"PropertyValueSpecification\",\"valueRequired\":true,\"valueName\":\"search_term_string\"}}],\"inLanguage\":\"ar\"},{\"@type\":\"Organization\",\"@id\":\"https:\\\/\\\/kaptanlarun.com\\\/#organization\",\"name\":\"Kaptanlar Un G\u0131da Enerji San. ve Tic. A.\u015e.\",\"url\":\"https:\\\/\\\/kaptanlarun.com\\\/\",\"logo\":{\"@type\":\"ImageObject\",\"inLanguage\":\"ar\",\"@id\":\"https:\\\/\\\/kaptanlarun.com\\\/#\\\/schema\\\/logo\\\/image\\\/\",\"url\":\"https:\\\/\\\/kaptanlarun.com\\\/wp-content\\\/uploads\\\/kaptanlar-un-retina-logo.png\",\"contentUrl\":\"https:\\\/\\\/kaptanlarun.com\\\/wp-content\\\/uploads\\\/kaptanlar-un-retina-logo.png\",\"width\":511,\"height\":188,\"caption\":\"Kaptanlar Un G\u0131da Enerji San. ve Tic. A.\u015e.\"},\"image\":{\"@id\":\"https:\\\/\\\/kaptanlarun.com\\\/#\\\/schema\\\/logo\\\/image\\\/\"},\"sameAs\":[\"https:\\\/\\\/www.facebook.com\\\/kaptanlarun\\\/\",\"https:\\\/\\\/x.com\\\/kaptanlarun\",\"https:\\\/\\\/www.instagram.com\\\/kaptanlarun\\\/\"]}]}<\/script>\n<!-- \/ Yoast SEO plugin. -->","yoast_head_json":{"title":"\u0627\u0644\u0645\u0648\u0627\u0631\u062f \u0627\u0644\u0628\u0634\u0631\u064a\u0629 | Kaptanlar Un A.\u015e.","robots":{"index":"index","follow":"follow","max-snippet":"max-snippet:-1","max-image-preview":"max-image-preview:large","max-video-preview":"max-video-preview:-1"},"canonical":"https:\/\/kaptanlarun.com\/insan-kaynaklari\/","og_locale":"ar_AR","og_type":"article","og_title":"\u0627\u0644\u0645\u0648\u0627\u0631\u062f \u0627\u0644\u0628\u0634\u0631\u064a\u0629 | Kaptanlar Un A.\u015e.","og_description":"\u0130nsan Kaynaklar\u0131\u0130nsan Kaynaklar\u0131 Politikam\u0131z\u0131n temel amac\u0131; do\u011fru pozisyona do\u011fru adaylar\u0131n se\u00e7ilmesi i\u00e7in y\u0131l boyunca t\u00fcm \u00e7al\u0131\u015fmalar\u0131 s\u00fcrd\u00fcrerek, yenilik\u00e7i, geli\u015fime a\u00e7\u0131k, enerji y\u00fcksek, i\u015f ahlak\u0131n\u0131 ilke edinmi\u015f, [\u2026]","og_url":"https:\/\/kaptanlarun.com\/insan-kaynaklari\/","og_site_name":"Kaptanlar Un A.\u015e.","article_publisher":"https:\/\/www.facebook.com\/kaptanlarun\/","article_modified_time":"2025-06-20T07:37:16+00:00","og_image":[{"url":"http:\/\/www.kaptanlarun.com\/wp-content\/uploads\/insan-kaynaklari.jpg","type":"","width":"","height":""}],"twitter_card":"summary_large_image","twitter_site":"@kaptanlarun","twitter_misc":{"Est. reading time":"1 minute"},"schema":{"@context":"https:\/\/schema.org","@graph":[{"@type":"WebPage","@id":"https:\/\/kaptanlarun.com\/insan-kaynaklari\/","url":"https:\/\/kaptanlarun.com\/insan-kaynaklari\/","name":"\u0627\u0644\u0645\u0648\u0627\u0631\u062f \u0627\u0644\u0628\u0634\u0631\u064a\u0629 | Kaptanlar Un A.\u015e.","isPartOf":{"@id":"https:\/\/kaptanlarun.com\/#website"},"primaryImageOfPage":{"@id":"https:\/\/kaptanlarun.com\/insan-kaynaklari\/#primaryimage"},"image":{"@id":"https:\/\/kaptanlarun.com\/insan-kaynaklari\/#primaryimage"},"thumbnailUrl":"http:\/\/www.kaptanlarun.com\/wp-content\/uploads\/insan-kaynaklari.jpg","datePublished":"2019-10-14T20:10:53+00:00","dateModified":"2025-06-20T07:37:16+00:00","breadcrumb":{"@id":"https:\/\/kaptanlarun.com\/insan-kaynaklari\/#breadcrumb"},"inLanguage":"ar","potentialAction":[{"@type":"ReadAction","target":["https:\/\/kaptanlarun.com\/insan-kaynaklari\/"]}]},{"@type":"ImageObject","inLanguage":"ar","@id":"https:\/\/kaptanlarun.com\/insan-kaynaklari\/#primaryimage","url":"http:\/\/www.kaptanlarun.com\/wp-content\/uploads\/insan-kaynaklari.jpg","contentUrl":"http:\/\/www.kaptanlarun.com\/wp-content\/uploads\/insan-kaynaklari.jpg"},{"@type":"BreadcrumbList","@id":"https:\/\/kaptanlarun.com\/insan-kaynaklari\/#breadcrumb","itemListElement":[{"@type":"ListItem","position":1,"name":"Home","item":"https:\/\/kaptanlarun.com\/"},{"@type":"ListItem","position":2,"name":"\u0627\u0644\u0645\u0648\u0627\u0631\u062f \u0627\u0644\u0628\u0634\u0631\u064a\u0629"}]},{"@type":"WebSite","@id":"https:\/\/kaptanlarun.com\/#website","url":"https:\/\/kaptanlarun.com\/","name":"Kaptanlar Un A.\u015e. - T\u00fcrkiye'nin Un Fabrikas\u0131 | \u00c7anakkale","description":"kaptanlarun.com","publisher":{"@id":"https:\/\/kaptanlarun.com\/#organization"},"potentialAction":[{"@type":"SearchAction","target":{"@type":"EntryPoint","urlTemplate":"https:\/\/kaptanlarun.com\/?s={search_term_string}"},"query-input":{"@type":"PropertyValueSpecification","valueRequired":true,"valueName":"search_term_string"}}],"inLanguage":"ar"},{"@type":"Organization","@id":"https:\/\/kaptanlarun.com\/#organization","name":"Kaptanlar Un G\u0131da Enerji San. ve Tic. A.\u015e.","url":"https:\/\/kaptanlarun.com\/","logo":{"@type":"ImageObject","inLanguage":"ar","@id":"https:\/\/kaptanlarun.com\/#\/schema\/logo\/image\/","url":"https:\/\/kaptanlarun.com\/wp-content\/uploads\/kaptanlar-un-retina-logo.png","contentUrl":"https:\/\/kaptanlarun.com\/wp-content\/uploads\/kaptanlar-un-retina-logo.png","width":511,"height":188,"caption":"Kaptanlar Un G\u0131da Enerji San. ve Tic. A.\u015e."},"image":{"@id":"https:\/\/kaptanlarun.com\/#\/schema\/logo\/image\/"},"sameAs":["https:\/\/www.facebook.com\/kaptanlarun\/","https:\/\/x.com\/kaptanlarun","https:\/\/www.instagram.com\/kaptanlarun\/"]}]}},"_links":{"self":[{"href":"https:\/\/kaptanlarun.com\/ar\/wp-json\/wp\/v2\/pages\/2327","targetHints":{"allow":["GET"]}}],"collection":[{"href":"https:\/\/kaptanlarun.com\/ar\/wp-json\/wp\/v2\/pages"}],"about":[{"href":"https:\/\/kaptanlarun.com\/ar\/wp-json\/wp\/v2\/types\/page"}],"author":[{"embeddable":true,"href":"https:\/\/kaptanlarun.com\/ar\/wp-json\/wp\/v2\/users\/1"}],"replies":[{"embeddable":true,"href":"https:\/\/kaptanlarun.com\/ar\/wp-json\/wp\/v2\/comments?post=2327"}],"version-history":[{"count":1,"href":"https:\/\/kaptanlarun.com\/ar\/wp-json\/wp\/v2\/pages\/2327\/revisions"}],"predecessor-version":[{"id":2759,"href":"https:\/\/kaptanlarun.com\/ar\/wp-json\/wp\/v2\/pages\/2327\/revisions\/2759"}],"wp:attachment":[{"href":"https:\/\/kaptanlarun.com\/ar\/wp-json\/wp\/v2\/media?parent=2327"}],"curies":[{"name":"wp","href":"https:\/\/api.w.org\/{rel}","templated":true}]}}