{"id":2335,"date":"2021-02-14T23:00:42","date_gmt":"2021-02-14T20:00:42","guid":{"rendered":"https:\/\/kaptanlarun.com\/simit-ve-pidelik-unlar\/"},"modified":"2025-06-20T10:59:40","modified_gmt":"2025-06-20T07:59:40","slug":"simit-ve-pidelik-unlar","status":"publish","type":"page","link":"https:\/\/kaptanlarun.com\/ar\/simit-ve-pidelik-unlar\/","title":{"rendered":"Simit ve Pidelik Unlar"},"content":{"rendered":"\n<p><\/p>\n\n<p>\n<br\/><\/p><h2>Simit ve Pidelik Unlar<\/h2>&#13;<br\/>&#13;<br\/>&#13;<br\/><div class=\"image_frame image_item no_link scale-with-grid element_classes aligncenter no_border mfn-img-box\" ><div class=\"image_wrapper\"><img decoding=\"async\" class=\"scale-with-grid\" src=\"http:\/\/www.kaptanlarun.com\/wp-content\/uploads\/simit.png\" fetchpriority=\"high\" alt=\"Simit ve Pidelik Unlar\" title=\"\" width=\"\" height=\"\" style=\"\"\/><\/div><\/div>\n&#13;<br\/><br\/>Category<br\/>no-repeat;center top;;<br\/>auto<br\/><br\/>T\u00fcrk mutfa\u011f\u0131n\u0131n vazge\u00e7ilmezleri olan simit ve pide i\u00e7in \u00f6zel olarak \u00fcretilen simit ve pidelik unlar; lezzet dolu bir maceraya kap\u0131 aralar. Hamur yap\u0131m\u0131nda sundu\u011fu y\u00fcksek performansla hemen her hamur ustas\u0131n\u0131n tercihi olan bu \u00fcr\u00fcn, lezzet ve besleyicili\u011fi sayesinde de dikkat \u00e7eker.<br\/>Desc<br\/>no-repeat;center top;;<br\/>auto<br\/><br\/><img decoding=\"async\" src=\"https:\/\/kaptanlarun.com\/wp-content\/uploads\/KIRMIZI-PI&#x307;DELI&#x307;K-50KG.png\" alt=\"KIRMIZI PI&#x307;DELI&#x307;K 50KG\"\/><br\/>https:\/\/kaptanlarun.com\/wp-content\/uploads\/kirimizipidelik.png<br\/><a href=\"http:\/\/www.kaptanlarun.com\/un-turleri\/kirmizi-un\/\">http:\/\/www.kaptanlarun.com\/un-turleri\/kirmizi-un\/<\/a><br\/><br\/><img decoding=\"async\" src=\"https:\/\/kaptanlarun.com\/wp-content\/uploads\/lu&#x308;ks-simitlikun50kg.png\" alt=\"lu&#x308;ks simitlikun50kg\"\/><br\/>http:\/\/www.kaptanlarun.com\/wp-content\/uploads\/kaptanlar-luks-simitlik-un-logo.png<br\/><a href=\"http:\/\/www.kaptanlarun.com\/un-turleri\/simitlik-un\/\">http:\/\/www.kaptanlarun.com\/un-turleri\/simitlik-un\/<\/a><br\/><br\/><img decoding=\"async\" src=\"https:\/\/kaptanlarun.com\/wp-content\/uploads\/yo&#x308;remsimitlikun50kg-1.png\" alt=\"yo&#x308;remsimitlikun50kg (1)\"\/><br\/>http:\/\/www.kaptanlarun.com\/wp-content\/uploads\/kaptanlar-yorem-simitlik-un-logo.png<br\/><a href=\"http:\/\/www.kaptanlarun.com\/un-turleri\/yorem-simitlik-un\/\">http:\/\/www.kaptanlarun.com\/un-turleri\/yorem-simitlik-un\/<\/a><br\/><br\/><img decoding=\"async\" src=\"https:\/\/kaptanlarun.com\/wp-content\/uploads\/lavas&#x327;likun50kg.png\" alt=\"lavas&#x327;l&#x131;kun50kg\"\/><br\/>http:\/\/www.kaptanlarun.com\/wp-content\/uploads\/kaptanlar-lavaslik-un-logo.png<br\/><a href=\"http:\/\/www.kaptanlarun.com\/un-turleri\/lavaslik-un\/\">http:\/\/www.kaptanlarun.com\/un-turleri\/lavaslik-un\/<\/a><br\/><br\/><h5>\u00dcretim teknikleri, un kalitesi ve di\u011fer b\u00fct\u00fcn detaylar simit ve pidelik unlar i\u00e7in ay\u0131rt edicidir. Bu un grubunun di\u011fer \u00f6zellikleri ise a\u015fa\u011f\u0131daki gibidir.&#13;<br\/>&#13;<br\/>&#13;<br\/>Esnekli\u011fi sayesinde \u00e7ok kolay bir \u015fekilde i\u015flenir,&#13;<br\/>Lezzet ve aroma verme konusunda ba\u015far\u0131l\u0131d\u0131r,&#13;<br\/>Besleyici de\u011feri y\u00fcksektir,&#13;<br\/>Su kald\u0131rabilme \u00f6zelli\u011finin y\u00fcksek olmas\u0131 sayesinde y\u00fcksek say\u0131da \u00fcr\u00fcn al\u0131nmas\u0131n\u0131 sa\u011flar,&#13;<br\/>Kolay kolay y\u0131rt\u0131lmayan yap\u0131da hamur \u00fcretimine olanak sa\u011flar.&#13;<br\/>&#13;<br\/>Lezzeti simit ve pidenin hamurunda yakalamak isteyenlere simit ve pidelik un ile \u00e7\u00f6z\u00fcm sunuyoruz!&#13;<br\/><\/h5><br\/>Profesyonel Unlar<br\/>no-repeat;left top;;<br\/>auto<br\/><br\/>\n","protected":false},"excerpt":{"rendered":"<p>Simit ve Pidelik Unlar &#13;&#13;&#13;&#13; Categoryno-repeat;center top;;auto T\u00fcrk mutfa\u011f\u0131n\u0131n vazge\u00e7ilmezleri olan simit ve pide i\u00e7in \u00f6zel olarak \u00fcretilen simit ve pidelik unlar; lezzet dolu bir maceraya<span class=\"excerpt-hellip\"> [\u2026]<\/span><\/p>\n","protected":false},"author":1,"featured_media":0,"parent":0,"menu_order":0,"comment_status":"closed","ping_status":"closed","template":"","meta":{"footnotes":""},"class_list":["post-2335","page","type-page","status-publish","hentry"],"yoast_head":"<!-- This site is optimized with the Yoast SEO plugin v27.3 - https:\/\/yoast.com\/product\/yoast-seo-wordpress\/ -->\n<title>Simit ve Pidelik Unlar | Kaptanlar Un A.\u015e.<\/title>\n<meta name=\"robots\" content=\"index, follow, max-snippet:-1, max-image-preview:large, max-video-preview:-1\" \/>\n<link rel=\"canonical\" href=\"https:\/\/kaptanlarun.com\/simit-ve-pidelik-unlar\/\" \/>\n<meta property=\"og:locale\" content=\"ar_AR\" \/>\n<meta property=\"og:type\" content=\"article\" \/>\n<meta property=\"og:title\" content=\"Simit ve Pidelik Unlar | Kaptanlar Un A.\u015e.\" \/>\n<meta property=\"og:description\" content=\"Simit ve Pidelik Unlar &#013;&#013;&#013;&#013; Categoryno-repeat;center top;;auto T\u00fcrk mutfa\u011f\u0131n\u0131n vazge\u00e7ilmezleri olan simit ve pide i\u00e7in \u00f6zel olarak \u00fcretilen simit ve pidelik unlar; lezzet dolu bir maceraya [\u2026]\" \/>\n<meta property=\"og:url\" content=\"https:\/\/kaptanlarun.com\/simit-ve-pidelik-unlar\/\" \/>\n<meta property=\"og:site_name\" content=\"Kaptanlar Un A.\u015e.\" \/>\n<meta property=\"article:publisher\" content=\"https:\/\/www.facebook.com\/kaptanlarun\/\" \/>\n<meta property=\"article:modified_time\" content=\"2025-06-20T07:59:40+00:00\" \/>\n<meta property=\"og:image\" content=\"https:\/\/kaptanlarun.com\/wp-content\/uploads\/KIRMIZI-PI&#x307;DELI&#x307;K-50KG.png\" \/>\n<meta name=\"twitter:card\" content=\"summary_large_image\" \/>\n<meta name=\"twitter:site\" content=\"@kaptanlarun\" \/>\n<meta name=\"twitter:label1\" content=\"Est. reading time\" \/>\n\t<meta name=\"twitter:data1\" content=\"1 minute\" \/>\n<script type=\"application\/ld+json\" class=\"yoast-schema-graph\">{\"@context\":\"https:\\\/\\\/schema.org\",\"@graph\":[{\"@type\":\"WebPage\",\"@id\":\"https:\\\/\\\/kaptanlarun.com\\\/simit-ve-pidelik-unlar\\\/\",\"url\":\"https:\\\/\\\/kaptanlarun.com\\\/simit-ve-pidelik-unlar\\\/\",\"name\":\"Simit ve Pidelik Unlar | Kaptanlar Un A.\u015e.\",\"isPartOf\":{\"@id\":\"https:\\\/\\\/kaptanlarun.com\\\/#website\"},\"primaryImageOfPage\":{\"@id\":\"https:\\\/\\\/kaptanlarun.com\\\/simit-ve-pidelik-unlar\\\/#primaryimage\"},\"image\":{\"@id\":\"https:\\\/\\\/kaptanlarun.com\\\/simit-ve-pidelik-unlar\\\/#primaryimage\"},\"thumbnailUrl\":\"https:\\\/\\\/kaptanlarun.com\\\/wp-content\\\/uploads\\\/KIRMIZI-PI&#x307;DELI&#x307;K-50KG.png\",\"datePublished\":\"2021-02-14T20:00:42+00:00\",\"dateModified\":\"2025-06-20T07:59:40+00:00\",\"breadcrumb\":{\"@id\":\"https:\\\/\\\/kaptanlarun.com\\\/simit-ve-pidelik-unlar\\\/#breadcrumb\"},\"inLanguage\":\"ar\",\"potentialAction\":[{\"@type\":\"ReadAction\",\"target\":[\"https:\\\/\\\/kaptanlarun.com\\\/simit-ve-pidelik-unlar\\\/\"]}]},{\"@type\":\"ImageObject\",\"inLanguage\":\"ar\",\"@id\":\"https:\\\/\\\/kaptanlarun.com\\\/simit-ve-pidelik-unlar\\\/#primaryimage\",\"url\":\"https:\\\/\\\/kaptanlarun.com\\\/wp-content\\\/uploads\\\/KIRMIZI-PI&#x307;DELI&#x307;K-50KG.png\",\"contentUrl\":\"https:\\\/\\\/kaptanlarun.com\\\/wp-content\\\/uploads\\\/KIRMIZI-PI&#x307;DELI&#x307;K-50KG.png\"},{\"@type\":\"BreadcrumbList\",\"@id\":\"https:\\\/\\\/kaptanlarun.com\\\/simit-ve-pidelik-unlar\\\/#breadcrumb\",\"itemListElement\":[{\"@type\":\"ListItem\",\"position\":1,\"name\":\"Home\",\"item\":\"https:\\\/\\\/kaptanlarun.com\\\/\"},{\"@type\":\"ListItem\",\"position\":2,\"name\":\"Simit ve Pidelik Unlar\"}]},{\"@type\":\"WebSite\",\"@id\":\"https:\\\/\\\/kaptanlarun.com\\\/#website\",\"url\":\"https:\\\/\\\/kaptanlarun.com\\\/\",\"name\":\"Kaptanlar Un A.\u015e. - T\u00fcrkiye'nin Un Fabrikas\u0131 | \u00c7anakkale\",\"description\":\"kaptanlarun.com\",\"publisher\":{\"@id\":\"https:\\\/\\\/kaptanlarun.com\\\/#organization\"},\"potentialAction\":[{\"@type\":\"SearchAction\",\"target\":{\"@type\":\"EntryPoint\",\"urlTemplate\":\"https:\\\/\\\/kaptanlarun.com\\\/?s={search_term_string}\"},\"query-input\":{\"@type\":\"PropertyValueSpecification\",\"valueRequired\":true,\"valueName\":\"search_term_string\"}}],\"inLanguage\":\"ar\"},{\"@type\":\"Organization\",\"@id\":\"https:\\\/\\\/kaptanlarun.com\\\/#organization\",\"name\":\"Kaptanlar Un G\u0131da Enerji San. ve Tic. A.\u015e.\",\"url\":\"https:\\\/\\\/kaptanlarun.com\\\/\",\"logo\":{\"@type\":\"ImageObject\",\"inLanguage\":\"ar\",\"@id\":\"https:\\\/\\\/kaptanlarun.com\\\/#\\\/schema\\\/logo\\\/image\\\/\",\"url\":\"https:\\\/\\\/kaptanlarun.com\\\/wp-content\\\/uploads\\\/kaptanlar-un-retina-logo.png\",\"contentUrl\":\"https:\\\/\\\/kaptanlarun.com\\\/wp-content\\\/uploads\\\/kaptanlar-un-retina-logo.png\",\"width\":511,\"height\":188,\"caption\":\"Kaptanlar Un G\u0131da Enerji San. ve Tic. A.\u015e.\"},\"image\":{\"@id\":\"https:\\\/\\\/kaptanlarun.com\\\/#\\\/schema\\\/logo\\\/image\\\/\"},\"sameAs\":[\"https:\\\/\\\/www.facebook.com\\\/kaptanlarun\\\/\",\"https:\\\/\\\/x.com\\\/kaptanlarun\",\"https:\\\/\\\/www.instagram.com\\\/kaptanlarun\\\/\"]}]}<\/script>\n<!-- \/ Yoast SEO plugin. -->","yoast_head_json":{"title":"Simit ve Pidelik Unlar | Kaptanlar Un A.\u015e.","robots":{"index":"index","follow":"follow","max-snippet":"max-snippet:-1","max-image-preview":"max-image-preview:large","max-video-preview":"max-video-preview:-1"},"canonical":"https:\/\/kaptanlarun.com\/simit-ve-pidelik-unlar\/","og_locale":"ar_AR","og_type":"article","og_title":"Simit ve Pidelik Unlar | Kaptanlar Un A.\u015e.","og_description":"Simit ve Pidelik Unlar &#13;&#13;&#13;&#13; Categoryno-repeat;center top;;auto T\u00fcrk mutfa\u011f\u0131n\u0131n vazge\u00e7ilmezleri olan simit ve pide i\u00e7in \u00f6zel olarak \u00fcretilen simit ve pidelik unlar; lezzet dolu bir maceraya [\u2026]","og_url":"https:\/\/kaptanlarun.com\/simit-ve-pidelik-unlar\/","og_site_name":"Kaptanlar Un A.\u015e.","article_publisher":"https:\/\/www.facebook.com\/kaptanlarun\/","article_modified_time":"2025-06-20T07:59:40+00:00","og_image":[{"url":"https:\/\/kaptanlarun.com\/wp-content\/uploads\/KIRMIZI-PI&#x307;DELI&#x307;K-50KG.png","type":"","width":"","height":""}],"twitter_card":"summary_large_image","twitter_site":"@kaptanlarun","twitter_misc":{"Est. reading time":"1 minute"},"schema":{"@context":"https:\/\/schema.org","@graph":[{"@type":"WebPage","@id":"https:\/\/kaptanlarun.com\/simit-ve-pidelik-unlar\/","url":"https:\/\/kaptanlarun.com\/simit-ve-pidelik-unlar\/","name":"Simit ve Pidelik Unlar | Kaptanlar Un A.\u015e.","isPartOf":{"@id":"https:\/\/kaptanlarun.com\/#website"},"primaryImageOfPage":{"@id":"https:\/\/kaptanlarun.com\/simit-ve-pidelik-unlar\/#primaryimage"},"image":{"@id":"https:\/\/kaptanlarun.com\/simit-ve-pidelik-unlar\/#primaryimage"},"thumbnailUrl":"https:\/\/kaptanlarun.com\/wp-content\/uploads\/KIRMIZI-PI&#x307;DELI&#x307;K-50KG.png","datePublished":"2021-02-14T20:00:42+00:00","dateModified":"2025-06-20T07:59:40+00:00","breadcrumb":{"@id":"https:\/\/kaptanlarun.com\/simit-ve-pidelik-unlar\/#breadcrumb"},"inLanguage":"ar","potentialAction":[{"@type":"ReadAction","target":["https:\/\/kaptanlarun.com\/simit-ve-pidelik-unlar\/"]}]},{"@type":"ImageObject","inLanguage":"ar","@id":"https:\/\/kaptanlarun.com\/simit-ve-pidelik-unlar\/#primaryimage","url":"https:\/\/kaptanlarun.com\/wp-content\/uploads\/KIRMIZI-PI&#x307;DELI&#x307;K-50KG.png","contentUrl":"https:\/\/kaptanlarun.com\/wp-content\/uploads\/KIRMIZI-PI&#x307;DELI&#x307;K-50KG.png"},{"@type":"BreadcrumbList","@id":"https:\/\/kaptanlarun.com\/simit-ve-pidelik-unlar\/#breadcrumb","itemListElement":[{"@type":"ListItem","position":1,"name":"Home","item":"https:\/\/kaptanlarun.com\/"},{"@type":"ListItem","position":2,"name":"Simit ve Pidelik Unlar"}]},{"@type":"WebSite","@id":"https:\/\/kaptanlarun.com\/#website","url":"https:\/\/kaptanlarun.com\/","name":"Kaptanlar Un A.\u015e. - T\u00fcrkiye'nin Un Fabrikas\u0131 | \u00c7anakkale","description":"kaptanlarun.com","publisher":{"@id":"https:\/\/kaptanlarun.com\/#organization"},"potentialAction":[{"@type":"SearchAction","target":{"@type":"EntryPoint","urlTemplate":"https:\/\/kaptanlarun.com\/?s={search_term_string}"},"query-input":{"@type":"PropertyValueSpecification","valueRequired":true,"valueName":"search_term_string"}}],"inLanguage":"ar"},{"@type":"Organization","@id":"https:\/\/kaptanlarun.com\/#organization","name":"Kaptanlar Un G\u0131da Enerji San. ve Tic. A.\u015e.","url":"https:\/\/kaptanlarun.com\/","logo":{"@type":"ImageObject","inLanguage":"ar","@id":"https:\/\/kaptanlarun.com\/#\/schema\/logo\/image\/","url":"https:\/\/kaptanlarun.com\/wp-content\/uploads\/kaptanlar-un-retina-logo.png","contentUrl":"https:\/\/kaptanlarun.com\/wp-content\/uploads\/kaptanlar-un-retina-logo.png","width":511,"height":188,"caption":"Kaptanlar Un G\u0131da Enerji San. ve Tic. A.\u015e."},"image":{"@id":"https:\/\/kaptanlarun.com\/#\/schema\/logo\/image\/"},"sameAs":["https:\/\/www.facebook.com\/kaptanlarun\/","https:\/\/x.com\/kaptanlarun","https:\/\/www.instagram.com\/kaptanlarun\/"]}]}},"_links":{"self":[{"href":"https:\/\/kaptanlarun.com\/ar\/wp-json\/wp\/v2\/pages\/2335","targetHints":{"allow":["GET"]}}],"collection":[{"href":"https:\/\/kaptanlarun.com\/ar\/wp-json\/wp\/v2\/pages"}],"about":[{"href":"https:\/\/kaptanlarun.com\/ar\/wp-json\/wp\/v2\/types\/page"}],"author":[{"embeddable":true,"href":"https:\/\/kaptanlarun.com\/ar\/wp-json\/wp\/v2\/users\/1"}],"replies":[{"embeddable":true,"href":"https:\/\/kaptanlarun.com\/ar\/wp-json\/wp\/v2\/comments?post=2335"}],"version-history":[{"count":1,"href":"https:\/\/kaptanlarun.com\/ar\/wp-json\/wp\/v2\/pages\/2335\/revisions"}],"predecessor-version":[{"id":2762,"href":"https:\/\/kaptanlarun.com\/ar\/wp-json\/wp\/v2\/pages\/2335\/revisions\/2762"}],"wp:attachment":[{"href":"https:\/\/kaptanlarun.com\/ar\/wp-json\/wp\/v2\/media?parent=2335"}],"curies":[{"name":"wp","href":"https:\/\/api.w.org\/{rel}","templated":true}]}}