{"id":1808,"date":"2021-02-26T23:33:29","date_gmt":"2021-02-26T20:33:29","guid":{"rendered":"https:\/\/kaptanlarun.com\/70ler-tam-bugday-unu-ekmegi\/"},"modified":"2021-02-26T23:33:29","modified_gmt":"2021-02-26T20:33:29","slug":"70ler-tam-bugday-unu-ekmegi","status":"publish","type":"page","link":"https:\/\/kaptanlarun.com\/en\/70ler-tam-bugday-unu-ekmegi\/","title":{"rendered":"70&#8217;ler Tam Bu\u011fday Unu Ekme\u011fi"},"content":{"rendered":"\n<p>70&#8217;ler Tam Bu\u011fday Unu Ekme\u011fi<br><\/p><h4>70&#8217;ler Tam Bu\u011fday Ekme\u011fi Kaptanlar Un A.\u015e. G\u00fcvencesiyle Katk\u0131s\u0131z ve Do\u011fal 70&#8217;ler Tam Bu\u011fday Unundan \u00dcretilmektedir.<\/h4><br>line<br>\u00d6zel \u00c7ekim<br><br><img decoding=\"async\" src=\"https:\/\/kaptanlarun.com\/wp-content\/uploads\/kaptanlarun-70ler-tam-bugday-unu-ekmegi.jpeg\" alt=\"kaptanlarun-70ler-tam-bugday-unu-ekmegi\"><br>full<br><br>785,784,783<br>3<br>thumbnail<br><br>Sat\u0131\u015f Noktalar\u0131m\u0131z<br>\u00c7anakkale<br>Bursa<br><h3>Biga Merkez<\/h3>\n<br><h4>Biga Bereket F\u0131r\u0131n\u0131<\/h4>\n<br>Adres : Cumhuriyet Mahallesi Mumcular Sokak\n<br>\n<br><h4>G\u00fcl Karde\u015fler Ekmek F\u0131r\u0131n\u0131<\/h4>\n<br>Adres : Ada Mahallesi \u0130stiklal Caddesi<br>accordion<br><br><img decoding=\"async\" src=\"https:\/\/kaptanlarun.com\/wp-content\/uploads\/70ler-ekmek-alt-banner.jpeg\" alt=\"70ler-ekmek-alt-banner\"><br>full<br><br>\n","protected":false},"excerpt":{"rendered":"<p>70&#8217;ler Tam Bu\u011fday Unu Ekme\u011fi 70&#8217;ler Tam Bu\u011fday Ekme\u011fi Kaptanlar Un A.\u015e. G\u00fcvencesiyle Katk\u0131s\u0131z ve Do\u011fal 70&#8217;ler Tam Bu\u011fday Unundan \u00dcretilmektedir. line\u00d6zel \u00c7ekim full 785,784,7833thumbnail Sat\u0131\u015f<span class=\"excerpt-hellip\"> [\u2026]<\/span><\/p>\n","protected":false},"author":1,"featured_media":0,"parent":0,"menu_order":0,"comment_status":"closed","ping_status":"closed","template":"","meta":{"footnotes":""},"class_list":["post-1808","page","type-page","status-publish","hentry"],"yoast_head":"<!-- This site is optimized with the Yoast SEO plugin v27.3 - https:\/\/yoast.com\/product\/yoast-seo-wordpress\/ -->\n<title>70&#039;ler Tam Bu\u011fday Unu Ekme\u011fi | Kaptanlar Un A.\u015e.<\/title>\n<meta name=\"robots\" content=\"index, follow, max-snippet:-1, max-image-preview:large, max-video-preview:-1\" \/>\n<link rel=\"canonical\" href=\"https:\/\/kaptanlarun.com\/70ler-tam-bugday-unu-ekmegi\/\" \/>\n<meta property=\"og:locale\" content=\"en_US\" \/>\n<meta property=\"og:type\" content=\"article\" \/>\n<meta property=\"og:title\" content=\"70&#039;ler Tam Bu\u011fday Unu Ekme\u011fi | Kaptanlar Un A.\u015e.\" \/>\n<meta property=\"og:description\" content=\"70&#8217;ler Tam Bu\u011fday Unu Ekme\u011fi 70&#8217;ler Tam Bu\u011fday Ekme\u011fi Kaptanlar Un A.\u015e. G\u00fcvencesiyle Katk\u0131s\u0131z ve Do\u011fal 70&#8217;ler Tam Bu\u011fday Unundan \u00dcretilmektedir. line\u00d6zel \u00c7ekim full 785,784,7833thumbnail Sat\u0131\u015f [\u2026]\" \/>\n<meta property=\"og:url\" content=\"https:\/\/kaptanlarun.com\/70ler-tam-bugday-unu-ekmegi\/\" \/>\n<meta property=\"og:site_name\" content=\"Kaptanlar Un A.\u015e.\" \/>\n<meta property=\"article:publisher\" content=\"https:\/\/www.facebook.com\/kaptanlarun\/\" \/>\n<meta property=\"og:image\" content=\"https:\/\/kaptanlarun.com\/wp-content\/uploads\/kaptanlarun-70ler-tam-bugday-unu-ekmegi.jpeg\" \/>\n<meta name=\"twitter:card\" content=\"summary_large_image\" \/>\n<meta name=\"twitter:site\" content=\"@kaptanlarun\" \/>\n<script type=\"application\/ld+json\" class=\"yoast-schema-graph\">{\"@context\":\"https:\\\/\\\/schema.org\",\"@graph\":[{\"@type\":\"WebPage\",\"@id\":\"https:\\\/\\\/kaptanlarun.com\\\/70ler-tam-bugday-unu-ekmegi\\\/\",\"url\":\"https:\\\/\\\/kaptanlarun.com\\\/70ler-tam-bugday-unu-ekmegi\\\/\",\"name\":\"70'ler Tam Bu\u011fday Unu Ekme\u011fi | Kaptanlar Un A.\u015e.\",\"isPartOf\":{\"@id\":\"https:\\\/\\\/kaptanlarun.com\\\/#website\"},\"primaryImageOfPage\":{\"@id\":\"https:\\\/\\\/kaptanlarun.com\\\/70ler-tam-bugday-unu-ekmegi\\\/#primaryimage\"},\"image\":{\"@id\":\"https:\\\/\\\/kaptanlarun.com\\\/70ler-tam-bugday-unu-ekmegi\\\/#primaryimage\"},\"thumbnailUrl\":\"https:\\\/\\\/kaptanlarun.com\\\/wp-content\\\/uploads\\\/kaptanlarun-70ler-tam-bugday-unu-ekmegi.jpeg\",\"datePublished\":\"2021-02-26T20:33:29+00:00\",\"breadcrumb\":{\"@id\":\"https:\\\/\\\/kaptanlarun.com\\\/70ler-tam-bugday-unu-ekmegi\\\/#breadcrumb\"},\"inLanguage\":\"en-US\",\"potentialAction\":[{\"@type\":\"ReadAction\",\"target\":[\"https:\\\/\\\/kaptanlarun.com\\\/70ler-tam-bugday-unu-ekmegi\\\/\"]}]},{\"@type\":\"ImageObject\",\"inLanguage\":\"en-US\",\"@id\":\"https:\\\/\\\/kaptanlarun.com\\\/70ler-tam-bugday-unu-ekmegi\\\/#primaryimage\",\"url\":\"https:\\\/\\\/kaptanlarun.com\\\/wp-content\\\/uploads\\\/kaptanlarun-70ler-tam-bugday-unu-ekmegi.jpeg\",\"contentUrl\":\"https:\\\/\\\/kaptanlarun.com\\\/wp-content\\\/uploads\\\/kaptanlarun-70ler-tam-bugday-unu-ekmegi.jpeg\"},{\"@type\":\"BreadcrumbList\",\"@id\":\"https:\\\/\\\/kaptanlarun.com\\\/70ler-tam-bugday-unu-ekmegi\\\/#breadcrumb\",\"itemListElement\":[{\"@type\":\"ListItem\",\"position\":1,\"name\":\"Home\",\"item\":\"https:\\\/\\\/kaptanlarun.com\\\/\"},{\"@type\":\"ListItem\",\"position\":2,\"name\":\"70&#8217;ler Tam Bu\u011fday Unu Ekme\u011fi\"}]},{\"@type\":\"WebSite\",\"@id\":\"https:\\\/\\\/kaptanlarun.com\\\/#website\",\"url\":\"https:\\\/\\\/kaptanlarun.com\\\/\",\"name\":\"Kaptanlar Un A.\u015e. - T\u00fcrkiye'nin Un Fabrikas\u0131 | \u00c7anakkale\",\"description\":\"kaptanlarun.com\",\"publisher\":{\"@id\":\"https:\\\/\\\/kaptanlarun.com\\\/#organization\"},\"potentialAction\":[{\"@type\":\"SearchAction\",\"target\":{\"@type\":\"EntryPoint\",\"urlTemplate\":\"https:\\\/\\\/kaptanlarun.com\\\/?s={search_term_string}\"},\"query-input\":{\"@type\":\"PropertyValueSpecification\",\"valueRequired\":true,\"valueName\":\"search_term_string\"}}],\"inLanguage\":\"en-US\"},{\"@type\":\"Organization\",\"@id\":\"https:\\\/\\\/kaptanlarun.com\\\/#organization\",\"name\":\"Kaptanlar Un G\u0131da Enerji San. ve Tic. A.\u015e.\",\"url\":\"https:\\\/\\\/kaptanlarun.com\\\/\",\"logo\":{\"@type\":\"ImageObject\",\"inLanguage\":\"en-US\",\"@id\":\"https:\\\/\\\/kaptanlarun.com\\\/#\\\/schema\\\/logo\\\/image\\\/\",\"url\":\"https:\\\/\\\/kaptanlarun.com\\\/wp-content\\\/uploads\\\/kaptanlar-un-retina-logo.png\",\"contentUrl\":\"https:\\\/\\\/kaptanlarun.com\\\/wp-content\\\/uploads\\\/kaptanlar-un-retina-logo.png\",\"width\":511,\"height\":188,\"caption\":\"Kaptanlar Un G\u0131da Enerji San. ve Tic. A.\u015e.\"},\"image\":{\"@id\":\"https:\\\/\\\/kaptanlarun.com\\\/#\\\/schema\\\/logo\\\/image\\\/\"},\"sameAs\":[\"https:\\\/\\\/www.facebook.com\\\/kaptanlarun\\\/\",\"https:\\\/\\\/x.com\\\/kaptanlarun\",\"https:\\\/\\\/www.instagram.com\\\/kaptanlarun\\\/\"]}]}<\/script>\n<!-- \/ Yoast SEO plugin. -->","yoast_head_json":{"title":"70'ler Tam Bu\u011fday Unu Ekme\u011fi | Kaptanlar Un A.\u015e.","robots":{"index":"index","follow":"follow","max-snippet":"max-snippet:-1","max-image-preview":"max-image-preview:large","max-video-preview":"max-video-preview:-1"},"canonical":"https:\/\/kaptanlarun.com\/70ler-tam-bugday-unu-ekmegi\/","og_locale":"en_US","og_type":"article","og_title":"70'ler Tam Bu\u011fday Unu Ekme\u011fi | Kaptanlar Un A.\u015e.","og_description":"70&#8217;ler Tam Bu\u011fday Unu Ekme\u011fi 70&#8217;ler Tam Bu\u011fday Ekme\u011fi Kaptanlar Un A.\u015e. G\u00fcvencesiyle Katk\u0131s\u0131z ve Do\u011fal 70&#8217;ler Tam Bu\u011fday Unundan \u00dcretilmektedir. line\u00d6zel \u00c7ekim full 785,784,7833thumbnail Sat\u0131\u015f [\u2026]","og_url":"https:\/\/kaptanlarun.com\/70ler-tam-bugday-unu-ekmegi\/","og_site_name":"Kaptanlar Un A.\u015e.","article_publisher":"https:\/\/www.facebook.com\/kaptanlarun\/","og_image":[{"url":"https:\/\/kaptanlarun.com\/wp-content\/uploads\/kaptanlarun-70ler-tam-bugday-unu-ekmegi.jpeg","type":"","width":"","height":""}],"twitter_card":"summary_large_image","twitter_site":"@kaptanlarun","schema":{"@context":"https:\/\/schema.org","@graph":[{"@type":"WebPage","@id":"https:\/\/kaptanlarun.com\/70ler-tam-bugday-unu-ekmegi\/","url":"https:\/\/kaptanlarun.com\/70ler-tam-bugday-unu-ekmegi\/","name":"70'ler Tam Bu\u011fday Unu Ekme\u011fi | Kaptanlar Un A.\u015e.","isPartOf":{"@id":"https:\/\/kaptanlarun.com\/#website"},"primaryImageOfPage":{"@id":"https:\/\/kaptanlarun.com\/70ler-tam-bugday-unu-ekmegi\/#primaryimage"},"image":{"@id":"https:\/\/kaptanlarun.com\/70ler-tam-bugday-unu-ekmegi\/#primaryimage"},"thumbnailUrl":"https:\/\/kaptanlarun.com\/wp-content\/uploads\/kaptanlarun-70ler-tam-bugday-unu-ekmegi.jpeg","datePublished":"2021-02-26T20:33:29+00:00","breadcrumb":{"@id":"https:\/\/kaptanlarun.com\/70ler-tam-bugday-unu-ekmegi\/#breadcrumb"},"inLanguage":"en-US","potentialAction":[{"@type":"ReadAction","target":["https:\/\/kaptanlarun.com\/70ler-tam-bugday-unu-ekmegi\/"]}]},{"@type":"ImageObject","inLanguage":"en-US","@id":"https:\/\/kaptanlarun.com\/70ler-tam-bugday-unu-ekmegi\/#primaryimage","url":"https:\/\/kaptanlarun.com\/wp-content\/uploads\/kaptanlarun-70ler-tam-bugday-unu-ekmegi.jpeg","contentUrl":"https:\/\/kaptanlarun.com\/wp-content\/uploads\/kaptanlarun-70ler-tam-bugday-unu-ekmegi.jpeg"},{"@type":"BreadcrumbList","@id":"https:\/\/kaptanlarun.com\/70ler-tam-bugday-unu-ekmegi\/#breadcrumb","itemListElement":[{"@type":"ListItem","position":1,"name":"Home","item":"https:\/\/kaptanlarun.com\/"},{"@type":"ListItem","position":2,"name":"70&#8217;ler Tam Bu\u011fday Unu Ekme\u011fi"}]},{"@type":"WebSite","@id":"https:\/\/kaptanlarun.com\/#website","url":"https:\/\/kaptanlarun.com\/","name":"Kaptanlar Un A.\u015e. - T\u00fcrkiye'nin Un Fabrikas\u0131 | \u00c7anakkale","description":"kaptanlarun.com","publisher":{"@id":"https:\/\/kaptanlarun.com\/#organization"},"potentialAction":[{"@type":"SearchAction","target":{"@type":"EntryPoint","urlTemplate":"https:\/\/kaptanlarun.com\/?s={search_term_string}"},"query-input":{"@type":"PropertyValueSpecification","valueRequired":true,"valueName":"search_term_string"}}],"inLanguage":"en-US"},{"@type":"Organization","@id":"https:\/\/kaptanlarun.com\/#organization","name":"Kaptanlar Un G\u0131da Enerji San. ve Tic. A.\u015e.","url":"https:\/\/kaptanlarun.com\/","logo":{"@type":"ImageObject","inLanguage":"en-US","@id":"https:\/\/kaptanlarun.com\/#\/schema\/logo\/image\/","url":"https:\/\/kaptanlarun.com\/wp-content\/uploads\/kaptanlar-un-retina-logo.png","contentUrl":"https:\/\/kaptanlarun.com\/wp-content\/uploads\/kaptanlar-un-retina-logo.png","width":511,"height":188,"caption":"Kaptanlar Un G\u0131da Enerji San. ve Tic. A.\u015e."},"image":{"@id":"https:\/\/kaptanlarun.com\/#\/schema\/logo\/image\/"},"sameAs":["https:\/\/www.facebook.com\/kaptanlarun\/","https:\/\/x.com\/kaptanlarun","https:\/\/www.instagram.com\/kaptanlarun\/"]}]}},"_links":{"self":[{"href":"https:\/\/kaptanlarun.com\/en\/wp-json\/wp\/v2\/pages\/1808","targetHints":{"allow":["GET"]}}],"collection":[{"href":"https:\/\/kaptanlarun.com\/en\/wp-json\/wp\/v2\/pages"}],"about":[{"href":"https:\/\/kaptanlarun.com\/en\/wp-json\/wp\/v2\/types\/page"}],"author":[{"embeddable":true,"href":"https:\/\/kaptanlarun.com\/en\/wp-json\/wp\/v2\/users\/1"}],"replies":[{"embeddable":true,"href":"https:\/\/kaptanlarun.com\/en\/wp-json\/wp\/v2\/comments?post=1808"}],"version-history":[{"count":0,"href":"https:\/\/kaptanlarun.com\/en\/wp-json\/wp\/v2\/pages\/1808\/revisions"}],"wp:attachment":[{"href":"https:\/\/kaptanlarun.com\/en\/wp-json\/wp\/v2\/media?parent=1808"}],"curies":[{"name":"wp","href":"https:\/\/api.w.org\/{rel}","templated":true}]}}