{"id":1809,"date":"2014-11-17T14:04:53","date_gmt":"2014-11-17T11:04:53","guid":{"rendered":"https:\/\/kaptanlarun.com\/ana-sayfa\/"},"modified":"2025-06-20T09:44:24","modified_gmt":"2025-06-20T06:44:24","slug":"ana-sayfa","status":"publish","type":"page","link":"https:\/\/kaptanlarun.com\/en\/","title":{"rendered":"Home Page"},"content":{"rendered":"\n\n\n<p><p>G\u00fclbeyaz Tan\u0131t\u0131m<br>\n<br>\n<br><\/p><h2>Evinizde Lezzetli Hamur \u0130\u015fleri Yap\u0131n!<\/h2>\n<br>\n<br><hr class=\"no_line\" style=\"margin: 0 auto 0px auto\"\/>\n\n<br>\n<br>\n<br>\n<br><hr class=\"no_line\" style=\"margin: 0 auto 0px auto\"\/>\n\n<br>\n<br><h5>G\u00fclbeyaz Un\u2019u evinizde t\u00fcm hamur i\u015flerinde; kek, pasta, kurabiye, b\u00f6rek, po\u011fa\u00e7a ve a\u00e7ma yap\u0131m\u0131nda g\u00fcvenle kullanabilirsiniz.<\/h5>\n<br>\n<br><hr class=\"no_line\" style=\"margin: 0 auto 0px auto\"\/>\n\n<br>\n<br><a class=\"button  button_size_2 button_\\\" href=\"\"         title=\"\"><span class=\"button_label\">\\<\/span><\/a>\n\n<br>\n<br><br>no-repeat;center top;;<br>auto<br>fadeIn<br><br>Heading<br><h2>Kaptanlar Un A.\u015e.<\/h2><br>center<br>no-repeat;center top;;<br>auto<br><br>2020 Y\u0131l\u0131 G\u00fcncel \u00dcr\u00fcn Katalo\u011fumuz \u0130\u00e7in T\u0131klay\u0131n\u0131z.<br><a href=\"https:\/\/kaptanlarun.com\/en\/online-katalog\/\">https:\/\/kaptanlarun.com\/online-katalog\/<\/a><br>center<br>icon-book-open<br>left<br>#70126b<br>4<br><br><img decoding=\"async\" src=\"https:\/\/kaptanlarun.com\/wp-content\/uploads\/N11-Banner-scaled.jpg\" alt=\"\"><br>Online Sat\u0131\u015f Ma\u011fazam\u0131za Git<br><a href=\"https:\/\/www.n11.com\/magaza\/kaptanlarun\">https:\/\/www.n11.com\/magaza\/kaptanlarun<\/a><br><br><img decoding=\"async\" src=\"https:\/\/kaptanlarun.com\/wp-content\/uploads\/kaptanlarun-sponsorluk-basaksehir-ibfk2014-futbol-kulubu-sampiyon.jpg\" alt=\"kaptanlarun-sponsorluk-basaksehir-ibfk2014-futbol-kulubu-sampiyon\"><br><br>X_ausCjVS4M<br>;c;l;<br>700<br>400<br><br><img decoding=\"async\" src=\"https:\/\/kaptanlarun.com\/wp-content\/uploads\/kaptanlar-un-online-katalog.jpg\" alt=\"kaptanlar-un-online-katalog\"><br>G\u00fcncel \u00dcr\u00fcn Katalo\u011fumuz \u0130\u00e7in T\u0131klay\u0131n\u0131z.<br><a href=\"https:\/\/kaptanlarun.com\/en\/online-katalog\/\">https:\/\/kaptanlarun.com\/online-katalog\/<\/a><br><br>Heading<br><h2>Un Gruplar\u0131m\u0131z<\/h2><br>center<br>no-repeat;center top;;<br>auto<br><br>Profesyonel Unlar<br>h4<br>Harran Baklaval\u0131k, Efsane B\u00f6reklik, Sar\u0131 Un, Turkuaz L\u00fcks Unlard\u0131r.<br><img decoding=\"async\" src=\"http:\/\/www.kaptanlarun.com\/wp-content\/uploads\/chef.png\" alt=\"chef\"><br>top<br><a href=\"http:\/\/www.kaptanlarun.com\/urunler\/\">http:\/\/www.kaptanlarun.com\/urunler\/<\/a><br>zoomIn<br><br>F\u0131r\u0131n Unlar\u0131<br>h4<br>F\u0131r\u0131nlarda lezzetli ekmeklik \u00fcretimi i\u00e7in uygundur.<br>icon-lamp<br><img decoding=\"async\" src=\"http:\/\/www.kaptanlarun.com\/wp-content\/uploads\/ekmek.png\" alt=\"ekmek\"><br>top<br><a href=\"http:\/\/www.kaptanlarun.com\/urunler\/\">http:\/\/www.kaptanlarun.com\/urunler\/<\/a><br>zoomIn<br><br>Simit &amp; Pidelik Unlar<br>h4<br>F\u0131r\u0131nlarda lezzetli ekmeklik \u00fcretimi i\u00e7in uygundur.<br><img decoding=\"async\" src=\"http:\/\/www.kaptanlarun.com\/wp-content\/uploads\/simit.png\" alt=\"simit\"><br>top<br><a href=\"http:\/\/www.kaptanlarun.com\/urunler\/\">http:\/\/www.kaptanlarun.com\/urunler\/<\/a><br>zoomIn<br><br>Ev T\u00fcketim Unlar<br>h4<br>Ev tipi kullan\u0131m unlar\u0131m\u0131z\u0131 t\u00fcm hamur i\u015flerinde; kek, pasta, kurabiye, b\u00f6rek, po\u011fa\u00e7a ve a\u00e7ma yap\u0131m\u0131nda kullanabilirsiniz.<br><img decoding=\"async\" src=\"http:\/\/www.kaptanlarun.com\/wp-content\/uploads\/ev-tipi.png\" alt=\"ev tipi\"><br>top<br><a href=\"http:\/\/www.kaptanlarun.com\/urunler\/\">http:\/\/www.kaptanlarun.com\/urunler\/<\/a><br>zoomIn<br><br>About<br><h2>Her ihtayaca uygun un \u00e7e\u015fitleri<\/h2><br>no-repeat;center top;;<br>auto<br><br>\n<br>Biga Ovas\u0131\u2019ndan temin etti\u011fi kaliteli bu\u011fdaylar, ithal edilen y\u00fcksek standartlara sahip bu\u011fdaylarla harmanlan\u0131p y\u00fcksek teknolojiye sahip laboratuar ortam\u0131nda cinsine ve de\u011ferlerine g\u00f6re s\u0131n\u0131fland\u0131r\u0131l\u0131p depolan\u0131r.\n<br><br>no-repeat;center top;;<br>auto<br><br>Gallery<br><br>no-repeat;center top;;<br>auto<br><br><h4>Birbirinden lezzetli \u00fcr\u00fcnler i\u00e7in Kaptanlar Un \u00dcr\u00fcnlerini mutlaka deneyin.<\/h4><br>no-repeat;center top;;<br>auto<br><br>Button<br><a class=\"button  button_size_2 button_\\\" href=\"\"         title=\"\"><span class=\"button_label\">\\<\/span><\/a>\n<br>right<br>no-repeat;center top;;<br>auto<br><br><\/p>\n","protected":false},"excerpt":{"rendered":"<p>G\u00fclbeyaz Tan\u0131t\u0131m Evinizde Lezzetli Hamur \u0130\u015fleri Yap\u0131n! G\u00fclbeyaz Un\u2019u evinizde t\u00fcm hamur i\u015flerinde; kek, pasta, kurabiye, b\u00f6rek, po\u011fa\u00e7a ve a\u00e7ma yap\u0131m\u0131nda g\u00fcvenle kullanabilirsiniz. no-repeat;center top;;autofadeIn Heading<span class=\"excerpt-hellip\"> [\u2026]<\/span><\/p>\n","protected":false},"author":1,"featured_media":0,"parent":0,"menu_order":0,"comment_status":"open","ping_status":"open","template":"","meta":{"footnotes":""},"class_list":["post-1809","page","type-page","status-publish","hentry"],"yoast_head":"<!-- This site is optimized with the Yoast SEO plugin v27.3 - https:\/\/yoast.com\/product\/yoast-seo-wordpress\/ -->\n<title>Home Page | Kaptanlar Un A.\u015e.<\/title>\n<meta name=\"robots\" content=\"index, follow, max-snippet:-1, max-image-preview:large, max-video-preview:-1\" \/>\n<link rel=\"canonical\" href=\"https:\/\/kaptanlarun.com\/\" \/>\n<meta property=\"og:locale\" content=\"en_US\" \/>\n<meta property=\"og:type\" content=\"article\" \/>\n<meta property=\"og:title\" content=\"Home Page | Kaptanlar Un A.\u015e.\" \/>\n<meta property=\"og:description\" content=\"G\u00fclbeyaz Tan\u0131t\u0131m Evinizde Lezzetli Hamur \u0130\u015fleri Yap\u0131n! G\u00fclbeyaz Un\u2019u evinizde t\u00fcm hamur i\u015flerinde; kek, pasta, kurabiye, b\u00f6rek, po\u011fa\u00e7a ve a\u00e7ma yap\u0131m\u0131nda g\u00fcvenle kullanabilirsiniz. no-repeat;center top;;autofadeIn Heading [\u2026]\" \/>\n<meta property=\"og:url\" content=\"https:\/\/kaptanlarun.com\/\" \/>\n<meta property=\"og:site_name\" content=\"Kaptanlar Un A.\u015e.\" \/>\n<meta property=\"article:publisher\" content=\"https:\/\/www.facebook.com\/kaptanlarun\/\" \/>\n<meta property=\"article:modified_time\" content=\"2025-06-20T06:44:24+00:00\" \/>\n<meta property=\"og:image\" content=\"https:\/\/kaptanlarun.com\/wp-content\/uploads\/N11-Banner-scaled.jpg\" \/>\n<meta name=\"twitter:card\" content=\"summary_large_image\" \/>\n<meta name=\"twitter:site\" content=\"@kaptanlarun\" \/>\n<meta name=\"twitter:label1\" content=\"Est. reading time\" \/>\n\t<meta name=\"twitter:data1\" content=\"3 minutes\" \/>\n<script type=\"application\/ld+json\" class=\"yoast-schema-graph\">{\"@context\":\"https:\\\/\\\/schema.org\",\"@graph\":[{\"@type\":\"WebPage\",\"@id\":\"https:\\\/\\\/kaptanlarun.com\\\/\",\"url\":\"https:\\\/\\\/kaptanlarun.com\\\/\",\"name\":\"Home Page | Kaptanlar Un A.\u015e.\",\"isPartOf\":{\"@id\":\"https:\\\/\\\/kaptanlarun.com\\\/#website\"},\"primaryImageOfPage\":{\"@id\":\"https:\\\/\\\/kaptanlarun.com\\\/#primaryimage\"},\"image\":{\"@id\":\"https:\\\/\\\/kaptanlarun.com\\\/#primaryimage\"},\"thumbnailUrl\":\"https:\\\/\\\/kaptanlarun.com\\\/wp-content\\\/uploads\\\/N11-Banner-scaled.jpg\",\"datePublished\":\"2014-11-17T11:04:53+00:00\",\"dateModified\":\"2025-06-20T06:44:24+00:00\",\"breadcrumb\":{\"@id\":\"https:\\\/\\\/kaptanlarun.com\\\/#breadcrumb\"},\"inLanguage\":\"en-US\",\"potentialAction\":[{\"@type\":\"ReadAction\",\"target\":[\"https:\\\/\\\/kaptanlarun.com\\\/\"]}]},{\"@type\":\"ImageObject\",\"inLanguage\":\"en-US\",\"@id\":\"https:\\\/\\\/kaptanlarun.com\\\/#primaryimage\",\"url\":\"https:\\\/\\\/kaptanlarun.com\\\/wp-content\\\/uploads\\\/N11-Banner-scaled.jpg\",\"contentUrl\":\"https:\\\/\\\/kaptanlarun.com\\\/wp-content\\\/uploads\\\/N11-Banner-scaled.jpg\"},{\"@type\":\"BreadcrumbList\",\"@id\":\"https:\\\/\\\/kaptanlarun.com\\\/#breadcrumb\",\"itemListElement\":[{\"@type\":\"ListItem\",\"position\":1,\"name\":\"Home\",\"item\":\"https:\\\/\\\/kaptanlarun.com\\\/\"},{\"@type\":\"ListItem\",\"position\":2,\"name\":\"Home Page\"}]},{\"@type\":\"WebSite\",\"@id\":\"https:\\\/\\\/kaptanlarun.com\\\/#website\",\"url\":\"https:\\\/\\\/kaptanlarun.com\\\/\",\"name\":\"Kaptanlar Un A.\u015e. - T\u00fcrkiye'nin Un Fabrikas\u0131 | \u00c7anakkale\",\"description\":\"kaptanlarun.com\",\"publisher\":{\"@id\":\"https:\\\/\\\/kaptanlarun.com\\\/#organization\"},\"potentialAction\":[{\"@type\":\"SearchAction\",\"target\":{\"@type\":\"EntryPoint\",\"urlTemplate\":\"https:\\\/\\\/kaptanlarun.com\\\/?s={search_term_string}\"},\"query-input\":{\"@type\":\"PropertyValueSpecification\",\"valueRequired\":true,\"valueName\":\"search_term_string\"}}],\"inLanguage\":\"en-US\"},{\"@type\":\"Organization\",\"@id\":\"https:\\\/\\\/kaptanlarun.com\\\/#organization\",\"name\":\"Kaptanlar Un G\u0131da Enerji San. ve Tic. A.\u015e.\",\"url\":\"https:\\\/\\\/kaptanlarun.com\\\/\",\"logo\":{\"@type\":\"ImageObject\",\"inLanguage\":\"en-US\",\"@id\":\"https:\\\/\\\/kaptanlarun.com\\\/#\\\/schema\\\/logo\\\/image\\\/\",\"url\":\"https:\\\/\\\/kaptanlarun.com\\\/wp-content\\\/uploads\\\/kaptanlar-un-retina-logo.png\",\"contentUrl\":\"https:\\\/\\\/kaptanlarun.com\\\/wp-content\\\/uploads\\\/kaptanlar-un-retina-logo.png\",\"width\":511,\"height\":188,\"caption\":\"Kaptanlar Un G\u0131da Enerji San. ve Tic. A.\u015e.\"},\"image\":{\"@id\":\"https:\\\/\\\/kaptanlarun.com\\\/#\\\/schema\\\/logo\\\/image\\\/\"},\"sameAs\":[\"https:\\\/\\\/www.facebook.com\\\/kaptanlarun\\\/\",\"https:\\\/\\\/x.com\\\/kaptanlarun\",\"https:\\\/\\\/www.instagram.com\\\/kaptanlarun\\\/\"]}]}<\/script>\n<!-- \/ Yoast SEO plugin. -->","yoast_head_json":{"title":"Home Page | Kaptanlar Un A.\u015e.","robots":{"index":"index","follow":"follow","max-snippet":"max-snippet:-1","max-image-preview":"max-image-preview:large","max-video-preview":"max-video-preview:-1"},"canonical":"https:\/\/kaptanlarun.com\/","og_locale":"en_US","og_type":"article","og_title":"Home Page | Kaptanlar Un A.\u015e.","og_description":"G\u00fclbeyaz Tan\u0131t\u0131m Evinizde Lezzetli Hamur \u0130\u015fleri Yap\u0131n! G\u00fclbeyaz Un\u2019u evinizde t\u00fcm hamur i\u015flerinde; kek, pasta, kurabiye, b\u00f6rek, po\u011fa\u00e7a ve a\u00e7ma yap\u0131m\u0131nda g\u00fcvenle kullanabilirsiniz. no-repeat;center top;;autofadeIn Heading [\u2026]","og_url":"https:\/\/kaptanlarun.com\/","og_site_name":"Kaptanlar Un A.\u015e.","article_publisher":"https:\/\/www.facebook.com\/kaptanlarun\/","article_modified_time":"2025-06-20T06:44:24+00:00","og_image":[{"url":"https:\/\/kaptanlarun.com\/wp-content\/uploads\/N11-Banner-scaled.jpg","type":"","width":"","height":""}],"twitter_card":"summary_large_image","twitter_site":"@kaptanlarun","twitter_misc":{"Est. reading time":"3 minutes"},"schema":{"@context":"https:\/\/schema.org","@graph":[{"@type":"WebPage","@id":"https:\/\/kaptanlarun.com\/","url":"https:\/\/kaptanlarun.com\/","name":"Home Page | Kaptanlar Un A.\u015e.","isPartOf":{"@id":"https:\/\/kaptanlarun.com\/#website"},"primaryImageOfPage":{"@id":"https:\/\/kaptanlarun.com\/#primaryimage"},"image":{"@id":"https:\/\/kaptanlarun.com\/#primaryimage"},"thumbnailUrl":"https:\/\/kaptanlarun.com\/wp-content\/uploads\/N11-Banner-scaled.jpg","datePublished":"2014-11-17T11:04:53+00:00","dateModified":"2025-06-20T06:44:24+00:00","breadcrumb":{"@id":"https:\/\/kaptanlarun.com\/#breadcrumb"},"inLanguage":"en-US","potentialAction":[{"@type":"ReadAction","target":["https:\/\/kaptanlarun.com\/"]}]},{"@type":"ImageObject","inLanguage":"en-US","@id":"https:\/\/kaptanlarun.com\/#primaryimage","url":"https:\/\/kaptanlarun.com\/wp-content\/uploads\/N11-Banner-scaled.jpg","contentUrl":"https:\/\/kaptanlarun.com\/wp-content\/uploads\/N11-Banner-scaled.jpg"},{"@type":"BreadcrumbList","@id":"https:\/\/kaptanlarun.com\/#breadcrumb","itemListElement":[{"@type":"ListItem","position":1,"name":"Home","item":"https:\/\/kaptanlarun.com\/"},{"@type":"ListItem","position":2,"name":"Home Page"}]},{"@type":"WebSite","@id":"https:\/\/kaptanlarun.com\/#website","url":"https:\/\/kaptanlarun.com\/","name":"Kaptanlar Un A.\u015e. - T\u00fcrkiye'nin Un Fabrikas\u0131 | \u00c7anakkale","description":"kaptanlarun.com","publisher":{"@id":"https:\/\/kaptanlarun.com\/#organization"},"potentialAction":[{"@type":"SearchAction","target":{"@type":"EntryPoint","urlTemplate":"https:\/\/kaptanlarun.com\/?s={search_term_string}"},"query-input":{"@type":"PropertyValueSpecification","valueRequired":true,"valueName":"search_term_string"}}],"inLanguage":"en-US"},{"@type":"Organization","@id":"https:\/\/kaptanlarun.com\/#organization","name":"Kaptanlar Un G\u0131da Enerji San. ve Tic. A.\u015e.","url":"https:\/\/kaptanlarun.com\/","logo":{"@type":"ImageObject","inLanguage":"en-US","@id":"https:\/\/kaptanlarun.com\/#\/schema\/logo\/image\/","url":"https:\/\/kaptanlarun.com\/wp-content\/uploads\/kaptanlar-un-retina-logo.png","contentUrl":"https:\/\/kaptanlarun.com\/wp-content\/uploads\/kaptanlar-un-retina-logo.png","width":511,"height":188,"caption":"Kaptanlar Un G\u0131da Enerji San. ve Tic. A.\u015e."},"image":{"@id":"https:\/\/kaptanlarun.com\/#\/schema\/logo\/image\/"},"sameAs":["https:\/\/www.facebook.com\/kaptanlarun\/","https:\/\/x.com\/kaptanlarun","https:\/\/www.instagram.com\/kaptanlarun\/"]}]}},"_links":{"self":[{"href":"https:\/\/kaptanlarun.com\/en\/wp-json\/wp\/v2\/pages\/1809","targetHints":{"allow":["GET"]}}],"collection":[{"href":"https:\/\/kaptanlarun.com\/en\/wp-json\/wp\/v2\/pages"}],"about":[{"href":"https:\/\/kaptanlarun.com\/en\/wp-json\/wp\/v2\/types\/page"}],"author":[{"embeddable":true,"href":"https:\/\/kaptanlarun.com\/en\/wp-json\/wp\/v2\/users\/1"}],"replies":[{"embeddable":true,"href":"https:\/\/kaptanlarun.com\/en\/wp-json\/wp\/v2\/comments?post=1809"}],"version-history":[{"count":1,"href":"https:\/\/kaptanlarun.com\/en\/wp-json\/wp\/v2\/pages\/1809\/revisions"}],"predecessor-version":[{"id":2745,"href":"https:\/\/kaptanlarun.com\/en\/wp-json\/wp\/v2\/pages\/1809\/revisions\/2745"}],"wp:attachment":[{"href":"https:\/\/kaptanlarun.com\/en\/wp-json\/wp\/v2\/media?parent=1809"}],"curies":[{"name":"wp","href":"https:\/\/api.w.org\/{rel}","templated":true}]}}