{"id":1840,"date":"2021-02-14T22:59:34","date_gmt":"2021-02-14T19:59:34","guid":{"rendered":"https:\/\/kaptanlarun.com\/ev-tuketim-unlar\/"},"modified":"2025-06-20T10:04:15","modified_gmt":"2025-06-20T07:04:15","slug":"house-type-flours","status":"publish","type":"page","link":"https:\/\/kaptanlarun.com\/en\/house-type-flours\/","title":{"rendered":"House Type Flours"},"content":{"rendered":"\n<p>Ev T\u00fcketim<br>\n<br><\/p><h2>Ev T\u00fcketim Unlar<\/h2>\n<br>\n<br>\n<br><div class=\"image_frame image_item no_link scale-with-grid element_classes align\\ has_border mfn-img-box\" ><div class=\"image_wrapper\"><img decoding=\"async\" class=\"scale-with-grid\" src=\"http:\/\/%5C\" fetchpriority=\"high\" alt=\"House Type Flours\" title=\"\" width=\"\" height=\"\" style=\"\"\/><\/div><\/div>\n\n<br><br>no-repeat;center top;;<br>auto<br><br>Desc<br>Ev tipi kullan\u0131m unlar\u0131m\u0131z\u0131 t\u00fcm hamur i\u015flerinde; kek, pasta, kurabiye, b\u00f6rek, po\u011fa\u00e7a ve a\u00e7ma yap\u0131m\u0131nda kullanabilirsiniz. Taze, Do\u011fal, G\u00fclbeyaz Serisi evde kullan\u0131m i\u00e7in uygundur. 5kg &#8211; 10kg &#8211; 25kg &#8211; 50kg se\u00e7enekleri bulunmaktad\u0131r.\n<br><h4>Bu\u011fday\u0131n en lezzetli besinlere d\u00f6n\u00fc\u015f\u00fcm\u00fcnde \u00f6n plana \u00e7\u0131kan ev t\u00fcketim unlar ba\u015fta evlerde olmak \u00fczere pastane ve k\u00fc\u00e7\u00fck \u00fcretim tesislerinde kullan\u0131l\u0131r.<\/h4>\n<br><h5>Performans\u0131n \u00f6n planda oldu\u011fu bu unlar\u0131 en \u00f6zel yan\u0131 ihtiyaca y\u00f6nelik \u00e7\u00f6z\u00fcmler sunmak ad\u0131na ambalajlanmas\u0131d\u0131r. Ev t\u00fcketim unlar\u0131n di\u011fer \u00f6zellikleriyse \u015fu \u015fekildedir.<\/h5><br>no-repeat;center top;;<br>auto<br><br>Kategori<br>no-repeat;center top;;<br>auto<br><br><img decoding=\"async\" src=\"https:\/\/kaptanlarun.com\/wp-content\/uploads\/kaptanlar-un-gulbeyaz-un.png\" alt=\"kaptanlar-un-gulbeyaz-un\"><br>http:\/\/www.kaptanlarun.com\/wp-content\/uploads\/kaptanlar-gulbeyaz-un-logo.png<br><a href=\"http:\/\/www.kaptanlarun.com\/un-turleri\/gulbeyaz-un\/\">http:\/\/www.kaptanlarun.com\/un-turleri\/gulbeyaz-un\/<\/a><br><br><img decoding=\"async\" src=\"https:\/\/kaptanlarun.com\/wp-content\/uploads\/kaptanlar-un-yorem-un.png\" alt=\"kaptanlar-un-yorem-un\"><br>http:\/\/www.kaptanlarun.com\/wp-content\/uploads\/kaptanlar-yorem-un-logo.png<br><a href=\"http:\/\/www.kaptanlarun.com\/un-turleri\/yorem-un\/\">http:\/\/www.kaptanlarun.com\/un-turleri\/yorem-un\/<\/a><br><br><img decoding=\"async\" src=\"https:\/\/kaptanlarun.com\/wp-content\/uploads\/kaptanlar-un-tandirlik-un.png\" alt=\"kaptanlar-un-tandirlik-un\"><br>http:\/\/www.kaptanlarun.com\/wp-content\/uploads\/kaptanlar-tandirlik-un-logo.png<br><a href=\"http:\/\/www.kaptanlarun.com\/un-turleri\/tandirlik-un\/\">http:\/\/www.kaptanlarun.com\/un-turleri\/tandirlik-un\/<\/a><br><br>Ev T\u00fcketim Unlar<br>\n<br>Her \u00e7e\u015fit hamur i\u015flerinde kullan\u0131labilir,\n<br>Baklava ve yufka a\u00e7mak i\u00e7in kolayl\u0131kla tercih edilebilir,\n<br>Unun kuvvetli yap\u0131s\u0131 su kald\u0131rma performans\u0131n\u0131 olumlu etkiler,\n<br>Yo\u011furma ve kar\u0131\u015ft\u0131rma s\u0131ras\u0131nda homojenli\u011fi sa\u011flayacak derecede yumu\u015fakt\u0131r,\n<br>Besinlere lezzet katmak ve farkl\u0131 bir aroma vermek i\u00e7in kullan\u0131l\u0131r.\n<br>\n<br>Do\u011fru tekniklerle ve uygun s\u00fcrelerle yo\u011furdu\u011funuz bu un sayesinde kusursuz bir hamur elde edebilece\u011finizi unutmamal\u0131s\u0131n\u0131z!\n<br><\/h5><br>no-repeat;left top;;<br>auto<br><br>\n","protected":false},"excerpt":{"rendered":"<p>Ev T\u00fcketim Ev T\u00fcketim Unlar no-repeat;center top;;auto DescEv tipi kullan\u0131m unlar\u0131m\u0131z\u0131 t\u00fcm hamur i\u015flerinde; kek, pasta, kurabiye, b\u00f6rek, po\u011fa\u00e7a ve a\u00e7ma yap\u0131m\u0131nda kullanabilirsiniz. Taze, Do\u011fal, G\u00fclbeyaz<span class=\"excerpt-hellip\"> [\u2026]<\/span><\/p>\n","protected":false},"author":1,"featured_media":0,"parent":0,"menu_order":0,"comment_status":"closed","ping_status":"closed","template":"","meta":{"footnotes":""},"class_list":["post-1840","page","type-page","status-publish","hentry"],"yoast_head":"<!-- This site is optimized with the Yoast SEO plugin v27.3 - https:\/\/yoast.com\/product\/yoast-seo-wordpress\/ -->\n<title>House Type Flours | Kaptanlar Un A.\u015e. Evlerde Lezzetli Unlu Mam\u00fcller<\/title>\n<meta name=\"description\" content=\"Bu\u011fday\u0131n en lezzetli besinlere d\u00f6n\u00fc\u015f\u00fcm\u00fcnde \u00f6n plana \u00e7\u0131kan ev t\u00fcketim unlar ba\u015fta evlerde olmak \u00fczere pastane ve k\u00fc\u00e7\u00fck \u00fcretim tesislerinde kullan\u0131l\u0131r.\" \/>\n<meta name=\"robots\" content=\"index, follow, max-snippet:-1, max-image-preview:large, max-video-preview:-1\" \/>\n<link rel=\"canonical\" href=\"https:\/\/kaptanlarun.com\/ev-tuketim-unlar\/\" \/>\n<meta property=\"og:locale\" content=\"en_US\" \/>\n<meta property=\"og:type\" content=\"article\" \/>\n<meta property=\"og:title\" content=\"House Type Flours | Kaptanlar Un A.\u015e. Evlerde Lezzetli Unlu Mam\u00fcller\" \/>\n<meta property=\"og:description\" content=\"Bu\u011fday\u0131n en lezzetli besinlere d\u00f6n\u00fc\u015f\u00fcm\u00fcnde \u00f6n plana \u00e7\u0131kan ev t\u00fcketim unlar ba\u015fta evlerde olmak \u00fczere pastane ve k\u00fc\u00e7\u00fck \u00fcretim tesislerinde kullan\u0131l\u0131r.\" \/>\n<meta property=\"og:url\" content=\"https:\/\/kaptanlarun.com\/ev-tuketim-unlar\/\" \/>\n<meta property=\"og:site_name\" content=\"Kaptanlar Un A.\u015e.\" \/>\n<meta property=\"article:publisher\" content=\"https:\/\/www.facebook.com\/kaptanlarun\/\" \/>\n<meta property=\"article:modified_time\" content=\"2025-06-20T07:04:15+00:00\" \/>\n<meta property=\"og:image\" content=\"https:\/\/kaptanlarun.com\/wp-content\/uploads\/kaptanlar-un-gulbeyaz-un.png\" \/>\n<meta name=\"twitter:card\" content=\"summary_large_image\" \/>\n<meta name=\"twitter:site\" content=\"@kaptanlarun\" \/>\n<meta name=\"twitter:label1\" content=\"Est. reading time\" \/>\n\t<meta name=\"twitter:data1\" content=\"2 minutes\" \/>\n<script type=\"application\/ld+json\" class=\"yoast-schema-graph\">{\"@context\":\"https:\\\/\\\/schema.org\",\"@graph\":[{\"@type\":\"WebPage\",\"@id\":\"https:\\\/\\\/kaptanlarun.com\\\/ev-tuketim-unlar\\\/\",\"url\":\"https:\\\/\\\/kaptanlarun.com\\\/ev-tuketim-unlar\\\/\",\"name\":\"House Type Flours | Kaptanlar Un A.\u015e. Evlerde Lezzetli Unlu Mam\u00fcller\",\"isPartOf\":{\"@id\":\"https:\\\/\\\/kaptanlarun.com\\\/#website\"},\"primaryImageOfPage\":{\"@id\":\"https:\\\/\\\/kaptanlarun.com\\\/ev-tuketim-unlar\\\/#primaryimage\"},\"image\":{\"@id\":\"https:\\\/\\\/kaptanlarun.com\\\/ev-tuketim-unlar\\\/#primaryimage\"},\"thumbnailUrl\":\"https:\\\/\\\/kaptanlarun.com\\\/wp-content\\\/uploads\\\/kaptanlar-un-gulbeyaz-un.png\",\"datePublished\":\"2021-02-14T19:59:34+00:00\",\"dateModified\":\"2025-06-20T07:04:15+00:00\",\"description\":\"Bu\u011fday\u0131n en lezzetli besinlere d\u00f6n\u00fc\u015f\u00fcm\u00fcnde \u00f6n plana \u00e7\u0131kan ev t\u00fcketim unlar ba\u015fta evlerde olmak \u00fczere pastane ve k\u00fc\u00e7\u00fck \u00fcretim tesislerinde kullan\u0131l\u0131r.\",\"breadcrumb\":{\"@id\":\"https:\\\/\\\/kaptanlarun.com\\\/ev-tuketim-unlar\\\/#breadcrumb\"},\"inLanguage\":\"en-US\",\"potentialAction\":[{\"@type\":\"ReadAction\",\"target\":[\"https:\\\/\\\/kaptanlarun.com\\\/ev-tuketim-unlar\\\/\"]}]},{\"@type\":\"ImageObject\",\"inLanguage\":\"en-US\",\"@id\":\"https:\\\/\\\/kaptanlarun.com\\\/ev-tuketim-unlar\\\/#primaryimage\",\"url\":\"https:\\\/\\\/kaptanlarun.com\\\/wp-content\\\/uploads\\\/kaptanlar-un-gulbeyaz-un.png\",\"contentUrl\":\"https:\\\/\\\/kaptanlarun.com\\\/wp-content\\\/uploads\\\/kaptanlar-un-gulbeyaz-un.png\"},{\"@type\":\"BreadcrumbList\",\"@id\":\"https:\\\/\\\/kaptanlarun.com\\\/ev-tuketim-unlar\\\/#breadcrumb\",\"itemListElement\":[{\"@type\":\"ListItem\",\"position\":1,\"name\":\"Home\",\"item\":\"https:\\\/\\\/kaptanlarun.com\\\/\"},{\"@type\":\"ListItem\",\"position\":2,\"name\":\"House Type Flours\"}]},{\"@type\":\"WebSite\",\"@id\":\"https:\\\/\\\/kaptanlarun.com\\\/#website\",\"url\":\"https:\\\/\\\/kaptanlarun.com\\\/\",\"name\":\"Kaptanlar Un A.\u015e. - T\u00fcrkiye'nin Un Fabrikas\u0131 | \u00c7anakkale\",\"description\":\"kaptanlarun.com\",\"publisher\":{\"@id\":\"https:\\\/\\\/kaptanlarun.com\\\/#organization\"},\"potentialAction\":[{\"@type\":\"SearchAction\",\"target\":{\"@type\":\"EntryPoint\",\"urlTemplate\":\"https:\\\/\\\/kaptanlarun.com\\\/?s={search_term_string}\"},\"query-input\":{\"@type\":\"PropertyValueSpecification\",\"valueRequired\":true,\"valueName\":\"search_term_string\"}}],\"inLanguage\":\"en-US\"},{\"@type\":\"Organization\",\"@id\":\"https:\\\/\\\/kaptanlarun.com\\\/#organization\",\"name\":\"Kaptanlar Un G\u0131da Enerji San. ve Tic. A.\u015e.\",\"url\":\"https:\\\/\\\/kaptanlarun.com\\\/\",\"logo\":{\"@type\":\"ImageObject\",\"inLanguage\":\"en-US\",\"@id\":\"https:\\\/\\\/kaptanlarun.com\\\/#\\\/schema\\\/logo\\\/image\\\/\",\"url\":\"https:\\\/\\\/kaptanlarun.com\\\/wp-content\\\/uploads\\\/kaptanlar-un-retina-logo.png\",\"contentUrl\":\"https:\\\/\\\/kaptanlarun.com\\\/wp-content\\\/uploads\\\/kaptanlar-un-retina-logo.png\",\"width\":511,\"height\":188,\"caption\":\"Kaptanlar Un G\u0131da Enerji San. ve Tic. A.\u015e.\"},\"image\":{\"@id\":\"https:\\\/\\\/kaptanlarun.com\\\/#\\\/schema\\\/logo\\\/image\\\/\"},\"sameAs\":[\"https:\\\/\\\/www.facebook.com\\\/kaptanlarun\\\/\",\"https:\\\/\\\/x.com\\\/kaptanlarun\",\"https:\\\/\\\/www.instagram.com\\\/kaptanlarun\\\/\"]}]}<\/script>\n<!-- \/ Yoast SEO plugin. -->","yoast_head_json":{"title":"House Type Flours | Kaptanlar Un A.\u015e. Evlerde Lezzetli Unlu Mam\u00fcller","description":"Bu\u011fday\u0131n en lezzetli besinlere d\u00f6n\u00fc\u015f\u00fcm\u00fcnde \u00f6n plana \u00e7\u0131kan ev t\u00fcketim unlar ba\u015fta evlerde olmak \u00fczere pastane ve k\u00fc\u00e7\u00fck \u00fcretim tesislerinde kullan\u0131l\u0131r.","robots":{"index":"index","follow":"follow","max-snippet":"max-snippet:-1","max-image-preview":"max-image-preview:large","max-video-preview":"max-video-preview:-1"},"canonical":"https:\/\/kaptanlarun.com\/ev-tuketim-unlar\/","og_locale":"en_US","og_type":"article","og_title":"House Type Flours | Kaptanlar Un A.\u015e. Evlerde Lezzetli Unlu Mam\u00fcller","og_description":"Bu\u011fday\u0131n en lezzetli besinlere d\u00f6n\u00fc\u015f\u00fcm\u00fcnde \u00f6n plana \u00e7\u0131kan ev t\u00fcketim unlar ba\u015fta evlerde olmak \u00fczere pastane ve k\u00fc\u00e7\u00fck \u00fcretim tesislerinde kullan\u0131l\u0131r.","og_url":"https:\/\/kaptanlarun.com\/ev-tuketim-unlar\/","og_site_name":"Kaptanlar Un A.\u015e.","article_publisher":"https:\/\/www.facebook.com\/kaptanlarun\/","article_modified_time":"2025-06-20T07:04:15+00:00","og_image":[{"url":"https:\/\/kaptanlarun.com\/wp-content\/uploads\/kaptanlar-un-gulbeyaz-un.png","type":"","width":"","height":""}],"twitter_card":"summary_large_image","twitter_site":"@kaptanlarun","twitter_misc":{"Est. reading time":"2 minutes"},"schema":{"@context":"https:\/\/schema.org","@graph":[{"@type":"WebPage","@id":"https:\/\/kaptanlarun.com\/ev-tuketim-unlar\/","url":"https:\/\/kaptanlarun.com\/ev-tuketim-unlar\/","name":"House Type Flours | Kaptanlar Un A.\u015e. Evlerde Lezzetli Unlu Mam\u00fcller","isPartOf":{"@id":"https:\/\/kaptanlarun.com\/#website"},"primaryImageOfPage":{"@id":"https:\/\/kaptanlarun.com\/ev-tuketim-unlar\/#primaryimage"},"image":{"@id":"https:\/\/kaptanlarun.com\/ev-tuketim-unlar\/#primaryimage"},"thumbnailUrl":"https:\/\/kaptanlarun.com\/wp-content\/uploads\/kaptanlar-un-gulbeyaz-un.png","datePublished":"2021-02-14T19:59:34+00:00","dateModified":"2025-06-20T07:04:15+00:00","description":"Bu\u011fday\u0131n en lezzetli besinlere d\u00f6n\u00fc\u015f\u00fcm\u00fcnde \u00f6n plana \u00e7\u0131kan ev t\u00fcketim unlar ba\u015fta evlerde olmak \u00fczere pastane ve k\u00fc\u00e7\u00fck \u00fcretim tesislerinde kullan\u0131l\u0131r.","breadcrumb":{"@id":"https:\/\/kaptanlarun.com\/ev-tuketim-unlar\/#breadcrumb"},"inLanguage":"en-US","potentialAction":[{"@type":"ReadAction","target":["https:\/\/kaptanlarun.com\/ev-tuketim-unlar\/"]}]},{"@type":"ImageObject","inLanguage":"en-US","@id":"https:\/\/kaptanlarun.com\/ev-tuketim-unlar\/#primaryimage","url":"https:\/\/kaptanlarun.com\/wp-content\/uploads\/kaptanlar-un-gulbeyaz-un.png","contentUrl":"https:\/\/kaptanlarun.com\/wp-content\/uploads\/kaptanlar-un-gulbeyaz-un.png"},{"@type":"BreadcrumbList","@id":"https:\/\/kaptanlarun.com\/ev-tuketim-unlar\/#breadcrumb","itemListElement":[{"@type":"ListItem","position":1,"name":"Home","item":"https:\/\/kaptanlarun.com\/"},{"@type":"ListItem","position":2,"name":"House Type Flours"}]},{"@type":"WebSite","@id":"https:\/\/kaptanlarun.com\/#website","url":"https:\/\/kaptanlarun.com\/","name":"Kaptanlar Un A.\u015e. - T\u00fcrkiye'nin Un Fabrikas\u0131 | \u00c7anakkale","description":"kaptanlarun.com","publisher":{"@id":"https:\/\/kaptanlarun.com\/#organization"},"potentialAction":[{"@type":"SearchAction","target":{"@type":"EntryPoint","urlTemplate":"https:\/\/kaptanlarun.com\/?s={search_term_string}"},"query-input":{"@type":"PropertyValueSpecification","valueRequired":true,"valueName":"search_term_string"}}],"inLanguage":"en-US"},{"@type":"Organization","@id":"https:\/\/kaptanlarun.com\/#organization","name":"Kaptanlar Un G\u0131da Enerji San. ve Tic. A.\u015e.","url":"https:\/\/kaptanlarun.com\/","logo":{"@type":"ImageObject","inLanguage":"en-US","@id":"https:\/\/kaptanlarun.com\/#\/schema\/logo\/image\/","url":"https:\/\/kaptanlarun.com\/wp-content\/uploads\/kaptanlar-un-retina-logo.png","contentUrl":"https:\/\/kaptanlarun.com\/wp-content\/uploads\/kaptanlar-un-retina-logo.png","width":511,"height":188,"caption":"Kaptanlar Un G\u0131da Enerji San. ve Tic. A.\u015e."},"image":{"@id":"https:\/\/kaptanlarun.com\/#\/schema\/logo\/image\/"},"sameAs":["https:\/\/www.facebook.com\/kaptanlarun\/","https:\/\/x.com\/kaptanlarun","https:\/\/www.instagram.com\/kaptanlarun\/"]}]}},"_links":{"self":[{"href":"https:\/\/kaptanlarun.com\/en\/wp-json\/wp\/v2\/pages\/1840","targetHints":{"allow":["GET"]}}],"collection":[{"href":"https:\/\/kaptanlarun.com\/en\/wp-json\/wp\/v2\/pages"}],"about":[{"href":"https:\/\/kaptanlarun.com\/en\/wp-json\/wp\/v2\/types\/page"}],"author":[{"embeddable":true,"href":"https:\/\/kaptanlarun.com\/en\/wp-json\/wp\/v2\/users\/1"}],"replies":[{"embeddable":true,"href":"https:\/\/kaptanlarun.com\/en\/wp-json\/wp\/v2\/comments?post=1840"}],"version-history":[{"count":1,"href":"https:\/\/kaptanlarun.com\/en\/wp-json\/wp\/v2\/pages\/1840\/revisions"}],"predecessor-version":[{"id":2750,"href":"https:\/\/kaptanlarun.com\/en\/wp-json\/wp\/v2\/pages\/1840\/revisions\/2750"}],"wp:attachment":[{"href":"https:\/\/kaptanlarun.com\/en\/wp-json\/wp\/v2\/media?parent=1840"}],"curies":[{"name":"wp","href":"https:\/\/api.w.org\/{rel}","templated":true}]}}