{"id":1841,"date":"2021-02-14T23:01:54","date_gmt":"2021-02-14T20:01:54","guid":{"rendered":"https:\/\/kaptanlarun.com\/firin-unlari\/"},"modified":"2025-06-20T10:12:13","modified_gmt":"2025-06-20T07:12:13","slug":"firin-unlari","status":"publish","type":"page","link":"https:\/\/kaptanlarun.com\/en\/firin-unlari\/","title":{"rendered":"Bakery Flours"},"content":{"rendered":"\n<p><p>\n<br><\/p><h2>F\u0131r\u0131n Unlar\u0131<\/h2>\n<br>\n<br>\n<br><div class=\"image_frame image_item no_link scale-with-grid element_classes aligncenter no_border mfn-img-box\" ><div class=\"image_wrapper\"><img decoding=\"async\" class=\"scale-with-grid\" src=\"http:\/\/www.kaptanlarun.com\/wp-content\/uploads\/ekmek.png\" fetchpriority=\"high\" alt=\"Bakery Flours\" title=\"\" width=\"\" height=\"\" style=\"\"\/><\/div><\/div>\n\n<br><br>Category<br>no-repeat;center top;;<br>auto<br><br>Sofralar\u0131n vazge\u00e7ilmezi olan ekme\u011fin \u00fcretilmesinde kullan\u0131lan f\u0131r\u0131n unlar\u0131 sadece lezzet de\u011fil g\u00f6rsel a\u00e7\u0131dan da kusursuzlu\u011fu sunuyor. Ekme\u011fin doyurucu ama bir o kadar da do\u011fru bir \u015fekilde haz\u0131rlanmas\u0131 ad\u0131na f\u0131r\u0131nc\u0131lara sunulan bu unun hamur performans\u0131 olduk\u00e7a dikkat \u00e7ekiyor. F\u0131r\u0131n unlar\u0131; protein, glutamin ve prolamin kaynaklar\u0131 ile dikkat \u00e7ekerken a\u015fa\u011f\u0131daki \u00f6zellikleriyle de tercih sebebi oluyor.<br>Desc<br>no-repeat;center top;;<br>auto<br><br><img decoding=\"async\" src=\"https:\/\/kaptanlarun.com\/wp-content\/uploads\/KARAFIRIN-50KG-1.png\" alt=\"KARAFIRIN 50KG-1\"><br>https:\/\/kaptanlarun.com\/wp-content\/uploads\/karafirin-2.png<br><a href=\"http:\/\/www.kaptanlarun.com\/un-turleri\/gulbeyaz-kara-firin-ekmegi\/\">http:\/\/www.kaptanlarun.com\/un-turleri\/gulbeyaz-kara-firin-ekmegi\/<\/a><br><br><img decoding=\"async\" src=\"https:\/\/kaptanlarun.com\/wp-content\/uploads\/morun50kg.png\" alt=\"morun50kg\"><br>http:\/\/www.kaptanlarun.com\/wp-content\/uploads\/kaptanlar-ekmeklik-firin-mor-un-logo.png<br><a href=\"http:\/\/www.kaptanlarun.com\/un-turleri\/mor-un\/\">http:\/\/www.kaptanlarun.com\/un-turleri\/mor-un\/<\/a><br><br><img decoding=\"async\" src=\"https:\/\/kaptanlarun.com\/wp-content\/uploads\/yesilun50kg.png\" alt=\"yesilun50kg\"><br>http:\/\/www.kaptanlarun.com\/wp-content\/uploads\/kaptanlar-ekmeklik-firin-yesil-un-logo.png<br><a href=\"http:\/\/www.kaptanlarun.com\/un-turleri\/yesil-un\/\">http:\/\/www.kaptanlarun.com\/un-turleri\/yesil-un\/<\/a><br><br><img decoding=\"async\" src=\"https:\/\/kaptanlarun.com\/wp-content\/uploads\/esmerko%CC%88yekmegi50kg.png\" alt=\"esmerko\u0308yekmegi50kg\"><br>http:\/\/www.kaptanlarun.com\/wp-content\/uploads\/kaptanlar-koy-ekmeklik-firin-esmer-koy-ekmegi-un-logo.png<br><a href=\"http:\/\/www.kaptanlarun.com\/un-turleri\/esmer-koy-ekmegi-unu\/\">http:\/\/www.kaptanlarun.com\/un-turleri\/esmer-koy-ekmegi-unu\/<\/a><br><br><img decoding=\"async\" src=\"https:\/\/kaptanlarun.com\/wp-content\/uploads\/70-25KG.png\" alt=\"70-25KG\"><br>https:\/\/kaptanlarun.com\/wp-content\/uploads\/70ler-logo-2.png<br><a href=\"https:\/\/kaptanlarun.com\/en\/un-turleri\/70ler-ozel-cekim-kepekli-un\/\">https:\/\/kaptanlarun.com\/un-turleri\/70ler-ozel-cekim-kepekli-un\/<\/a><br><br>Ekmek hamurunun esnek ve kabar\u0131k olmas\u0131n\u0131 sa\u011flar,Hamurun k\u0131sa s\u00fcrede ve daha kaliteli k\u0131vam almas\u0131na destek olur,Su tutma kapasitesi sayesinde \u00fcr\u00fcn miktar\u0131n\u0131 artt\u0131r\u0131r,Yumu\u015fak dokusu sayesinde \u00e7ok basit \u015fekillendirilir,Yo\u011furma performans\u0131 di\u011fer pek \u00e7ok una g\u00f6re iyidir.\n<br>\n<br>T\u00fcm y\u00f6nleriyle kusursuz bir unu kullanarak harika ekmekler \u00fcretmeye ne dersiniz?<br>no-repeat;left top;;<br>auto<br><br><\/p>\n","protected":false},"excerpt":{"rendered":"<p>F\u0131r\u0131n Unlar\u0131 Categoryno-repeat;center top;;auto Sofralar\u0131n vazge\u00e7ilmezi olan ekme\u011fin \u00fcretilmesinde kullan\u0131lan f\u0131r\u0131n unlar\u0131 sadece lezzet de\u011fil g\u00f6rsel a\u00e7\u0131dan da kusursuzlu\u011fu sunuyor. Ekme\u011fin doyurucu ama bir o kadar<span class=\"excerpt-hellip\"> [\u2026]<\/span><\/p>\n","protected":false},"author":1,"featured_media":0,"parent":0,"menu_order":0,"comment_status":"closed","ping_status":"closed","template":"","meta":{"footnotes":""},"class_list":["post-1841","page","type-page","status-publish","hentry"],"yoast_head":"<!-- This site is optimized with the Yoast SEO plugin v27.3 - https:\/\/yoast.com\/product\/yoast-seo-wordpress\/ -->\n<title>Bakery Flours | Kaptanlar Un A.\u015e.<\/title>\n<meta name=\"robots\" content=\"index, follow, max-snippet:-1, max-image-preview:large, max-video-preview:-1\" \/>\n<link rel=\"canonical\" href=\"https:\/\/kaptanlarun.com\/firin-unlari\/\" \/>\n<meta property=\"og:locale\" content=\"en_US\" \/>\n<meta property=\"og:type\" content=\"article\" \/>\n<meta property=\"og:title\" content=\"Bakery Flours | Kaptanlar Un A.\u015e.\" \/>\n<meta property=\"og:description\" content=\"F\u0131r\u0131n Unlar\u0131 Categoryno-repeat;center top;;auto Sofralar\u0131n vazge\u00e7ilmezi olan ekme\u011fin \u00fcretilmesinde kullan\u0131lan f\u0131r\u0131n unlar\u0131 sadece lezzet de\u011fil g\u00f6rsel a\u00e7\u0131dan da kusursuzlu\u011fu sunuyor. Ekme\u011fin doyurucu ama bir o kadar [\u2026]\" \/>\n<meta property=\"og:url\" content=\"https:\/\/kaptanlarun.com\/firin-unlari\/\" \/>\n<meta property=\"og:site_name\" content=\"Kaptanlar Un A.\u015e.\" \/>\n<meta property=\"article:publisher\" content=\"https:\/\/www.facebook.com\/kaptanlarun\/\" \/>\n<meta property=\"article:modified_time\" content=\"2025-06-20T07:12:13+00:00\" \/>\n<meta property=\"og:image\" content=\"https:\/\/kaptanlarun.com\/wp-content\/uploads\/KARAFIRIN-50KG-1.png\" \/>\n<meta name=\"twitter:card\" content=\"summary_large_image\" \/>\n<meta name=\"twitter:site\" content=\"@kaptanlarun\" \/>\n<meta name=\"twitter:label1\" content=\"Est. reading time\" \/>\n\t<meta name=\"twitter:data1\" content=\"2 minutes\" \/>\n<script type=\"application\/ld+json\" class=\"yoast-schema-graph\">{\"@context\":\"https:\\\/\\\/schema.org\",\"@graph\":[{\"@type\":\"WebPage\",\"@id\":\"https:\\\/\\\/kaptanlarun.com\\\/firin-unlari\\\/\",\"url\":\"https:\\\/\\\/kaptanlarun.com\\\/firin-unlari\\\/\",\"name\":\"Bakery Flours | Kaptanlar Un A.\u015e.\",\"isPartOf\":{\"@id\":\"https:\\\/\\\/kaptanlarun.com\\\/#website\"},\"primaryImageOfPage\":{\"@id\":\"https:\\\/\\\/kaptanlarun.com\\\/firin-unlari\\\/#primaryimage\"},\"image\":{\"@id\":\"https:\\\/\\\/kaptanlarun.com\\\/firin-unlari\\\/#primaryimage\"},\"thumbnailUrl\":\"https:\\\/\\\/kaptanlarun.com\\\/wp-content\\\/uploads\\\/KARAFIRIN-50KG-1.png\",\"datePublished\":\"2021-02-14T20:01:54+00:00\",\"dateModified\":\"2025-06-20T07:12:13+00:00\",\"breadcrumb\":{\"@id\":\"https:\\\/\\\/kaptanlarun.com\\\/firin-unlari\\\/#breadcrumb\"},\"inLanguage\":\"en-US\",\"potentialAction\":[{\"@type\":\"ReadAction\",\"target\":[\"https:\\\/\\\/kaptanlarun.com\\\/firin-unlari\\\/\"]}]},{\"@type\":\"ImageObject\",\"inLanguage\":\"en-US\",\"@id\":\"https:\\\/\\\/kaptanlarun.com\\\/firin-unlari\\\/#primaryimage\",\"url\":\"https:\\\/\\\/kaptanlarun.com\\\/wp-content\\\/uploads\\\/KARAFIRIN-50KG-1.png\",\"contentUrl\":\"https:\\\/\\\/kaptanlarun.com\\\/wp-content\\\/uploads\\\/KARAFIRIN-50KG-1.png\"},{\"@type\":\"BreadcrumbList\",\"@id\":\"https:\\\/\\\/kaptanlarun.com\\\/firin-unlari\\\/#breadcrumb\",\"itemListElement\":[{\"@type\":\"ListItem\",\"position\":1,\"name\":\"Home\",\"item\":\"https:\\\/\\\/kaptanlarun.com\\\/\"},{\"@type\":\"ListItem\",\"position\":2,\"name\":\"Bakery Flours\"}]},{\"@type\":\"WebSite\",\"@id\":\"https:\\\/\\\/kaptanlarun.com\\\/#website\",\"url\":\"https:\\\/\\\/kaptanlarun.com\\\/\",\"name\":\"Kaptanlar Un A.\u015e. - T\u00fcrkiye'nin Un Fabrikas\u0131 | \u00c7anakkale\",\"description\":\"kaptanlarun.com\",\"publisher\":{\"@id\":\"https:\\\/\\\/kaptanlarun.com\\\/#organization\"},\"potentialAction\":[{\"@type\":\"SearchAction\",\"target\":{\"@type\":\"EntryPoint\",\"urlTemplate\":\"https:\\\/\\\/kaptanlarun.com\\\/?s={search_term_string}\"},\"query-input\":{\"@type\":\"PropertyValueSpecification\",\"valueRequired\":true,\"valueName\":\"search_term_string\"}}],\"inLanguage\":\"en-US\"},{\"@type\":\"Organization\",\"@id\":\"https:\\\/\\\/kaptanlarun.com\\\/#organization\",\"name\":\"Kaptanlar Un G\u0131da Enerji San. ve Tic. A.\u015e.\",\"url\":\"https:\\\/\\\/kaptanlarun.com\\\/\",\"logo\":{\"@type\":\"ImageObject\",\"inLanguage\":\"en-US\",\"@id\":\"https:\\\/\\\/kaptanlarun.com\\\/#\\\/schema\\\/logo\\\/image\\\/\",\"url\":\"https:\\\/\\\/kaptanlarun.com\\\/wp-content\\\/uploads\\\/kaptanlar-un-retina-logo.png\",\"contentUrl\":\"https:\\\/\\\/kaptanlarun.com\\\/wp-content\\\/uploads\\\/kaptanlar-un-retina-logo.png\",\"width\":511,\"height\":188,\"caption\":\"Kaptanlar Un G\u0131da Enerji San. ve Tic. A.\u015e.\"},\"image\":{\"@id\":\"https:\\\/\\\/kaptanlarun.com\\\/#\\\/schema\\\/logo\\\/image\\\/\"},\"sameAs\":[\"https:\\\/\\\/www.facebook.com\\\/kaptanlarun\\\/\",\"https:\\\/\\\/x.com\\\/kaptanlarun\",\"https:\\\/\\\/www.instagram.com\\\/kaptanlarun\\\/\"]}]}<\/script>\n<!-- \/ Yoast SEO plugin. -->","yoast_head_json":{"title":"Bakery Flours | Kaptanlar Un A.\u015e.","robots":{"index":"index","follow":"follow","max-snippet":"max-snippet:-1","max-image-preview":"max-image-preview:large","max-video-preview":"max-video-preview:-1"},"canonical":"https:\/\/kaptanlarun.com\/firin-unlari\/","og_locale":"en_US","og_type":"article","og_title":"Bakery Flours | Kaptanlar Un A.\u015e.","og_description":"F\u0131r\u0131n Unlar\u0131 Categoryno-repeat;center top;;auto Sofralar\u0131n vazge\u00e7ilmezi olan ekme\u011fin \u00fcretilmesinde kullan\u0131lan f\u0131r\u0131n unlar\u0131 sadece lezzet de\u011fil g\u00f6rsel a\u00e7\u0131dan da kusursuzlu\u011fu sunuyor. Ekme\u011fin doyurucu ama bir o kadar [\u2026]","og_url":"https:\/\/kaptanlarun.com\/firin-unlari\/","og_site_name":"Kaptanlar Un A.\u015e.","article_publisher":"https:\/\/www.facebook.com\/kaptanlarun\/","article_modified_time":"2025-06-20T07:12:13+00:00","og_image":[{"url":"https:\/\/kaptanlarun.com\/wp-content\/uploads\/KARAFIRIN-50KG-1.png","type":"","width":"","height":""}],"twitter_card":"summary_large_image","twitter_site":"@kaptanlarun","twitter_misc":{"Est. reading time":"2 minutes"},"schema":{"@context":"https:\/\/schema.org","@graph":[{"@type":"WebPage","@id":"https:\/\/kaptanlarun.com\/firin-unlari\/","url":"https:\/\/kaptanlarun.com\/firin-unlari\/","name":"Bakery Flours | Kaptanlar Un A.\u015e.","isPartOf":{"@id":"https:\/\/kaptanlarun.com\/#website"},"primaryImageOfPage":{"@id":"https:\/\/kaptanlarun.com\/firin-unlari\/#primaryimage"},"image":{"@id":"https:\/\/kaptanlarun.com\/firin-unlari\/#primaryimage"},"thumbnailUrl":"https:\/\/kaptanlarun.com\/wp-content\/uploads\/KARAFIRIN-50KG-1.png","datePublished":"2021-02-14T20:01:54+00:00","dateModified":"2025-06-20T07:12:13+00:00","breadcrumb":{"@id":"https:\/\/kaptanlarun.com\/firin-unlari\/#breadcrumb"},"inLanguage":"en-US","potentialAction":[{"@type":"ReadAction","target":["https:\/\/kaptanlarun.com\/firin-unlari\/"]}]},{"@type":"ImageObject","inLanguage":"en-US","@id":"https:\/\/kaptanlarun.com\/firin-unlari\/#primaryimage","url":"https:\/\/kaptanlarun.com\/wp-content\/uploads\/KARAFIRIN-50KG-1.png","contentUrl":"https:\/\/kaptanlarun.com\/wp-content\/uploads\/KARAFIRIN-50KG-1.png"},{"@type":"BreadcrumbList","@id":"https:\/\/kaptanlarun.com\/firin-unlari\/#breadcrumb","itemListElement":[{"@type":"ListItem","position":1,"name":"Home","item":"https:\/\/kaptanlarun.com\/"},{"@type":"ListItem","position":2,"name":"Bakery Flours"}]},{"@type":"WebSite","@id":"https:\/\/kaptanlarun.com\/#website","url":"https:\/\/kaptanlarun.com\/","name":"Kaptanlar Un A.\u015e. - T\u00fcrkiye'nin Un Fabrikas\u0131 | \u00c7anakkale","description":"kaptanlarun.com","publisher":{"@id":"https:\/\/kaptanlarun.com\/#organization"},"potentialAction":[{"@type":"SearchAction","target":{"@type":"EntryPoint","urlTemplate":"https:\/\/kaptanlarun.com\/?s={search_term_string}"},"query-input":{"@type":"PropertyValueSpecification","valueRequired":true,"valueName":"search_term_string"}}],"inLanguage":"en-US"},{"@type":"Organization","@id":"https:\/\/kaptanlarun.com\/#organization","name":"Kaptanlar Un G\u0131da Enerji San. ve Tic. A.\u015e.","url":"https:\/\/kaptanlarun.com\/","logo":{"@type":"ImageObject","inLanguage":"en-US","@id":"https:\/\/kaptanlarun.com\/#\/schema\/logo\/image\/","url":"https:\/\/kaptanlarun.com\/wp-content\/uploads\/kaptanlar-un-retina-logo.png","contentUrl":"https:\/\/kaptanlarun.com\/wp-content\/uploads\/kaptanlar-un-retina-logo.png","width":511,"height":188,"caption":"Kaptanlar Un G\u0131da Enerji San. ve Tic. A.\u015e."},"image":{"@id":"https:\/\/kaptanlarun.com\/#\/schema\/logo\/image\/"},"sameAs":["https:\/\/www.facebook.com\/kaptanlarun\/","https:\/\/x.com\/kaptanlarun","https:\/\/www.instagram.com\/kaptanlarun\/"]}]}},"_links":{"self":[{"href":"https:\/\/kaptanlarun.com\/en\/wp-json\/wp\/v2\/pages\/1841","targetHints":{"allow":["GET"]}}],"collection":[{"href":"https:\/\/kaptanlarun.com\/en\/wp-json\/wp\/v2\/pages"}],"about":[{"href":"https:\/\/kaptanlarun.com\/en\/wp-json\/wp\/v2\/types\/page"}],"author":[{"embeddable":true,"href":"https:\/\/kaptanlarun.com\/en\/wp-json\/wp\/v2\/users\/1"}],"replies":[{"embeddable":true,"href":"https:\/\/kaptanlarun.com\/en\/wp-json\/wp\/v2\/comments?post=1841"}],"version-history":[{"count":1,"href":"https:\/\/kaptanlarun.com\/en\/wp-json\/wp\/v2\/pages\/1841\/revisions"}],"predecessor-version":[{"id":2752,"href":"https:\/\/kaptanlarun.com\/en\/wp-json\/wp\/v2\/pages\/1841\/revisions\/2752"}],"wp:attachment":[{"href":"https:\/\/kaptanlarun.com\/en\/wp-json\/wp\/v2\/media?parent=1841"}],"curies":[{"name":"wp","href":"https:\/\/api.w.org\/{rel}","templated":true}]}}