{"id":1843,"date":"2019-10-23T00:42:03","date_gmt":"2019-10-22T21:42:03","guid":{"rendered":"https:\/\/kaptanlarun.com\/galeri\/"},"modified":"2022-10-26T16:49:57","modified_gmt":"2022-10-26T13:49:57","slug":"galeri","status":"publish","type":"page","link":"https:\/\/kaptanlarun.com\/en\/galeri\/","title":{"rendered":"Gallery"},"content":{"rendered":"\n<p>Galeri<br>Kaptanlar Un G\u00f6rseller, Foto\u011fraflar<br>icon<br>icon-photo-line<br><br>3<br>thumbnail<br><br><\/p>\n","protected":false},"excerpt":{"rendered":"<p>GaleriKaptanlar Un G\u00f6rseller, Foto\u011fraflariconicon-photo-line 3thumbnail<\/p>\n","protected":false},"author":1,"featured_media":0,"parent":0,"menu_order":0,"comment_status":"closed","ping_status":"closed","template":"","meta":{"footnotes":""},"class_list":["post-1843","page","type-page","status-publish","hentry"],"yoast_head":"<!-- This site is optimized with the Yoast SEO plugin v27.3 - https:\/\/yoast.com\/product\/yoast-seo-wordpress\/ -->\n<title>Gallery | Kaptanlar Un A.\u015e.<\/title>\n<meta name=\"robots\" content=\"index, follow, max-snippet:-1, max-image-preview:large, max-video-preview:-1\" \/>\n<link rel=\"canonical\" href=\"https:\/\/kaptanlarun.com\/galeri\/\" \/>\n<meta property=\"og:locale\" content=\"en_US\" \/>\n<meta property=\"og:type\" content=\"article\" \/>\n<meta property=\"og:title\" content=\"Gallery | Kaptanlar Un A.\u015e.\" \/>\n<meta property=\"og:description\" content=\"GaleriKaptanlar Un G\u00f6rseller, Foto\u011fraflariconicon-photo-line 3thumbnail\" \/>\n<meta property=\"og:url\" content=\"https:\/\/kaptanlarun.com\/galeri\/\" \/>\n<meta property=\"og:site_name\" content=\"Kaptanlar Un A.\u015e.\" \/>\n<meta property=\"article:publisher\" content=\"https:\/\/www.facebook.com\/kaptanlarun\/\" \/>\n<meta property=\"article:modified_time\" content=\"2022-10-26T13:49:57+00:00\" \/>\n<meta name=\"twitter:card\" content=\"summary_large_image\" \/>\n<meta name=\"twitter:site\" content=\"@kaptanlarun\" \/>\n<meta name=\"twitter:label1\" content=\"Est. reading time\" \/>\n\t<meta name=\"twitter:data1\" content=\"1 minute\" \/>\n<script type=\"application\/ld+json\" class=\"yoast-schema-graph\">{\"@context\":\"https:\\\/\\\/schema.org\",\"@graph\":[{\"@type\":\"WebPage\",\"@id\":\"https:\\\/\\\/kaptanlarun.com\\\/galeri\\\/\",\"url\":\"https:\\\/\\\/kaptanlarun.com\\\/galeri\\\/\",\"name\":\"Gallery | Kaptanlar Un A.\u015e.\",\"isPartOf\":{\"@id\":\"https:\\\/\\\/kaptanlarun.com\\\/#website\"},\"datePublished\":\"2019-10-22T21:42:03+00:00\",\"dateModified\":\"2022-10-26T13:49:57+00:00\",\"breadcrumb\":{\"@id\":\"https:\\\/\\\/kaptanlarun.com\\\/galeri\\\/#breadcrumb\"},\"inLanguage\":\"en-US\",\"potentialAction\":[{\"@type\":\"ReadAction\",\"target\":[\"https:\\\/\\\/kaptanlarun.com\\\/galeri\\\/\"]}]},{\"@type\":\"BreadcrumbList\",\"@id\":\"https:\\\/\\\/kaptanlarun.com\\\/galeri\\\/#breadcrumb\",\"itemListElement\":[{\"@type\":\"ListItem\",\"position\":1,\"name\":\"Home\",\"item\":\"https:\\\/\\\/kaptanlarun.com\\\/\"},{\"@type\":\"ListItem\",\"position\":2,\"name\":\"Gallery\"}]},{\"@type\":\"WebSite\",\"@id\":\"https:\\\/\\\/kaptanlarun.com\\\/#website\",\"url\":\"https:\\\/\\\/kaptanlarun.com\\\/\",\"name\":\"Kaptanlar Un A.\u015e. - T\u00fcrkiye'nin Un Fabrikas\u0131 | \u00c7anakkale\",\"description\":\"kaptanlarun.com\",\"publisher\":{\"@id\":\"https:\\\/\\\/kaptanlarun.com\\\/#organization\"},\"potentialAction\":[{\"@type\":\"SearchAction\",\"target\":{\"@type\":\"EntryPoint\",\"urlTemplate\":\"https:\\\/\\\/kaptanlarun.com\\\/?s={search_term_string}\"},\"query-input\":{\"@type\":\"PropertyValueSpecification\",\"valueRequired\":true,\"valueName\":\"search_term_string\"}}],\"inLanguage\":\"en-US\"},{\"@type\":\"Organization\",\"@id\":\"https:\\\/\\\/kaptanlarun.com\\\/#organization\",\"name\":\"Kaptanlar Un G\u0131da Enerji San. ve Tic. A.\u015e.\",\"url\":\"https:\\\/\\\/kaptanlarun.com\\\/\",\"logo\":{\"@type\":\"ImageObject\",\"inLanguage\":\"en-US\",\"@id\":\"https:\\\/\\\/kaptanlarun.com\\\/#\\\/schema\\\/logo\\\/image\\\/\",\"url\":\"https:\\\/\\\/kaptanlarun.com\\\/wp-content\\\/uploads\\\/kaptanlar-un-retina-logo.png\",\"contentUrl\":\"https:\\\/\\\/kaptanlarun.com\\\/wp-content\\\/uploads\\\/kaptanlar-un-retina-logo.png\",\"width\":511,\"height\":188,\"caption\":\"Kaptanlar Un G\u0131da Enerji San. ve Tic. A.\u015e.\"},\"image\":{\"@id\":\"https:\\\/\\\/kaptanlarun.com\\\/#\\\/schema\\\/logo\\\/image\\\/\"},\"sameAs\":[\"https:\\\/\\\/www.facebook.com\\\/kaptanlarun\\\/\",\"https:\\\/\\\/x.com\\\/kaptanlarun\",\"https:\\\/\\\/www.instagram.com\\\/kaptanlarun\\\/\"]}]}<\/script>\n<!-- \/ Yoast SEO plugin. -->","yoast_head_json":{"title":"Gallery | Kaptanlar Un A.\u015e.","robots":{"index":"index","follow":"follow","max-snippet":"max-snippet:-1","max-image-preview":"max-image-preview:large","max-video-preview":"max-video-preview:-1"},"canonical":"https:\/\/kaptanlarun.com\/galeri\/","og_locale":"en_US","og_type":"article","og_title":"Gallery | Kaptanlar Un A.\u015e.","og_description":"GaleriKaptanlar Un G\u00f6rseller, Foto\u011fraflariconicon-photo-line 3thumbnail","og_url":"https:\/\/kaptanlarun.com\/galeri\/","og_site_name":"Kaptanlar Un A.\u015e.","article_publisher":"https:\/\/www.facebook.com\/kaptanlarun\/","article_modified_time":"2022-10-26T13:49:57+00:00","twitter_card":"summary_large_image","twitter_site":"@kaptanlarun","twitter_misc":{"Est. reading time":"1 minute"},"schema":{"@context":"https:\/\/schema.org","@graph":[{"@type":"WebPage","@id":"https:\/\/kaptanlarun.com\/galeri\/","url":"https:\/\/kaptanlarun.com\/galeri\/","name":"Gallery | Kaptanlar Un A.\u015e.","isPartOf":{"@id":"https:\/\/kaptanlarun.com\/#website"},"datePublished":"2019-10-22T21:42:03+00:00","dateModified":"2022-10-26T13:49:57+00:00","breadcrumb":{"@id":"https:\/\/kaptanlarun.com\/galeri\/#breadcrumb"},"inLanguage":"en-US","potentialAction":[{"@type":"ReadAction","target":["https:\/\/kaptanlarun.com\/galeri\/"]}]},{"@type":"BreadcrumbList","@id":"https:\/\/kaptanlarun.com\/galeri\/#breadcrumb","itemListElement":[{"@type":"ListItem","position":1,"name":"Home","item":"https:\/\/kaptanlarun.com\/"},{"@type":"ListItem","position":2,"name":"Gallery"}]},{"@type":"WebSite","@id":"https:\/\/kaptanlarun.com\/#website","url":"https:\/\/kaptanlarun.com\/","name":"Kaptanlar Un A.\u015e. - T\u00fcrkiye'nin Un Fabrikas\u0131 | \u00c7anakkale","description":"kaptanlarun.com","publisher":{"@id":"https:\/\/kaptanlarun.com\/#organization"},"potentialAction":[{"@type":"SearchAction","target":{"@type":"EntryPoint","urlTemplate":"https:\/\/kaptanlarun.com\/?s={search_term_string}"},"query-input":{"@type":"PropertyValueSpecification","valueRequired":true,"valueName":"search_term_string"}}],"inLanguage":"en-US"},{"@type":"Organization","@id":"https:\/\/kaptanlarun.com\/#organization","name":"Kaptanlar Un G\u0131da Enerji San. ve Tic. A.\u015e.","url":"https:\/\/kaptanlarun.com\/","logo":{"@type":"ImageObject","inLanguage":"en-US","@id":"https:\/\/kaptanlarun.com\/#\/schema\/logo\/image\/","url":"https:\/\/kaptanlarun.com\/wp-content\/uploads\/kaptanlar-un-retina-logo.png","contentUrl":"https:\/\/kaptanlarun.com\/wp-content\/uploads\/kaptanlar-un-retina-logo.png","width":511,"height":188,"caption":"Kaptanlar Un G\u0131da Enerji San. ve Tic. A.\u015e."},"image":{"@id":"https:\/\/kaptanlarun.com\/#\/schema\/logo\/image\/"},"sameAs":["https:\/\/www.facebook.com\/kaptanlarun\/","https:\/\/x.com\/kaptanlarun","https:\/\/www.instagram.com\/kaptanlarun\/"]}]}},"_links":{"self":[{"href":"https:\/\/kaptanlarun.com\/en\/wp-json\/wp\/v2\/pages\/1843","targetHints":{"allow":["GET"]}}],"collection":[{"href":"https:\/\/kaptanlarun.com\/en\/wp-json\/wp\/v2\/pages"}],"about":[{"href":"https:\/\/kaptanlarun.com\/en\/wp-json\/wp\/v2\/types\/page"}],"author":[{"embeddable":true,"href":"https:\/\/kaptanlarun.com\/en\/wp-json\/wp\/v2\/users\/1"}],"replies":[{"embeddable":true,"href":"https:\/\/kaptanlarun.com\/en\/wp-json\/wp\/v2\/comments?post=1843"}],"version-history":[{"count":0,"href":"https:\/\/kaptanlarun.com\/en\/wp-json\/wp\/v2\/pages\/1843\/revisions"}],"wp:attachment":[{"href":"https:\/\/kaptanlarun.com\/en\/wp-json\/wp\/v2\/media?parent=1843"}],"curies":[{"name":"wp","href":"https:\/\/api.w.org\/{rel}","templated":true}]}}