{"id":1844,"date":"2014-11-19T10:51:54","date_gmt":"2014-11-19T07:51:54","guid":{"rendered":"https:\/\/kaptanlarun.com\/hakkimizda\/"},"modified":"2025-06-20T09:45:59","modified_gmt":"2025-06-20T06:45:59","slug":"about-us","status":"publish","type":"page","link":"https:\/\/kaptanlarun.com\/en\/about-us\/","title":{"rendered":"About Us"},"content":{"rendered":"\n<p><p><img decoding=\"async\" src=\"http:\/\/www.kaptanlarun.com\/wp-content\/uploads\/kaptanlar-un-hakkimizda-ekmekler.png\" alt=\"kaptanlar-un-hakkimizda-ekmekler\"><br>center<br><br><img decoding=\"async\" src=\"http:\/\/www.kaptanlarun.com\/wp-content\/uploads\/kaptanlar-hakkimizda-logo.png\" alt=\"kaptanlar-hakkimizda-logo\"><br>center<br>30<br><br><\/p><h2>Hakk\u0131m\u0131zda<\/h2>\n<br>\n<br><h5>Un sekt\u00f6r\u00fcnde emin ad\u0131mlarla ilerleyen KAPTANLAR UN A.\u015e, \u00fcr\u00fcn \u00e7e\u015fitleri ile T\u00fcrkiye\u2019nin say\u0131l\u0131 un markalar\u0131 aras\u0131nda yerini almaktad\u0131r.<\/h5>\n<br>\n<br>M\u00fc\u015fteri memnuniyetini en \u00fcst d\u00fczeyde tutarak, teknolojisini ve kalitesini s\u00fcrekli geli\u015ftirerek, sekt\u00f6r i\u00e7erisinde \u00f6nemli bir yere sahip olmaya ve \u00fclke kalk\u0131nmas\u0131na destek olmaya \u00e7al\u0131\u015fmaktad\u0131r.<br>no-repeat;center top;;<br>auto<br><br>default<br><br><h2>Kaptanlar Un A.\u015e.<\/h2>\n<br><hr class=\"no_line\" style=\"margin: 0 auto 0px auto\"\/>\n\n<br>\n<br>Firmam\u0131z laboratuvar ve Ar-Ge \u00e7al\u0131\u015fmalar\u0131na verdi\u011fi \u00f6nemle ile birlikte, siz de\u011ferli m\u00fc\u015fterilerimizin bize duyduklar\u0131 g\u00fcven ile istikrarl\u0131 bir b\u00fcy\u00fcme sa\u011flam\u0131\u015ft\u0131r.\n<br>\n<br>Hijyenik \u015fartlara uygun olarak \u00fcretilen kaliteli \u00fcr\u00fcnlerini m\u00fc\u015fterilerine sunarak \u00fcst\u00fcn hizmet anlay\u0131\u015f\u0131n\u0131 s\u00fcrd\u00fcrmektedir.\n<br>Kaliteden \u00f6d\u00fcn vermeden, en sa\u011fl\u0131kl\u0131 \u015fekilde \u00fcretim yapan, etik de\u011ferlere ve yasalara ba\u011fl\u0131l\u0131\u011f\u0131 prensip haline getirmi\u015ftir.\n<br>\n<br>Bayilik, da\u011f\u0131t\u0131m ve pazarlama te\u015fkilat\u0131n\u0131 sa\u011flam temeller \u00fczerine kurup olup, \u00fcretti\u011fi 20 \u00e7e\u015fit un ile b\u00f6lgesinin \u00f6ncelikli aranan markalar\u0131ndan biri olmu\u015ftur.<br>no-repeat;center top;;<br>auto<br><br>Gallery<br><br>no-repeat;center top;;<br>auto<br><br><\/p>\n\n\n\n<p><p><img decoding=\"async\" src=\"http:\/\/www.kaptanlarun.com\/wp-content\/uploads\/kaptanlar-un-hakkimizda-ekmekler.png\" alt=\"kaptanlar-un-hakkimizda-ekmekler\"><br>full<br>center<br><br>HAKKIMIZDA<br><\/p><h5>Un sekt\u00f6r\u00fcnde emin ad\u0131mlarla ilerleyen KAPTANLAR UN A.\u015e, \u00fcr\u00fcn \u00e7e\u015fitleri ile T\u00fcrkiye\u2019nin say\u0131l\u0131 un markalar\u0131 aras\u0131nda yerini almaktad\u0131r.<\/h5>\n<br>\n<br>M\u00fc\u015fteri memnuniyetini en \u00fcst d\u00fczeyde tutarak, teknolojisini ve kalitesini s\u00fcrekli geli\u015ftirerek, sekt\u00f6r i\u00e7erisinde \u00f6nemli bir yere sahip olmaya ve \u00fclke kalk\u0131nmas\u0131na destek olmaya \u00e7al\u0131\u015fmaktad\u0131r.<br>icon<br><br><img decoding=\"async\" src=\"http:\/\/www.kaptanlarun.com\/wp-content\/uploads\/kaptanlar-hakkimizda-logo.png\" alt=\"kaptanlar-hakkimizda-logo\"><br>full<br>center<br>30<br><br><h3>Kaptanlar Un A.\u015e.<\/h3>\n<br><hr class=\"no_line\" style=\"margin: 0 auto 30px auto\"\/>\n\n<br>\n<br>Firmam\u0131z laboratuvar ve Ar-Ge \u00e7al\u0131\u015fmalar\u0131na verdi\u011fi \u00f6nemle ile birlikte, siz de\u011ferli m\u00fc\u015fterilerimizin bize duyduklar\u0131 g\u00fcven ile istikrarl\u0131 bir b\u00fcy\u00fcme sa\u011flam\u0131\u015ft\u0131r.\n<br>\n<br>Hijyenik \u015fartlara uygun olarak \u00fcretilen kaliteli \u00fcr\u00fcnlerini m\u00fc\u015fterilerine sunarak \u00fcst\u00fcn hizmet anlay\u0131\u015f\u0131n\u0131 s\u00fcrd\u00fcrmektedir.\n<br>Kaliteden \u00f6d\u00fcn vermeden, en sa\u011fl\u0131kl\u0131 \u015fekilde \u00fcretim yapan, etik de\u011ferlere ve yasalara ba\u011fl\u0131l\u0131\u011f\u0131 prensip haline getirmi\u015ftir.\n<br>\n<br>Bayilik, da\u011f\u0131t\u0131m ve pazarlama te\u015fkilat\u0131n\u0131 sa\u011flam temeller \u00fczerine kurup olup, \u00fcretti\u011fi 20 \u00e7e\u015fit un ile b\u00f6lgesinin \u00f6ncelikli aranan markalar\u0131ndan biri olmu\u015ftur.<br>no-repeat;center top;;<br>auto<br><br><h2>Hakk\u0131m\u0131zda<\/h2>\n<br>\n<br><h5>Un sekt\u00f6r\u00fcnde emin ad\u0131mlarla ilerleyen KAPTANLAR UN A.\u015e, \u00fcr\u00fcn \u00e7e\u015fitleri ile T\u00fcrkiye\u2019nin say\u0131l\u0131 un markalar\u0131 aras\u0131nda yerini almaktad\u0131r.<\/h5>\n<br>\n<br>M\u00fc\u015fteri memnuniyetini en \u00fcst d\u00fczeyde tutarak, teknolojisini ve kalitesini s\u00fcrekli geli\u015ftirerek, sekt\u00f6r i\u00e7erisinde \u00f6nemli bir yere sahip olmaya ve \u00fclke kalk\u0131nmas\u0131na destek olmaya \u00e7al\u0131\u015fmaktad\u0131r.<br>no-repeat;center top;;<br>auto<br><br><\/p>\n","protected":false},"excerpt":{"rendered":"<p>center center30 Hakk\u0131m\u0131zda Un sekt\u00f6r\u00fcnde emin ad\u0131mlarla ilerleyen KAPTANLAR UN A.\u015e, \u00fcr\u00fcn \u00e7e\u015fitleri ile T\u00fcrkiye\u2019nin say\u0131l\u0131 un markalar\u0131 aras\u0131nda yerini almaktad\u0131r. M\u00fc\u015fteri memnuniyetini en \u00fcst d\u00fczeyde<span class=\"excerpt-hellip\"> [\u2026]<\/span><\/p>\n","protected":false},"author":1,"featured_media":0,"parent":0,"menu_order":0,"comment_status":"open","ping_status":"open","template":"","meta":{"footnotes":""},"class_list":["post-1844","page","type-page","status-publish","hentry"],"yoast_head":"<!-- This site is optimized with the Yoast SEO plugin v27.3 - https:\/\/yoast.com\/product\/yoast-seo-wordpress\/ -->\n<title>About Us | Kaptanlar Un A.\u015e.<\/title>\n<meta name=\"robots\" content=\"index, follow, max-snippet:-1, max-image-preview:large, max-video-preview:-1\" \/>\n<link rel=\"canonical\" href=\"https:\/\/kaptanlarun.com\/hakkimizda\/\" \/>\n<meta property=\"og:locale\" content=\"en_US\" \/>\n<meta property=\"og:type\" content=\"article\" \/>\n<meta property=\"og:title\" content=\"About Us | Kaptanlar Un A.\u015e.\" \/>\n<meta property=\"og:description\" content=\"center center30 Hakk\u0131m\u0131zda Un sekt\u00f6r\u00fcnde emin ad\u0131mlarla ilerleyen KAPTANLAR UN A.\u015e, \u00fcr\u00fcn \u00e7e\u015fitleri ile T\u00fcrkiye\u2019nin say\u0131l\u0131 un markalar\u0131 aras\u0131nda yerini almaktad\u0131r. M\u00fc\u015fteri memnuniyetini en \u00fcst d\u00fczeyde [\u2026]\" \/>\n<meta property=\"og:url\" content=\"https:\/\/kaptanlarun.com\/hakkimizda\/\" \/>\n<meta property=\"og:site_name\" content=\"Kaptanlar Un A.\u015e.\" \/>\n<meta property=\"article:publisher\" content=\"https:\/\/www.facebook.com\/kaptanlarun\/\" \/>\n<meta property=\"article:modified_time\" content=\"2025-06-20T06:45:59+00:00\" \/>\n<meta property=\"og:image\" content=\"http:\/\/www.kaptanlarun.com\/wp-content\/uploads\/kaptanlar-un-hakkimizda-ekmekler.png\" \/>\n<meta name=\"twitter:card\" content=\"summary_large_image\" \/>\n<meta name=\"twitter:site\" content=\"@kaptanlarun\" \/>\n<meta name=\"twitter:label1\" content=\"Est. reading time\" \/>\n\t<meta name=\"twitter:data1\" content=\"3 minutes\" \/>\n<script type=\"application\/ld+json\" class=\"yoast-schema-graph\">{\"@context\":\"https:\\\/\\\/schema.org\",\"@graph\":[{\"@type\":\"WebPage\",\"@id\":\"https:\\\/\\\/kaptanlarun.com\\\/hakkimizda\\\/\",\"url\":\"https:\\\/\\\/kaptanlarun.com\\\/hakkimizda\\\/\",\"name\":\"About Us | Kaptanlar Un A.\u015e.\",\"isPartOf\":{\"@id\":\"https:\\\/\\\/kaptanlarun.com\\\/#website\"},\"primaryImageOfPage\":{\"@id\":\"https:\\\/\\\/kaptanlarun.com\\\/hakkimizda\\\/#primaryimage\"},\"image\":{\"@id\":\"https:\\\/\\\/kaptanlarun.com\\\/hakkimizda\\\/#primaryimage\"},\"thumbnailUrl\":\"http:\\\/\\\/www.kaptanlarun.com\\\/wp-content\\\/uploads\\\/kaptanlar-un-hakkimizda-ekmekler.png\",\"datePublished\":\"2014-11-19T07:51:54+00:00\",\"dateModified\":\"2025-06-20T06:45:59+00:00\",\"breadcrumb\":{\"@id\":\"https:\\\/\\\/kaptanlarun.com\\\/hakkimizda\\\/#breadcrumb\"},\"inLanguage\":\"en-US\",\"potentialAction\":[{\"@type\":\"ReadAction\",\"target\":[\"https:\\\/\\\/kaptanlarun.com\\\/hakkimizda\\\/\"]}]},{\"@type\":\"ImageObject\",\"inLanguage\":\"en-US\",\"@id\":\"https:\\\/\\\/kaptanlarun.com\\\/hakkimizda\\\/#primaryimage\",\"url\":\"http:\\\/\\\/www.kaptanlarun.com\\\/wp-content\\\/uploads\\\/kaptanlar-un-hakkimizda-ekmekler.png\",\"contentUrl\":\"http:\\\/\\\/www.kaptanlarun.com\\\/wp-content\\\/uploads\\\/kaptanlar-un-hakkimizda-ekmekler.png\"},{\"@type\":\"BreadcrumbList\",\"@id\":\"https:\\\/\\\/kaptanlarun.com\\\/hakkimizda\\\/#breadcrumb\",\"itemListElement\":[{\"@type\":\"ListItem\",\"position\":1,\"name\":\"Home\",\"item\":\"https:\\\/\\\/kaptanlarun.com\\\/\"},{\"@type\":\"ListItem\",\"position\":2,\"name\":\"About Us\"}]},{\"@type\":\"WebSite\",\"@id\":\"https:\\\/\\\/kaptanlarun.com\\\/#website\",\"url\":\"https:\\\/\\\/kaptanlarun.com\\\/\",\"name\":\"Kaptanlar Un A.\u015e. - T\u00fcrkiye'nin Un Fabrikas\u0131 | \u00c7anakkale\",\"description\":\"kaptanlarun.com\",\"publisher\":{\"@id\":\"https:\\\/\\\/kaptanlarun.com\\\/#organization\"},\"potentialAction\":[{\"@type\":\"SearchAction\",\"target\":{\"@type\":\"EntryPoint\",\"urlTemplate\":\"https:\\\/\\\/kaptanlarun.com\\\/?s={search_term_string}\"},\"query-input\":{\"@type\":\"PropertyValueSpecification\",\"valueRequired\":true,\"valueName\":\"search_term_string\"}}],\"inLanguage\":\"en-US\"},{\"@type\":\"Organization\",\"@id\":\"https:\\\/\\\/kaptanlarun.com\\\/#organization\",\"name\":\"Kaptanlar Un G\u0131da Enerji San. ve Tic. A.\u015e.\",\"url\":\"https:\\\/\\\/kaptanlarun.com\\\/\",\"logo\":{\"@type\":\"ImageObject\",\"inLanguage\":\"en-US\",\"@id\":\"https:\\\/\\\/kaptanlarun.com\\\/#\\\/schema\\\/logo\\\/image\\\/\",\"url\":\"https:\\\/\\\/kaptanlarun.com\\\/wp-content\\\/uploads\\\/kaptanlar-un-retina-logo.png\",\"contentUrl\":\"https:\\\/\\\/kaptanlarun.com\\\/wp-content\\\/uploads\\\/kaptanlar-un-retina-logo.png\",\"width\":511,\"height\":188,\"caption\":\"Kaptanlar Un G\u0131da Enerji San. ve Tic. A.\u015e.\"},\"image\":{\"@id\":\"https:\\\/\\\/kaptanlarun.com\\\/#\\\/schema\\\/logo\\\/image\\\/\"},\"sameAs\":[\"https:\\\/\\\/www.facebook.com\\\/kaptanlarun\\\/\",\"https:\\\/\\\/x.com\\\/kaptanlarun\",\"https:\\\/\\\/www.instagram.com\\\/kaptanlarun\\\/\"]}]}<\/script>\n<!-- \/ Yoast SEO plugin. -->","yoast_head_json":{"title":"About Us | Kaptanlar Un A.\u015e.","robots":{"index":"index","follow":"follow","max-snippet":"max-snippet:-1","max-image-preview":"max-image-preview:large","max-video-preview":"max-video-preview:-1"},"canonical":"https:\/\/kaptanlarun.com\/hakkimizda\/","og_locale":"en_US","og_type":"article","og_title":"About Us | Kaptanlar Un A.\u015e.","og_description":"center center30 Hakk\u0131m\u0131zda Un sekt\u00f6r\u00fcnde emin ad\u0131mlarla ilerleyen KAPTANLAR UN A.\u015e, \u00fcr\u00fcn \u00e7e\u015fitleri ile T\u00fcrkiye\u2019nin say\u0131l\u0131 un markalar\u0131 aras\u0131nda yerini almaktad\u0131r. M\u00fc\u015fteri memnuniyetini en \u00fcst d\u00fczeyde [\u2026]","og_url":"https:\/\/kaptanlarun.com\/hakkimizda\/","og_site_name":"Kaptanlar Un A.\u015e.","article_publisher":"https:\/\/www.facebook.com\/kaptanlarun\/","article_modified_time":"2025-06-20T06:45:59+00:00","og_image":[{"url":"http:\/\/www.kaptanlarun.com\/wp-content\/uploads\/kaptanlar-un-hakkimizda-ekmekler.png","type":"","width":"","height":""}],"twitter_card":"summary_large_image","twitter_site":"@kaptanlarun","twitter_misc":{"Est. reading time":"3 minutes"},"schema":{"@context":"https:\/\/schema.org","@graph":[{"@type":"WebPage","@id":"https:\/\/kaptanlarun.com\/hakkimizda\/","url":"https:\/\/kaptanlarun.com\/hakkimizda\/","name":"About Us | Kaptanlar Un A.\u015e.","isPartOf":{"@id":"https:\/\/kaptanlarun.com\/#website"},"primaryImageOfPage":{"@id":"https:\/\/kaptanlarun.com\/hakkimizda\/#primaryimage"},"image":{"@id":"https:\/\/kaptanlarun.com\/hakkimizda\/#primaryimage"},"thumbnailUrl":"http:\/\/www.kaptanlarun.com\/wp-content\/uploads\/kaptanlar-un-hakkimizda-ekmekler.png","datePublished":"2014-11-19T07:51:54+00:00","dateModified":"2025-06-20T06:45:59+00:00","breadcrumb":{"@id":"https:\/\/kaptanlarun.com\/hakkimizda\/#breadcrumb"},"inLanguage":"en-US","potentialAction":[{"@type":"ReadAction","target":["https:\/\/kaptanlarun.com\/hakkimizda\/"]}]},{"@type":"ImageObject","inLanguage":"en-US","@id":"https:\/\/kaptanlarun.com\/hakkimizda\/#primaryimage","url":"http:\/\/www.kaptanlarun.com\/wp-content\/uploads\/kaptanlar-un-hakkimizda-ekmekler.png","contentUrl":"http:\/\/www.kaptanlarun.com\/wp-content\/uploads\/kaptanlar-un-hakkimizda-ekmekler.png"},{"@type":"BreadcrumbList","@id":"https:\/\/kaptanlarun.com\/hakkimizda\/#breadcrumb","itemListElement":[{"@type":"ListItem","position":1,"name":"Home","item":"https:\/\/kaptanlarun.com\/"},{"@type":"ListItem","position":2,"name":"About Us"}]},{"@type":"WebSite","@id":"https:\/\/kaptanlarun.com\/#website","url":"https:\/\/kaptanlarun.com\/","name":"Kaptanlar Un A.\u015e. - T\u00fcrkiye'nin Un Fabrikas\u0131 | \u00c7anakkale","description":"kaptanlarun.com","publisher":{"@id":"https:\/\/kaptanlarun.com\/#organization"},"potentialAction":[{"@type":"SearchAction","target":{"@type":"EntryPoint","urlTemplate":"https:\/\/kaptanlarun.com\/?s={search_term_string}"},"query-input":{"@type":"PropertyValueSpecification","valueRequired":true,"valueName":"search_term_string"}}],"inLanguage":"en-US"},{"@type":"Organization","@id":"https:\/\/kaptanlarun.com\/#organization","name":"Kaptanlar Un G\u0131da Enerji San. ve Tic. A.\u015e.","url":"https:\/\/kaptanlarun.com\/","logo":{"@type":"ImageObject","inLanguage":"en-US","@id":"https:\/\/kaptanlarun.com\/#\/schema\/logo\/image\/","url":"https:\/\/kaptanlarun.com\/wp-content\/uploads\/kaptanlar-un-retina-logo.png","contentUrl":"https:\/\/kaptanlarun.com\/wp-content\/uploads\/kaptanlar-un-retina-logo.png","width":511,"height":188,"caption":"Kaptanlar Un G\u0131da Enerji San. ve Tic. A.\u015e."},"image":{"@id":"https:\/\/kaptanlarun.com\/#\/schema\/logo\/image\/"},"sameAs":["https:\/\/www.facebook.com\/kaptanlarun\/","https:\/\/x.com\/kaptanlarun","https:\/\/www.instagram.com\/kaptanlarun\/"]}]}},"_links":{"self":[{"href":"https:\/\/kaptanlarun.com\/en\/wp-json\/wp\/v2\/pages\/1844","targetHints":{"allow":["GET"]}}],"collection":[{"href":"https:\/\/kaptanlarun.com\/en\/wp-json\/wp\/v2\/pages"}],"about":[{"href":"https:\/\/kaptanlarun.com\/en\/wp-json\/wp\/v2\/types\/page"}],"author":[{"embeddable":true,"href":"https:\/\/kaptanlarun.com\/en\/wp-json\/wp\/v2\/users\/1"}],"replies":[{"embeddable":true,"href":"https:\/\/kaptanlarun.com\/en\/wp-json\/wp\/v2\/comments?post=1844"}],"version-history":[{"count":1,"href":"https:\/\/kaptanlarun.com\/en\/wp-json\/wp\/v2\/pages\/1844\/revisions"}],"predecessor-version":[{"id":2746,"href":"https:\/\/kaptanlarun.com\/en\/wp-json\/wp\/v2\/pages\/1844\/revisions\/2746"}],"wp:attachment":[{"href":"https:\/\/kaptanlarun.com\/en\/wp-json\/wp\/v2\/media?parent=1844"}],"curies":[{"name":"wp","href":"https:\/\/api.w.org\/{rel}","templated":true}]}}