{"id":1847,"date":"2021-02-14T22:50:30","date_gmt":"2021-02-14T19:50:30","guid":{"rendered":"https:\/\/kaptanlarun.com\/profesyonel-unlar\/"},"modified":"2025-06-20T10:01:45","modified_gmt":"2025-06-20T07:01:45","slug":"profesyonel-unlar","status":"publish","type":"page","link":"https:\/\/kaptanlarun.com\/en\/profesyonel-unlar\/","title":{"rendered":"Professional Flours"},"content":{"rendered":"\n<p>Profesyonel<br>\n<br><\/p><h2>Profesyonel Unlar<\/h2>\n<br>\n<br>\n<br><div class=\"image_frame image_item no_link scale-with-grid element_classes align\\ has_border mfn-img-box\" ><div class=\"image_wrapper\"><img decoding=\"async\" class=\"scale-with-grid\" src=\"http:\/\/%5C\" fetchpriority=\"high\" alt=\"Professional Flours\" title=\"\" width=\"\" height=\"\" style=\"\"\/><\/div><\/div>\n\n<br><br>no-repeat;left top;;<br>auto<br><br>Profesyonel A\u00e7\u0131klama<br>Anadolu topraklar\u0131nda elde edilmi\u015f \u00e7ok de\u011ferli bu\u011fdaylar\u0131n \u00f6zenle i\u015flenmesiyle ortaya \u00e7\u0131kan profesyonel unlar sayesinde siz de lezzeti doruklarda ya\u015fay\u0131n!\n<br><h4>Baklava, b\u00f6rek, yufka, po\u011fa\u00e7a ve daha pek \u00e7ok lezzetin hayat bulmas\u0131na olanak sa\u011flayan profesyonel unlar kendine has \u00f6zellikleri sayesinde dikkat \u00e7eker.<\/h4><br>no-repeat;left top;;<br>auto<br><br><img decoding=\"async\" src=\"https:\/\/kaptanlarun.com\/wp-content\/uploads\/kaptanlar-un-luks-baklavalik-un.png\" alt=\"kaptanlar-un-luks-baklavalik-un\"><br>https:\/\/kaptanlarun.com\/wp-content\/uploads\/Zirve-Un.png<br><a href=\"https:\/\/kaptanlarun.com\/en\/un-turleri\/zirve-lux-baklavalik\/\">https:\/\/kaptanlarun.com\/un-turleri\/zirve-lux-baklavalik-un\/<\/a><br><br><img decoding=\"async\" src=\"https:\/\/kaptanlarun.com\/wp-content\/uploads\/kaptanlar-un-efsane-un.png\" alt=\"kaptanlar-un-efsane-un\"><br>http:\/\/www.kaptanlarun.com\/wp-content\/uploads\/kaptanlar-efsane-un-logo.png<br><a href=\"http:\/\/www.kaptanlarun.com\/un-turleri\/efsane-un\/\">http:\/\/www.kaptanlarun.com\/un-turleri\/efsane-un\/<\/a><br><br><img decoding=\"async\" src=\"https:\/\/kaptanlarun.com\/wp-content\/uploads\/kaptanlar-un-turkuaz-un.png\" alt=\"kaptanlar-un-turkuaz-un\"><br>http:\/\/www.kaptanlarun.com\/wp-content\/uploads\/turkuaz.png<br><a href=\"http:\/\/www.kaptanlarun.com\/un-turleri\/turkuaz-un\/\">http:\/\/www.kaptanlarun.com\/un-turleri\/turkuaz-un\/<\/a><br><br><img decoding=\"async\" src=\"https:\/\/kaptanlarun.com\/wp-content\/uploads\/kaptanlar-un-esmer-ustam-cesitlik-un.png\" alt=\"kaptanlar-un-esmer-ustam-cesitlik-un\"><br>http:\/\/www.kaptanlarun.com\/wp-content\/uploads\/ustam.png<br><a href=\"http:\/\/www.kaptanlarun.com\/un-turleri\/ustam-un\/\">http:\/\/www.kaptanlarun.com\/un-turleri\/ustam-un\/<\/a><br><br><img decoding=\"async\" src=\"https:\/\/kaptanlarun.com\/wp-content\/uploads\/kaptanlar-un-ugralik-un.png\" alt=\"kaptanlar-un-ugralik-un\"><br>http:\/\/www.kaptanlarun.com\/wp-content\/uploads\/kaptanlar-ugralik-un-logo.png<br><a href=\"http:\/\/www.kaptanlarun.com\/un-turleri\/gri-un\/\">http:\/\/www.kaptanlarun.com\/un-turleri\/gri-un\/<\/a><br><br><img decoding=\"async\" src=\"https:\/\/kaptanlarun.com\/wp-content\/uploads\/kaptanlar-un-makine-yufkalik-un.png\" alt=\"kaptanlar-un-makine-yufkalik-un\"><br>https:\/\/kaptanlarun.com\/wp-content\/uploads\/kaptanlar-un-makine-yufkalik-un.png<br><a href=\"https:\/\/kaptanlarun.com\/en\/un-turleri\/makine-yufkalik-un\/\">https:\/\/kaptanlarun.com\/un-turleri\/makine-yufkalik-un\/<\/a><br><br><img decoding=\"async\" src=\"https:\/\/kaptanlarun.com\/wp-content\/uploads\/kaptanlar-un-sef-luks-un-bayram-usta.png\" alt=\"kaptanlar-un-sef-luks-un-bayram-usta\"><br>https:\/\/kaptanlarun.com\/wp-content\/uploads\/kaptanlar-un-sef-luks-un-bayram-usta.png<br><a href=\"https:\/\/kaptanlarun.com\/en\/un-turleri\/sef-un\/\">https:\/\/kaptanlarun.com\/un-turleri\/sef-un\/<\/a><br><br>Profesyonel Un Maddeler<br><h3>Mutfaklar\u0131n ve \u00fcretim tesislerinin vazge\u00e7ilmezi olan bu unlar\u0131n \u00f6zellikleri a\u015fa\u011f\u0131daki gibidir.<\/h3>\n<br>\n<br>Su tutma konusundaki y\u00fcksek kabiliyet sayesinde \u00fcr\u00fcn miktar\u0131nda art\u0131\u015f sa\u011flar,\n<br>Unun \u00e7ok \u00f6zel yap\u0131s\u0131 sayesinde parlakl\u0131k hissi sunar,\n<br>Profesyonel unlar ile \u00fcretilen lezzetler uygun saklama ko\u015fullar\u0131nda uzun s\u00fcre taze kal\u0131r,\n<br>Yo\u011furma ve kar\u0131\u015ft\u0131rma i\u015flemleri s\u0131ras\u0131nda homojenlik elde edilir,\n<br>Ya\u011f ve \u015ferbet emicili\u011finin fazla olmas\u0131n\u0131n yan\u0131 s\u0131ra kabarma performans\u0131 da \u00fcst d\u00fczeydir.\n<br>\n<br>Lezzete kap\u0131 aralamak ve profesyonel unlarla harika tariflere hayat vermek i\u00e7in usta i\u015fi \u00e7\u00f6z\u00fcmlere ba\u015fvurmal\u0131s\u0131n\u0131z!\n<br><\/h5><br>no-repeat;left top;;<br>auto<br><br>\n","protected":false},"excerpt":{"rendered":"<p>Profesyonel Profesyonel Unlar no-repeat;left top;;auto Profesyonel A\u00e7\u0131klamaAnadolu topraklar\u0131nda elde edilmi\u015f \u00e7ok de\u011ferli bu\u011fdaylar\u0131n \u00f6zenle i\u015flenmesiyle ortaya \u00e7\u0131kan profesyonel unlar sayesinde siz de lezzeti doruklarda ya\u015fay\u0131n! Baklava,<span class=\"excerpt-hellip\"> [\u2026]<\/span><\/p>\n","protected":false},"author":1,"featured_media":0,"parent":0,"menu_order":0,"comment_status":"closed","ping_status":"closed","template":"","meta":{"footnotes":""},"class_list":["post-1847","page","type-page","status-publish","hentry"],"yoast_head":"<!-- This site is optimized with the Yoast SEO plugin v27.3 - https:\/\/yoast.com\/product\/yoast-seo-wordpress\/ -->\n<title>Professional Flours | Kaptanlar Un A.\u015e. Baklava, B\u00f6rek, Yufka, Po\u011fa\u00e7a<\/title>\n<meta name=\"description\" content=\"Baklava, b\u00f6rek, yufka, po\u011fa\u00e7a ve daha pek \u00e7ok lezzetin hayat bulmas\u0131na olanak sa\u011flayan profesyonel unlar kendine has \u00f6zellikleri sayesinde dikkat \u00e7eker.\" \/>\n<meta name=\"robots\" content=\"index, follow, max-snippet:-1, max-image-preview:large, max-video-preview:-1\" \/>\n<link rel=\"canonical\" href=\"https:\/\/kaptanlarun.com\/profesyonel-unlar\/\" \/>\n<meta property=\"og:locale\" content=\"en_US\" \/>\n<meta property=\"og:type\" content=\"article\" \/>\n<meta property=\"og:title\" content=\"Professional Flours | Kaptanlar Un A.\u015e. Baklava, B\u00f6rek, Yufka, Po\u011fa\u00e7a\" \/>\n<meta property=\"og:description\" content=\"Baklava, b\u00f6rek, yufka, po\u011fa\u00e7a ve daha pek \u00e7ok lezzetin hayat bulmas\u0131na olanak sa\u011flayan profesyonel unlar kendine has \u00f6zellikleri sayesinde dikkat \u00e7eker.\" \/>\n<meta property=\"og:url\" content=\"https:\/\/kaptanlarun.com\/profesyonel-unlar\/\" \/>\n<meta property=\"og:site_name\" content=\"Kaptanlar Un A.\u015e.\" \/>\n<meta property=\"article:publisher\" content=\"https:\/\/www.facebook.com\/kaptanlarun\/\" \/>\n<meta property=\"article:modified_time\" content=\"2025-06-20T07:01:45+00:00\" \/>\n<meta property=\"og:image\" content=\"https:\/\/kaptanlarun.com\/wp-content\/uploads\/kaptanlar-un-luks-baklavalik-un.png\" \/>\n<meta name=\"twitter:card\" content=\"summary_large_image\" \/>\n<meta name=\"twitter:site\" content=\"@kaptanlarun\" \/>\n<meta name=\"twitter:label1\" content=\"Est. reading time\" \/>\n\t<meta name=\"twitter:data1\" content=\"3 minutes\" \/>\n<script type=\"application\/ld+json\" class=\"yoast-schema-graph\">{\"@context\":\"https:\\\/\\\/schema.org\",\"@graph\":[{\"@type\":\"WebPage\",\"@id\":\"https:\\\/\\\/kaptanlarun.com\\\/profesyonel-unlar\\\/\",\"url\":\"https:\\\/\\\/kaptanlarun.com\\\/profesyonel-unlar\\\/\",\"name\":\"Professional Flours | Kaptanlar Un A.\u015e. Baklava, B\u00f6rek, Yufka, Po\u011fa\u00e7a\",\"isPartOf\":{\"@id\":\"https:\\\/\\\/kaptanlarun.com\\\/#website\"},\"primaryImageOfPage\":{\"@id\":\"https:\\\/\\\/kaptanlarun.com\\\/profesyonel-unlar\\\/#primaryimage\"},\"image\":{\"@id\":\"https:\\\/\\\/kaptanlarun.com\\\/profesyonel-unlar\\\/#primaryimage\"},\"thumbnailUrl\":\"https:\\\/\\\/kaptanlarun.com\\\/wp-content\\\/uploads\\\/kaptanlar-un-luks-baklavalik-un.png\",\"datePublished\":\"2021-02-14T19:50:30+00:00\",\"dateModified\":\"2025-06-20T07:01:45+00:00\",\"description\":\"Baklava, b\u00f6rek, yufka, po\u011fa\u00e7a ve daha pek \u00e7ok lezzetin hayat bulmas\u0131na olanak sa\u011flayan profesyonel unlar kendine has \u00f6zellikleri sayesinde dikkat \u00e7eker.\",\"breadcrumb\":{\"@id\":\"https:\\\/\\\/kaptanlarun.com\\\/profesyonel-unlar\\\/#breadcrumb\"},\"inLanguage\":\"en-US\",\"potentialAction\":[{\"@type\":\"ReadAction\",\"target\":[\"https:\\\/\\\/kaptanlarun.com\\\/profesyonel-unlar\\\/\"]}]},{\"@type\":\"ImageObject\",\"inLanguage\":\"en-US\",\"@id\":\"https:\\\/\\\/kaptanlarun.com\\\/profesyonel-unlar\\\/#primaryimage\",\"url\":\"https:\\\/\\\/kaptanlarun.com\\\/wp-content\\\/uploads\\\/kaptanlar-un-luks-baklavalik-un.png\",\"contentUrl\":\"https:\\\/\\\/kaptanlarun.com\\\/wp-content\\\/uploads\\\/kaptanlar-un-luks-baklavalik-un.png\"},{\"@type\":\"BreadcrumbList\",\"@id\":\"https:\\\/\\\/kaptanlarun.com\\\/profesyonel-unlar\\\/#breadcrumb\",\"itemListElement\":[{\"@type\":\"ListItem\",\"position\":1,\"name\":\"Home\",\"item\":\"https:\\\/\\\/kaptanlarun.com\\\/\"},{\"@type\":\"ListItem\",\"position\":2,\"name\":\"Professional Flours\"}]},{\"@type\":\"WebSite\",\"@id\":\"https:\\\/\\\/kaptanlarun.com\\\/#website\",\"url\":\"https:\\\/\\\/kaptanlarun.com\\\/\",\"name\":\"Kaptanlar Un A.\u015e. - T\u00fcrkiye'nin Un Fabrikas\u0131 | \u00c7anakkale\",\"description\":\"kaptanlarun.com\",\"publisher\":{\"@id\":\"https:\\\/\\\/kaptanlarun.com\\\/#organization\"},\"potentialAction\":[{\"@type\":\"SearchAction\",\"target\":{\"@type\":\"EntryPoint\",\"urlTemplate\":\"https:\\\/\\\/kaptanlarun.com\\\/?s={search_term_string}\"},\"query-input\":{\"@type\":\"PropertyValueSpecification\",\"valueRequired\":true,\"valueName\":\"search_term_string\"}}],\"inLanguage\":\"en-US\"},{\"@type\":\"Organization\",\"@id\":\"https:\\\/\\\/kaptanlarun.com\\\/#organization\",\"name\":\"Kaptanlar Un G\u0131da Enerji San. ve Tic. A.\u015e.\",\"url\":\"https:\\\/\\\/kaptanlarun.com\\\/\",\"logo\":{\"@type\":\"ImageObject\",\"inLanguage\":\"en-US\",\"@id\":\"https:\\\/\\\/kaptanlarun.com\\\/#\\\/schema\\\/logo\\\/image\\\/\",\"url\":\"https:\\\/\\\/kaptanlarun.com\\\/wp-content\\\/uploads\\\/kaptanlar-un-retina-logo.png\",\"contentUrl\":\"https:\\\/\\\/kaptanlarun.com\\\/wp-content\\\/uploads\\\/kaptanlar-un-retina-logo.png\",\"width\":511,\"height\":188,\"caption\":\"Kaptanlar Un G\u0131da Enerji San. ve Tic. A.\u015e.\"},\"image\":{\"@id\":\"https:\\\/\\\/kaptanlarun.com\\\/#\\\/schema\\\/logo\\\/image\\\/\"},\"sameAs\":[\"https:\\\/\\\/www.facebook.com\\\/kaptanlarun\\\/\",\"https:\\\/\\\/x.com\\\/kaptanlarun\",\"https:\\\/\\\/www.instagram.com\\\/kaptanlarun\\\/\"]}]}<\/script>\n<!-- \/ Yoast SEO plugin. -->","yoast_head_json":{"title":"Professional Flours | Kaptanlar Un A.\u015e. Baklava, B\u00f6rek, Yufka, Po\u011fa\u00e7a","description":"Baklava, b\u00f6rek, yufka, po\u011fa\u00e7a ve daha pek \u00e7ok lezzetin hayat bulmas\u0131na olanak sa\u011flayan profesyonel unlar kendine has \u00f6zellikleri sayesinde dikkat \u00e7eker.","robots":{"index":"index","follow":"follow","max-snippet":"max-snippet:-1","max-image-preview":"max-image-preview:large","max-video-preview":"max-video-preview:-1"},"canonical":"https:\/\/kaptanlarun.com\/profesyonel-unlar\/","og_locale":"en_US","og_type":"article","og_title":"Professional Flours | Kaptanlar Un A.\u015e. Baklava, B\u00f6rek, Yufka, Po\u011fa\u00e7a","og_description":"Baklava, b\u00f6rek, yufka, po\u011fa\u00e7a ve daha pek \u00e7ok lezzetin hayat bulmas\u0131na olanak sa\u011flayan profesyonel unlar kendine has \u00f6zellikleri sayesinde dikkat \u00e7eker.","og_url":"https:\/\/kaptanlarun.com\/profesyonel-unlar\/","og_site_name":"Kaptanlar Un A.\u015e.","article_publisher":"https:\/\/www.facebook.com\/kaptanlarun\/","article_modified_time":"2025-06-20T07:01:45+00:00","og_image":[{"url":"https:\/\/kaptanlarun.com\/wp-content\/uploads\/kaptanlar-un-luks-baklavalik-un.png","type":"","width":"","height":""}],"twitter_card":"summary_large_image","twitter_site":"@kaptanlarun","twitter_misc":{"Est. reading time":"3 minutes"},"schema":{"@context":"https:\/\/schema.org","@graph":[{"@type":"WebPage","@id":"https:\/\/kaptanlarun.com\/profesyonel-unlar\/","url":"https:\/\/kaptanlarun.com\/profesyonel-unlar\/","name":"Professional Flours | Kaptanlar Un A.\u015e. Baklava, B\u00f6rek, Yufka, Po\u011fa\u00e7a","isPartOf":{"@id":"https:\/\/kaptanlarun.com\/#website"},"primaryImageOfPage":{"@id":"https:\/\/kaptanlarun.com\/profesyonel-unlar\/#primaryimage"},"image":{"@id":"https:\/\/kaptanlarun.com\/profesyonel-unlar\/#primaryimage"},"thumbnailUrl":"https:\/\/kaptanlarun.com\/wp-content\/uploads\/kaptanlar-un-luks-baklavalik-un.png","datePublished":"2021-02-14T19:50:30+00:00","dateModified":"2025-06-20T07:01:45+00:00","description":"Baklava, b\u00f6rek, yufka, po\u011fa\u00e7a ve daha pek \u00e7ok lezzetin hayat bulmas\u0131na olanak sa\u011flayan profesyonel unlar kendine has \u00f6zellikleri sayesinde dikkat \u00e7eker.","breadcrumb":{"@id":"https:\/\/kaptanlarun.com\/profesyonel-unlar\/#breadcrumb"},"inLanguage":"en-US","potentialAction":[{"@type":"ReadAction","target":["https:\/\/kaptanlarun.com\/profesyonel-unlar\/"]}]},{"@type":"ImageObject","inLanguage":"en-US","@id":"https:\/\/kaptanlarun.com\/profesyonel-unlar\/#primaryimage","url":"https:\/\/kaptanlarun.com\/wp-content\/uploads\/kaptanlar-un-luks-baklavalik-un.png","contentUrl":"https:\/\/kaptanlarun.com\/wp-content\/uploads\/kaptanlar-un-luks-baklavalik-un.png"},{"@type":"BreadcrumbList","@id":"https:\/\/kaptanlarun.com\/profesyonel-unlar\/#breadcrumb","itemListElement":[{"@type":"ListItem","position":1,"name":"Home","item":"https:\/\/kaptanlarun.com\/"},{"@type":"ListItem","position":2,"name":"Professional Flours"}]},{"@type":"WebSite","@id":"https:\/\/kaptanlarun.com\/#website","url":"https:\/\/kaptanlarun.com\/","name":"Kaptanlar Un A.\u015e. - T\u00fcrkiye'nin Un Fabrikas\u0131 | \u00c7anakkale","description":"kaptanlarun.com","publisher":{"@id":"https:\/\/kaptanlarun.com\/#organization"},"potentialAction":[{"@type":"SearchAction","target":{"@type":"EntryPoint","urlTemplate":"https:\/\/kaptanlarun.com\/?s={search_term_string}"},"query-input":{"@type":"PropertyValueSpecification","valueRequired":true,"valueName":"search_term_string"}}],"inLanguage":"en-US"},{"@type":"Organization","@id":"https:\/\/kaptanlarun.com\/#organization","name":"Kaptanlar Un G\u0131da Enerji San. ve Tic. A.\u015e.","url":"https:\/\/kaptanlarun.com\/","logo":{"@type":"ImageObject","inLanguage":"en-US","@id":"https:\/\/kaptanlarun.com\/#\/schema\/logo\/image\/","url":"https:\/\/kaptanlarun.com\/wp-content\/uploads\/kaptanlar-un-retina-logo.png","contentUrl":"https:\/\/kaptanlarun.com\/wp-content\/uploads\/kaptanlar-un-retina-logo.png","width":511,"height":188,"caption":"Kaptanlar Un G\u0131da Enerji San. ve Tic. A.\u015e."},"image":{"@id":"https:\/\/kaptanlarun.com\/#\/schema\/logo\/image\/"},"sameAs":["https:\/\/www.facebook.com\/kaptanlarun\/","https:\/\/x.com\/kaptanlarun","https:\/\/www.instagram.com\/kaptanlarun\/"]}]}},"_links":{"self":[{"href":"https:\/\/kaptanlarun.com\/en\/wp-json\/wp\/v2\/pages\/1847","targetHints":{"allow":["GET"]}}],"collection":[{"href":"https:\/\/kaptanlarun.com\/en\/wp-json\/wp\/v2\/pages"}],"about":[{"href":"https:\/\/kaptanlarun.com\/en\/wp-json\/wp\/v2\/types\/page"}],"author":[{"embeddable":true,"href":"https:\/\/kaptanlarun.com\/en\/wp-json\/wp\/v2\/users\/1"}],"replies":[{"embeddable":true,"href":"https:\/\/kaptanlarun.com\/en\/wp-json\/wp\/v2\/comments?post=1847"}],"version-history":[{"count":1,"href":"https:\/\/kaptanlarun.com\/en\/wp-json\/wp\/v2\/pages\/1847\/revisions"}],"predecessor-version":[{"id":2749,"href":"https:\/\/kaptanlarun.com\/en\/wp-json\/wp\/v2\/pages\/1847\/revisions\/2749"}],"wp:attachment":[{"href":"https:\/\/kaptanlarun.com\/en\/wp-json\/wp\/v2\/media?parent=1847"}],"curies":[{"name":"wp","href":"https:\/\/api.w.org\/{rel}","templated":true}]}}