{"id":1849,"date":"2014-11-19T13:29:51","date_gmt":"2014-11-19T10:29:51","guid":{"rendered":"https:\/\/kaptanlarun.com\/urunler\/"},"modified":"2025-06-20T09:56:42","modified_gmt":"2025-06-20T06:56:42","slug":"urunler","status":"publish","type":"page","link":"https:\/\/kaptanlarun.com\/en\/urunler\/","title":{"rendered":"Products"},"content":{"rendered":"\n<p><p>Header<br><\/p><h4>Kaptanlar Un&#8217;dan Ekstra Kabartma, Ekstra Renk, Ekstra Parlakl\u0131k, Uzun S\u00fcre \u00c7\u0131t\u0131rl\u0131k \u0130\u00e7in Kaliteli Unlar<\/h4>\n<br>\n<br><hr class=\"no_line\" style=\"margin: 0 auto 0px auto\"\/>\n\n<br>\n<br><hr class=\" hr_color\" style=\"margin:0 auto 0px;\"\/>\n<br>center<br>no-repeat;center top;;<br>auto<br><br>Kategori<br>\n<br><h2>Profesyonel Unlar<\/h2>\n<br>\n<br>\n<br><div class=\"image_frame image_item no_link scale-with-grid element_classes align\\ has_border mfn-img-box\" ><div class=\"image_wrapper\"><img decoding=\"async\" class=\"scale-with-grid\" src=\"http:\/\/%5C\" fetchpriority=\"high\" alt=\"Products\" title=\"\" width=\"\" height=\"\" style=\"\"\/><\/div><\/div>\n\n<br><br>no-repeat;center top;;<br>auto<br><br>Desc<br>Y\u0131llard\u0131r do\u011fall\u0131\u011f\u0131 ve lezzeti sizlerle bulu\u015fturmak i\u00e7in \u00f6zenle se\u00e7ti\u011fimiz bu\u011fdaylar\u0131, el de\u011fmeden son teknoloji ile i\u015fleyip unun en do\u011fal halini, her \u00e7uvalda en iyi kalitede, siz profesyonellerin usta ellerine teslim ediyoruz.<br>no-repeat;center top;;<br>auto<br><br><img decoding=\"async\" src=\"https:\/\/kaptanlarun.com\/wp-content\/uploads\/kaptanlar-un-luks-baklavalik-un.png\" alt=\"kaptanlar-un-luks-baklavalik-un\"><br>https:\/\/kaptanlarun.com\/wp-content\/uploads\/Zirve-Un.png<br><a href=\"http:\/\/www.kaptanlarun.com\/un-turleri\/harran-baklavalik-un\/\">http:\/\/www.kaptanlarun.com\/un-turleri\/harran-baklavalik-un\/<\/a><br><br><img decoding=\"async\" src=\"https:\/\/kaptanlarun.com\/wp-content\/uploads\/kaptanlar-un-efsane-un.png\" alt=\"kaptanlar-un-efsane-un\"><br>http:\/\/www.kaptanlarun.com\/wp-content\/uploads\/kaptanlar-efsane-un-logo.png<br><a href=\"http:\/\/www.kaptanlarun.com\/un-turleri\/efsane-un\/\">http:\/\/www.kaptanlarun.com\/un-turleri\/efsane-un\/<\/a><br><br><img decoding=\"async\" src=\"https:\/\/kaptanlarun.com\/wp-content\/uploads\/kaptanlar-un-turkuaz-un.png\" alt=\"kaptanlar-un-turkuaz-un\"><br>http:\/\/www.kaptanlarun.com\/wp-content\/uploads\/turkuaz.png<br><a href=\"http:\/\/www.kaptanlarun.com\/un-turleri\/turkuaz-un\/\">http:\/\/www.kaptanlarun.com\/un-turleri\/turkuaz-un\/<\/a><br><br>no-repeat;left top;;<br>auto<br><br><img decoding=\"async\" src=\"https:\/\/kaptanlarun.com\/wp-content\/uploads\/kaptanlar-un-esmer-ustam-cesitlik-un.png\" alt=\"kaptanlar-un-esmer-ustam-cesitlik-un\"><br>http:\/\/www.kaptanlarun.com\/wp-content\/uploads\/ustam.png<br><a href=\"http:\/\/www.kaptanlarun.com\/un-turleri\/ustam-un\/\">http:\/\/www.kaptanlarun.com\/un-turleri\/ustam-un\/<\/a><br><br><img decoding=\"async\" src=\"https:\/\/kaptanlarun.com\/wp-content\/uploads\/kaptanlar-un-ugralik-un.png\" alt=\"kaptanlar-un-ugralik-un\"><br>http:\/\/www.kaptanlarun.com\/wp-content\/uploads\/kaptanlar-ugralik-un-logo.png<br><a href=\"http:\/\/www.kaptanlarun.com\/un-turleri\/gri-un\/\">http:\/\/www.kaptanlarun.com\/un-turleri\/gri-un\/<\/a><br><br>Hr<br><hr class=\"no_line\" style=\"margin: 0 auto 0px auto\"\/>\n\n<br><hr class=\" hr_color\" style=\"margin:0 auto 0px;\"\/>\n<br>center<br>no-repeat;center top;;<br>auto<br><br>Ev T\u00fcketim<br>\n<br><h2>Ev T\u00fcketim Unlar<\/h2>\n<br>\n<br>\n<br><div class=\"image_frame image_item no_link scale-with-grid element_classes align\\ has_border mfn-img-box\" ><div class=\"image_wrapper\"><img decoding=\"async\" class=\"scale-with-grid\" src=\"http:\/\/%5C\" fetchpriority=\"high\" alt=\"Products\" title=\"\" width=\"\" height=\"\" style=\"\"\/><\/div><\/div>\n\n<br><br>no-repeat;center top;;<br>auto<br><br>Desc<br>Ev tipi kullan\u0131m unlar\u0131m\u0131z\u0131 t\u00fcm hamur i\u015flerinde; kek, pasta, kurabiye, b\u00f6rek, po\u011fa\u00e7a ve a\u00e7ma yap\u0131m\u0131nda kullanabilirsiniz. Taze, Do\u011fal, G\u00fclbeyaz Serisi evde kullan\u0131m i\u00e7in uygundur. 5kg &#8211; 10kg &#8211; 25kg &#8211; 50kg se\u00e7enekleri bulunmaktad\u0131r.<br>no-repeat;center top;;<br>auto<br><br><img decoding=\"async\" src=\"https:\/\/kaptanlarun.com\/wp-content\/uploads\/kaptanlar-un-gulbeyaz-un.png\" alt=\"kaptanlar-un-gulbeyaz-un\"><br>http:\/\/www.kaptanlarun.com\/wp-content\/uploads\/kaptanlar-gulbeyaz-un-logo.png<br><a href=\"http:\/\/www.kaptanlarun.com\/un-turleri\/gulbeyaz-un\/\">http:\/\/www.kaptanlarun.com\/un-turleri\/gulbeyaz-un\/<\/a><br><br><img decoding=\"async\" src=\"https:\/\/kaptanlarun.com\/wp-content\/uploads\/kaptanlar-un-yorem-un.png\" alt=\"kaptanlar-un-yorem-un\"><br>http:\/\/www.kaptanlarun.com\/wp-content\/uploads\/kaptanlar-yorem-un-logo.png<br><a href=\"http:\/\/www.kaptanlarun.com\/un-turleri\/yorem-un\/\">http:\/\/www.kaptanlarun.com\/un-turleri\/yorem-un\/<\/a><br><br><img decoding=\"async\" src=\"https:\/\/kaptanlarun.com\/wp-content\/uploads\/kaptanlar-un-tandirlik-un.png\" alt=\"kaptanlar-un-tandirlik-un\"><br>http:\/\/www.kaptanlarun.com\/wp-content\/uploads\/kaptanlar-tandirlik-un-logo.png<br><a href=\"http:\/\/www.kaptanlarun.com\/un-turleri\/tandirlik-un\/\">http:\/\/www.kaptanlarun.com\/un-turleri\/tandirlik-un\/<\/a><br><br>Hr<br><hr class=\"no_line\" style=\"margin: 0 auto 0px auto\"\/>\n\n<br><hr class=\" hr_color\" style=\"margin:0 auto 0px;\"\/>\n<br>center<br>no-repeat;center top;;<br>auto<br><br>Category<br>\n<br><h2>Simit ve Pidelik Unlar<\/h2>\n<br>\n<br>\n<br><div class=\"image_frame image_item no_link scale-with-grid element_classes align\\ has_border mfn-img-box\" ><div class=\"image_wrapper\"><img decoding=\"async\" class=\"scale-with-grid\" src=\"http:\/\/%5C\" fetchpriority=\"high\" alt=\"Products\" title=\"\" width=\"\" height=\"\" style=\"\"\/><\/div><\/div>\n\n<br><br>no-repeat;center top;;<br>auto<br><br>Desc<br>Kaptanlar Simitlik Un, her \u00e7e\u015fit simit yap\u0131m\u0131 i\u00e7in idealdir. Hamurun y\u00fcksek uzayabilirlikteki yap\u0131s\u0131 ile i\u015flemesi ve ba\u011flamas\u0131 kolayd\u0131r.<br>no-repeat;center top;;<br>auto<br><br><img decoding=\"async\" src=\"https:\/\/kaptanlarun.com\/wp-content\/uploads\/kaptanlar-un-luks-simitlik-un.png\" alt=\"kaptanlar-un-luks-simitlik-un\"><br>http:\/\/www.kaptanlarun.com\/wp-content\/uploads\/kaptanlar-luks-simitlik-un-logo.png<br><a href=\"http:\/\/www.kaptanlarun.com\/un-turleri\/simitlik-un\/\">http:\/\/www.kaptanlarun.com\/un-turleri\/simitlik-un\/<\/a><br><br><img decoding=\"async\" src=\"https:\/\/kaptanlarun.com\/wp-content\/uploads\/kaptanlar-un-yorem-simitlik-un.png\" alt=\"kaptanlar-un-yorem-simitlik-un\"><br>http:\/\/www.kaptanlarun.com\/wp-content\/uploads\/kaptanlar-yorem-simitlik-un-logo.png<br><a href=\"http:\/\/www.kaptanlarun.com\/un-turleri\/yorem-simitlik-un\/\">http:\/\/www.kaptanlarun.com\/un-turleri\/yorem-simitlik-un\/<\/a><br><br><img decoding=\"async\" src=\"https:\/\/kaptanlarun.com\/wp-content\/uploads\/kaptanlar-un-lavaslik-un.png\" alt=\"kaptanlar-un-lavaslik-un\"><br>http:\/\/www.kaptanlarun.com\/wp-content\/uploads\/kaptanlar-lavaslik-un-logo.png<br><a href=\"http:\/\/www.kaptanlarun.com\/un-turleri\/lavaslik-un\/\">http:\/\/www.kaptanlarun.com\/un-turleri\/lavaslik-un\/<\/a><br><br><img decoding=\"async\" src=\"https:\/\/kaptanlarun.com\/wp-content\/uploads\/kaptanlar-un-kirmizi-pidelik.png\" alt=\"kaptanlar-un-kirmizi-pidelik\"><br>http:\/\/www.kaptanlarun.com\/wp-content\/uploads\/kaptanlar-kirmizi-pidelik-un-logo.png<br><a href=\"http:\/\/www.kaptanlarun.com\/un-turleri\/kirmizi-un\/\">http:\/\/www.kaptanlarun.com\/un-turleri\/kirmizi-un\/<\/a><br><br>Hr<br><hr class=\"no_line\" style=\"margin: 0 auto 0px auto\"\/>\n\n<br><hr class=\" hr_color\" style=\"margin:0 auto 0px;\"\/>\n<br>center<br>no-repeat;center top;;<br>auto<br><br>Category<br>\n<br><h2>F\u0131r\u0131n Unlar\u0131<\/h2>\n<br>\n<br>\n<br><div class=\"image_frame image_item no_link scale-with-grid element_classes align\\ has_border mfn-img-box\" ><div class=\"image_wrapper\"><img decoding=\"async\" class=\"scale-with-grid\" src=\"http:\/\/%5C\" fetchpriority=\"high\" alt=\"Products\" title=\"\" width=\"\" height=\"\" style=\"\"\/><\/div><\/div>\n\n<br><br>no-repeat;center top;;<br>auto<br><br>Desc<br>Ekme\u011fe esnekli\u011fini, kabar\u0131kl\u0131\u011f\u0131n\u0131 ve hafif k\u0131vam\u0131n\u0131 veren, kabu\u011fun dokusunda yer alan ve pi\u015firmenin hararetiyle sertle\u015fen &#8216;a\u011f \u00f6rg\u00fcs\u00fcn\u00fc&#8217; olu\u015fturan gluten kompleksidir. Bu\u011fday ununda bulunan proteinlerden glutamin ve prolamin, suyun eklenmesi ve yo\u011furmayla elastiki ve yumu\u015fak hamurun olu\u015fmas\u0131n\u0131 sa\u011flar.<br>no-repeat;center top;;<br>auto<br><br><img decoding=\"async\" src=\"https:\/\/kaptanlarun.com\/wp-content\/uploads\/kaptanlar-un-karafirin-unu.png\" alt=\"kaptanlar-un-karafirin-unu\"><br>http:\/\/www.kaptanlarun.com\/wp-content\/uploads\/kaptanlar-kara-firin-ekmeklik-un-logo.png<br><a href=\"http:\/\/www.kaptanlarun.com\/un-turleri\/gulbeyaz-kara-firin-ekmegi\/\">http:\/\/www.kaptanlarun.com\/un-turleri\/gulbeyaz-kara-firin-ekmegi\/<\/a><br><br><img decoding=\"async\" src=\"https:\/\/kaptanlarun.com\/wp-content\/uploads\/kaptanlar-un-mor-un.png\" alt=\"kaptanlar-un-mor-un\"><br>http:\/\/www.kaptanlarun.com\/wp-content\/uploads\/kaptanlar-ekmeklik-firin-mor-un-logo.png<br><a href=\"http:\/\/www.kaptanlarun.com\/un-turleri\/mor-un\/\">http:\/\/www.kaptanlarun.com\/un-turleri\/mor-un\/<\/a><br><br><img decoding=\"async\" src=\"https:\/\/kaptanlarun.com\/wp-content\/uploads\/kaptanlar-un-yesil-un.png\" alt=\"kaptanlar-un-yesil-un\"><br>http:\/\/www.kaptanlarun.com\/wp-content\/uploads\/kaptanlar-ekmeklik-firin-yesil-un-logo.png<br><a href=\"http:\/\/www.kaptanlarun.com\/un-turleri\/yesil-un\/\">http:\/\/www.kaptanlarun.com\/un-turleri\/yesil-un\/<\/a><br><br>no-repeat;left top;;<br>auto<br><br><img decoding=\"async\" src=\"https:\/\/kaptanlarun.com\/wp-content\/uploads\/kaptanlar-un-esmer-koy-ekmegi-unu.png\" alt=\"kaptanlar-un-esmer-koy-ekmegi-unu\"><br>http:\/\/www.kaptanlarun.com\/wp-content\/uploads\/kaptanlar-koy-ekmeklik-firin-esmer-koy-ekmegi-un-logo.png<br><a href=\"http:\/\/www.kaptanlarun.com\/un-turleri\/esmer-koy-ekmegi-unu\/\">http:\/\/www.kaptanlarun.com\/un-turleri\/esmer-koy-ekmegi-unu\/<\/a><br><br><img decoding=\"async\" src=\"https:\/\/kaptanlarun.com\/wp-content\/uploads\/kaptanlar-un-70ler-ozel-cekim.png\" alt=\"kaptanlar-un-70ler-ozel-cekim\"><br>http:\/\/www.kaptanlarun.com\/wp-content\/uploads\/kaptanlar-ottoman-serisi-70ler-dogal-un-logo.png<br><a href=\"http:\/\/www.kaptanlarun.com\/un-turleri\/70ler-tam-bugday-unu\/\">http:\/\/www.kaptanlarun.com\/un-turleri\/70ler-tam-bugday-unu\/<\/a><br><br><\/p>\n","protected":false},"excerpt":{"rendered":"<p>Header Kaptanlar Un&#8217;dan Ekstra Kabartma, Ekstra Renk, Ekstra Parlakl\u0131k, Uzun S\u00fcre \u00c7\u0131t\u0131rl\u0131k \u0130\u00e7in Kaliteli Unlar centerno-repeat;center top;;auto Kategori Profesyonel Unlar no-repeat;center top;;auto DescY\u0131llard\u0131r do\u011fall\u0131\u011f\u0131 ve lezzeti<span class=\"excerpt-hellip\"> [\u2026]<\/span><\/p>\n","protected":false},"author":1,"featured_media":0,"parent":0,"menu_order":0,"comment_status":"open","ping_status":"open","template":"","meta":{"footnotes":""},"class_list":["post-1849","page","type-page","status-publish","hentry"],"yoast_head":"<!-- This site is optimized with the Yoast SEO plugin v27.3 - https:\/\/yoast.com\/product\/yoast-seo-wordpress\/ -->\n<title>Products | Kaptanlar Un A.\u015e.<\/title>\n<meta name=\"robots\" content=\"index, follow, max-snippet:-1, max-image-preview:large, max-video-preview:-1\" \/>\n<link rel=\"canonical\" href=\"https:\/\/kaptanlarun.com\/urunler\/\" \/>\n<meta property=\"og:locale\" content=\"en_US\" \/>\n<meta property=\"og:type\" content=\"article\" \/>\n<meta property=\"og:title\" content=\"Products | Kaptanlar Un A.\u015e.\" \/>\n<meta property=\"og:description\" content=\"Header Kaptanlar Un&#8217;dan Ekstra Kabartma, Ekstra Renk, Ekstra Parlakl\u0131k, Uzun S\u00fcre \u00c7\u0131t\u0131rl\u0131k \u0130\u00e7in Kaliteli Unlar centerno-repeat;center top;;auto Kategori Profesyonel Unlar no-repeat;center top;;auto DescY\u0131llard\u0131r do\u011fall\u0131\u011f\u0131 ve lezzeti [\u2026]\" \/>\n<meta property=\"og:url\" content=\"https:\/\/kaptanlarun.com\/urunler\/\" \/>\n<meta property=\"og:site_name\" content=\"Kaptanlar Un A.\u015e.\" \/>\n<meta property=\"article:publisher\" content=\"https:\/\/www.facebook.com\/kaptanlarun\/\" \/>\n<meta property=\"article:modified_time\" content=\"2025-06-20T06:56:42+00:00\" \/>\n<meta property=\"og:image\" content=\"https:\/\/kaptanlarun.com\/wp-content\/uploads\/kaptanlar-un-luks-baklavalik-un.png\" \/>\n<meta name=\"twitter:card\" content=\"summary_large_image\" \/>\n<meta name=\"twitter:site\" content=\"@kaptanlarun\" \/>\n<meta name=\"twitter:label1\" content=\"Est. reading time\" \/>\n\t<meta name=\"twitter:data1\" content=\"6 minutes\" \/>\n<script type=\"application\/ld+json\" class=\"yoast-schema-graph\">{\"@context\":\"https:\\\/\\\/schema.org\",\"@graph\":[{\"@type\":\"WebPage\",\"@id\":\"https:\\\/\\\/kaptanlarun.com\\\/urunler\\\/\",\"url\":\"https:\\\/\\\/kaptanlarun.com\\\/urunler\\\/\",\"name\":\"Products | Kaptanlar Un A.\u015e.\",\"isPartOf\":{\"@id\":\"https:\\\/\\\/kaptanlarun.com\\\/#website\"},\"primaryImageOfPage\":{\"@id\":\"https:\\\/\\\/kaptanlarun.com\\\/urunler\\\/#primaryimage\"},\"image\":{\"@id\":\"https:\\\/\\\/kaptanlarun.com\\\/urunler\\\/#primaryimage\"},\"thumbnailUrl\":\"https:\\\/\\\/kaptanlarun.com\\\/wp-content\\\/uploads\\\/kaptanlar-un-luks-baklavalik-un.png\",\"datePublished\":\"2014-11-19T10:29:51+00:00\",\"dateModified\":\"2025-06-20T06:56:42+00:00\",\"breadcrumb\":{\"@id\":\"https:\\\/\\\/kaptanlarun.com\\\/urunler\\\/#breadcrumb\"},\"inLanguage\":\"en-US\",\"potentialAction\":[{\"@type\":\"ReadAction\",\"target\":[\"https:\\\/\\\/kaptanlarun.com\\\/urunler\\\/\"]}]},{\"@type\":\"ImageObject\",\"inLanguage\":\"en-US\",\"@id\":\"https:\\\/\\\/kaptanlarun.com\\\/urunler\\\/#primaryimage\",\"url\":\"https:\\\/\\\/kaptanlarun.com\\\/wp-content\\\/uploads\\\/kaptanlar-un-luks-baklavalik-un.png\",\"contentUrl\":\"https:\\\/\\\/kaptanlarun.com\\\/wp-content\\\/uploads\\\/kaptanlar-un-luks-baklavalik-un.png\"},{\"@type\":\"BreadcrumbList\",\"@id\":\"https:\\\/\\\/kaptanlarun.com\\\/urunler\\\/#breadcrumb\",\"itemListElement\":[{\"@type\":\"ListItem\",\"position\":1,\"name\":\"Home\",\"item\":\"https:\\\/\\\/kaptanlarun.com\\\/\"},{\"@type\":\"ListItem\",\"position\":2,\"name\":\"Products\"}]},{\"@type\":\"WebSite\",\"@id\":\"https:\\\/\\\/kaptanlarun.com\\\/#website\",\"url\":\"https:\\\/\\\/kaptanlarun.com\\\/\",\"name\":\"Kaptanlar Un A.\u015e. - T\u00fcrkiye'nin Un Fabrikas\u0131 | \u00c7anakkale\",\"description\":\"kaptanlarun.com\",\"publisher\":{\"@id\":\"https:\\\/\\\/kaptanlarun.com\\\/#organization\"},\"potentialAction\":[{\"@type\":\"SearchAction\",\"target\":{\"@type\":\"EntryPoint\",\"urlTemplate\":\"https:\\\/\\\/kaptanlarun.com\\\/?s={search_term_string}\"},\"query-input\":{\"@type\":\"PropertyValueSpecification\",\"valueRequired\":true,\"valueName\":\"search_term_string\"}}],\"inLanguage\":\"en-US\"},{\"@type\":\"Organization\",\"@id\":\"https:\\\/\\\/kaptanlarun.com\\\/#organization\",\"name\":\"Kaptanlar Un G\u0131da Enerji San. ve Tic. A.\u015e.\",\"url\":\"https:\\\/\\\/kaptanlarun.com\\\/\",\"logo\":{\"@type\":\"ImageObject\",\"inLanguage\":\"en-US\",\"@id\":\"https:\\\/\\\/kaptanlarun.com\\\/#\\\/schema\\\/logo\\\/image\\\/\",\"url\":\"https:\\\/\\\/kaptanlarun.com\\\/wp-content\\\/uploads\\\/kaptanlar-un-retina-logo.png\",\"contentUrl\":\"https:\\\/\\\/kaptanlarun.com\\\/wp-content\\\/uploads\\\/kaptanlar-un-retina-logo.png\",\"width\":511,\"height\":188,\"caption\":\"Kaptanlar Un G\u0131da Enerji San. ve Tic. A.\u015e.\"},\"image\":{\"@id\":\"https:\\\/\\\/kaptanlarun.com\\\/#\\\/schema\\\/logo\\\/image\\\/\"},\"sameAs\":[\"https:\\\/\\\/www.facebook.com\\\/kaptanlarun\\\/\",\"https:\\\/\\\/x.com\\\/kaptanlarun\",\"https:\\\/\\\/www.instagram.com\\\/kaptanlarun\\\/\"]}]}<\/script>\n<!-- \/ Yoast SEO plugin. -->","yoast_head_json":{"title":"Products | Kaptanlar Un A.\u015e.","robots":{"index":"index","follow":"follow","max-snippet":"max-snippet:-1","max-image-preview":"max-image-preview:large","max-video-preview":"max-video-preview:-1"},"canonical":"https:\/\/kaptanlarun.com\/urunler\/","og_locale":"en_US","og_type":"article","og_title":"Products | Kaptanlar Un A.\u015e.","og_description":"Header Kaptanlar Un&#8217;dan Ekstra Kabartma, Ekstra Renk, Ekstra Parlakl\u0131k, Uzun S\u00fcre \u00c7\u0131t\u0131rl\u0131k \u0130\u00e7in Kaliteli Unlar centerno-repeat;center top;;auto Kategori Profesyonel Unlar no-repeat;center top;;auto DescY\u0131llard\u0131r do\u011fall\u0131\u011f\u0131 ve lezzeti [\u2026]","og_url":"https:\/\/kaptanlarun.com\/urunler\/","og_site_name":"Kaptanlar Un A.\u015e.","article_publisher":"https:\/\/www.facebook.com\/kaptanlarun\/","article_modified_time":"2025-06-20T06:56:42+00:00","og_image":[{"url":"https:\/\/kaptanlarun.com\/wp-content\/uploads\/kaptanlar-un-luks-baklavalik-un.png","type":"","width":"","height":""}],"twitter_card":"summary_large_image","twitter_site":"@kaptanlarun","twitter_misc":{"Est. reading time":"6 minutes"},"schema":{"@context":"https:\/\/schema.org","@graph":[{"@type":"WebPage","@id":"https:\/\/kaptanlarun.com\/urunler\/","url":"https:\/\/kaptanlarun.com\/urunler\/","name":"Products | Kaptanlar Un A.\u015e.","isPartOf":{"@id":"https:\/\/kaptanlarun.com\/#website"},"primaryImageOfPage":{"@id":"https:\/\/kaptanlarun.com\/urunler\/#primaryimage"},"image":{"@id":"https:\/\/kaptanlarun.com\/urunler\/#primaryimage"},"thumbnailUrl":"https:\/\/kaptanlarun.com\/wp-content\/uploads\/kaptanlar-un-luks-baklavalik-un.png","datePublished":"2014-11-19T10:29:51+00:00","dateModified":"2025-06-20T06:56:42+00:00","breadcrumb":{"@id":"https:\/\/kaptanlarun.com\/urunler\/#breadcrumb"},"inLanguage":"en-US","potentialAction":[{"@type":"ReadAction","target":["https:\/\/kaptanlarun.com\/urunler\/"]}]},{"@type":"ImageObject","inLanguage":"en-US","@id":"https:\/\/kaptanlarun.com\/urunler\/#primaryimage","url":"https:\/\/kaptanlarun.com\/wp-content\/uploads\/kaptanlar-un-luks-baklavalik-un.png","contentUrl":"https:\/\/kaptanlarun.com\/wp-content\/uploads\/kaptanlar-un-luks-baklavalik-un.png"},{"@type":"BreadcrumbList","@id":"https:\/\/kaptanlarun.com\/urunler\/#breadcrumb","itemListElement":[{"@type":"ListItem","position":1,"name":"Home","item":"https:\/\/kaptanlarun.com\/"},{"@type":"ListItem","position":2,"name":"Products"}]},{"@type":"WebSite","@id":"https:\/\/kaptanlarun.com\/#website","url":"https:\/\/kaptanlarun.com\/","name":"Kaptanlar Un A.\u015e. - T\u00fcrkiye'nin Un Fabrikas\u0131 | \u00c7anakkale","description":"kaptanlarun.com","publisher":{"@id":"https:\/\/kaptanlarun.com\/#organization"},"potentialAction":[{"@type":"SearchAction","target":{"@type":"EntryPoint","urlTemplate":"https:\/\/kaptanlarun.com\/?s={search_term_string}"},"query-input":{"@type":"PropertyValueSpecification","valueRequired":true,"valueName":"search_term_string"}}],"inLanguage":"en-US"},{"@type":"Organization","@id":"https:\/\/kaptanlarun.com\/#organization","name":"Kaptanlar Un G\u0131da Enerji San. ve Tic. A.\u015e.","url":"https:\/\/kaptanlarun.com\/","logo":{"@type":"ImageObject","inLanguage":"en-US","@id":"https:\/\/kaptanlarun.com\/#\/schema\/logo\/image\/","url":"https:\/\/kaptanlarun.com\/wp-content\/uploads\/kaptanlar-un-retina-logo.png","contentUrl":"https:\/\/kaptanlarun.com\/wp-content\/uploads\/kaptanlar-un-retina-logo.png","width":511,"height":188,"caption":"Kaptanlar Un G\u0131da Enerji San. ve Tic. A.\u015e."},"image":{"@id":"https:\/\/kaptanlarun.com\/#\/schema\/logo\/image\/"},"sameAs":["https:\/\/www.facebook.com\/kaptanlarun\/","https:\/\/x.com\/kaptanlarun","https:\/\/www.instagram.com\/kaptanlarun\/"]}]}},"_links":{"self":[{"href":"https:\/\/kaptanlarun.com\/en\/wp-json\/wp\/v2\/pages\/1849","targetHints":{"allow":["GET"]}}],"collection":[{"href":"https:\/\/kaptanlarun.com\/en\/wp-json\/wp\/v2\/pages"}],"about":[{"href":"https:\/\/kaptanlarun.com\/en\/wp-json\/wp\/v2\/types\/page"}],"author":[{"embeddable":true,"href":"https:\/\/kaptanlarun.com\/en\/wp-json\/wp\/v2\/users\/1"}],"replies":[{"embeddable":true,"href":"https:\/\/kaptanlarun.com\/en\/wp-json\/wp\/v2\/comments?post=1849"}],"version-history":[{"count":1,"href":"https:\/\/kaptanlarun.com\/en\/wp-json\/wp\/v2\/pages\/1849\/revisions"}],"predecessor-version":[{"id":2748,"href":"https:\/\/kaptanlarun.com\/en\/wp-json\/wp\/v2\/pages\/1849\/revisions\/2748"}],"wp:attachment":[{"href":"https:\/\/kaptanlarun.com\/en\/wp-json\/wp\/v2\/media?parent=1849"}],"curies":[{"name":"wp","href":"https:\/\/api.w.org\/{rel}","templated":true}]}}