{"id":1851,"date":"2020-02-18T15:11:12","date_gmt":"2020-02-18T12:11:12","guid":{"rendered":"https:\/\/kaptanlarun.com\/ibaktech-2020-13-uluslararasi-ekmek-pasta-makineleri-dondurma-cikolata-ve-teknolojileri-fuari\/"},"modified":"2020-02-18T15:11:12","modified_gmt":"2020-02-18T12:11:12","slug":"ibaktech-2020-13-uluslararasi-ekmek-pasta-makineleri-dondurma-cikolata-ve-teknolojileri-fuari","status":"publish","type":"page","link":"https:\/\/kaptanlarun.com\/en\/ibaktech-2020-13-uluslararasi-ekmek-pasta-makineleri-dondurma-cikolata-ve-teknolojileri-fuari\/","title":{"rendered":"IBAKTECH 2020 13. Uluslararas\u0131 Ekmek, Pasta Makineleri, Dondurma \u00c7ikolata ve Teknolojileri Fuar\u0131"},"content":{"rendered":"\n<p>Kaptanlar Un | IBAKTECH 2020<br><\/p><h4>Kaptanlar Un Olarak \u0130stanbul Fuar Merkezi CNR EXPO&#8217;da d\u00fczenlenecek olan IBAKTECH\n<br>13. Uluslararas\u0131 Ekmek, Pasta Makineleri, Dondurma \u00c7ikolata ve Teknolojileri Fuar\u0131na Kat\u0131l\u0131yoruz.<\/h4><br>line<br>icon-calendar-line<br>Kaptanlar Un<br><br><img decoding=\"async\" src=\"http:\/\/www.kaptanlarun.com\/wp-content\/uploads\/kaptanlar-un-stand.jpg\" alt=\"kaptanlar-un-stand\"><br>full<br><br><div class=\"image_frame image_item no_link scale-with-grid element_classes no_border mfn-img-box\" ><div class=\"image_wrapper\"><img decoding=\"async\" class=\"scale-with-grid\" src=\"http:\/\/www.kaptanlarun.com\/wp-content\/uploads\/kaptanlar-un-retina-logo.png\" fetchpriority=\"high\" alt=\"IBAKTECH 2020 13. Uluslararas\u0131 Ekmek, Pasta Makineleri, Dondurma \u00c7ikolata ve Teknolojileri Fuar\u0131\" title=\"\" width=\"\" height=\"\" style=\"\"\/><\/div><\/div>\n\n<br><h3>A\u015fa\u011f\u0131daki Formu Doldurup G\u00f6ndererek \u00dccretsiz Fuar Davetiyenizi \u0130ndirebilirsiniz.<\/h3><br>no-repeat;left top;;<br>auto<br><br>[ninja_form id=&#8221;4&#8243;]<br>Ziyaret\u00e7i Talep Formu<br>no-repeat;left top;;<br>auto<br><br><img decoding=\"async\" src=\"http:\/\/www.kaptanlarun.com\/wp-content\/uploads\/kaptanlar-un-ibaktech-13-uluslararasi-ekmek-pasta-makineleri-dondurma-cikolata-teknolojileri-fuari-scaled.jpg\" alt=\"\"><br>full<br><br>\n","protected":false},"excerpt":{"rendered":"<p>Kaptanlar Un | IBAKTECH 2020 Kaptanlar Un Olarak \u0130stanbul Fuar Merkezi CNR EXPO&#8217;da d\u00fczenlenecek olan IBAKTECH 13. Uluslararas\u0131 Ekmek, Pasta Makineleri, Dondurma \u00c7ikolata ve Teknolojileri Fuar\u0131na<span class=\"excerpt-hellip\"> [\u2026]<\/span><\/p>\n","protected":false},"author":1,"featured_media":0,"parent":0,"menu_order":0,"comment_status":"closed","ping_status":"closed","template":"","meta":{"footnotes":""},"class_list":["post-1851","page","type-page","status-publish","hentry"],"yoast_head":"<!-- This site is optimized with the Yoast SEO plugin v27.3 - https:\/\/yoast.com\/product\/yoast-seo-wordpress\/ -->\n<title>IBAKTECH 2020 13. Uluslararas\u0131 Ekmek, Pasta Makineleri, Dondurma \u00c7ikolata ve Teknolojileri Fuar\u0131 | Kaptanlar Un A.\u015e.<\/title>\n<meta name=\"robots\" content=\"index, follow, max-snippet:-1, max-image-preview:large, max-video-preview:-1\" \/>\n<link rel=\"canonical\" href=\"https:\/\/kaptanlarun.com\/ibaktech-2020-13-uluslararasi-ekmek-pasta-makineleri-dondurma-cikolata-ve-teknolojileri-fuari\/\" \/>\n<meta property=\"og:locale\" content=\"en_US\" \/>\n<meta property=\"og:type\" content=\"article\" \/>\n<meta property=\"og:title\" content=\"IBAKTECH 2020 13. Uluslararas\u0131 Ekmek, Pasta Makineleri, Dondurma \u00c7ikolata ve Teknolojileri Fuar\u0131 | Kaptanlar Un A.\u015e.\" \/>\n<meta property=\"og:description\" content=\"Kaptanlar Un | IBAKTECH 2020 Kaptanlar Un Olarak \u0130stanbul Fuar Merkezi CNR EXPO&#8217;da d\u00fczenlenecek olan IBAKTECH 13. Uluslararas\u0131 Ekmek, Pasta Makineleri, Dondurma \u00c7ikolata ve Teknolojileri Fuar\u0131na [\u2026]\" \/>\n<meta property=\"og:url\" content=\"https:\/\/kaptanlarun.com\/ibaktech-2020-13-uluslararasi-ekmek-pasta-makineleri-dondurma-cikolata-ve-teknolojileri-fuari\/\" \/>\n<meta property=\"og:site_name\" content=\"Kaptanlar Un A.\u015e.\" \/>\n<meta property=\"article:publisher\" content=\"https:\/\/www.facebook.com\/kaptanlarun\/\" \/>\n<meta property=\"og:image\" content=\"http:\/\/www.kaptanlarun.com\/wp-content\/uploads\/kaptanlar-un-stand.jpg\" \/>\n<meta name=\"twitter:card\" content=\"summary_large_image\" \/>\n<meta name=\"twitter:site\" content=\"@kaptanlarun\" \/>\n<script type=\"application\/ld+json\" class=\"yoast-schema-graph\">{\"@context\":\"https:\\\/\\\/schema.org\",\"@graph\":[{\"@type\":\"WebPage\",\"@id\":\"https:\\\/\\\/kaptanlarun.com\\\/ibaktech-2020-13-uluslararasi-ekmek-pasta-makineleri-dondurma-cikolata-ve-teknolojileri-fuari\\\/\",\"url\":\"https:\\\/\\\/kaptanlarun.com\\\/ibaktech-2020-13-uluslararasi-ekmek-pasta-makineleri-dondurma-cikolata-ve-teknolojileri-fuari\\\/\",\"name\":\"IBAKTECH 2020 13. Uluslararas\u0131 Ekmek, Pasta Makineleri, Dondurma \u00c7ikolata ve Teknolojileri Fuar\u0131 | Kaptanlar Un A.\u015e.\",\"isPartOf\":{\"@id\":\"https:\\\/\\\/kaptanlarun.com\\\/#website\"},\"primaryImageOfPage\":{\"@id\":\"https:\\\/\\\/kaptanlarun.com\\\/ibaktech-2020-13-uluslararasi-ekmek-pasta-makineleri-dondurma-cikolata-ve-teknolojileri-fuari\\\/#primaryimage\"},\"image\":{\"@id\":\"https:\\\/\\\/kaptanlarun.com\\\/ibaktech-2020-13-uluslararasi-ekmek-pasta-makineleri-dondurma-cikolata-ve-teknolojileri-fuari\\\/#primaryimage\"},\"thumbnailUrl\":\"http:\\\/\\\/www.kaptanlarun.com\\\/wp-content\\\/uploads\\\/kaptanlar-un-stand.jpg\",\"datePublished\":\"2020-02-18T12:11:12+00:00\",\"breadcrumb\":{\"@id\":\"https:\\\/\\\/kaptanlarun.com\\\/ibaktech-2020-13-uluslararasi-ekmek-pasta-makineleri-dondurma-cikolata-ve-teknolojileri-fuari\\\/#breadcrumb\"},\"inLanguage\":\"en-US\",\"potentialAction\":[{\"@type\":\"ReadAction\",\"target\":[\"https:\\\/\\\/kaptanlarun.com\\\/ibaktech-2020-13-uluslararasi-ekmek-pasta-makineleri-dondurma-cikolata-ve-teknolojileri-fuari\\\/\"]}]},{\"@type\":\"ImageObject\",\"inLanguage\":\"en-US\",\"@id\":\"https:\\\/\\\/kaptanlarun.com\\\/ibaktech-2020-13-uluslararasi-ekmek-pasta-makineleri-dondurma-cikolata-ve-teknolojileri-fuari\\\/#primaryimage\",\"url\":\"http:\\\/\\\/www.kaptanlarun.com\\\/wp-content\\\/uploads\\\/kaptanlar-un-stand.jpg\",\"contentUrl\":\"http:\\\/\\\/www.kaptanlarun.com\\\/wp-content\\\/uploads\\\/kaptanlar-un-stand.jpg\"},{\"@type\":\"BreadcrumbList\",\"@id\":\"https:\\\/\\\/kaptanlarun.com\\\/ibaktech-2020-13-uluslararasi-ekmek-pasta-makineleri-dondurma-cikolata-ve-teknolojileri-fuari\\\/#breadcrumb\",\"itemListElement\":[{\"@type\":\"ListItem\",\"position\":1,\"name\":\"Home\",\"item\":\"https:\\\/\\\/kaptanlarun.com\\\/\"},{\"@type\":\"ListItem\",\"position\":2,\"name\":\"IBAKTECH 2020 13. Uluslararas\u0131 Ekmek, Pasta Makineleri, Dondurma \u00c7ikolata ve Teknolojileri Fuar\u0131\"}]},{\"@type\":\"WebSite\",\"@id\":\"https:\\\/\\\/kaptanlarun.com\\\/#website\",\"url\":\"https:\\\/\\\/kaptanlarun.com\\\/\",\"name\":\"Kaptanlar Un A.\u015e. - T\u00fcrkiye'nin Un Fabrikas\u0131 | \u00c7anakkale\",\"description\":\"kaptanlarun.com\",\"publisher\":{\"@id\":\"https:\\\/\\\/kaptanlarun.com\\\/#organization\"},\"potentialAction\":[{\"@type\":\"SearchAction\",\"target\":{\"@type\":\"EntryPoint\",\"urlTemplate\":\"https:\\\/\\\/kaptanlarun.com\\\/?s={search_term_string}\"},\"query-input\":{\"@type\":\"PropertyValueSpecification\",\"valueRequired\":true,\"valueName\":\"search_term_string\"}}],\"inLanguage\":\"en-US\"},{\"@type\":\"Organization\",\"@id\":\"https:\\\/\\\/kaptanlarun.com\\\/#organization\",\"name\":\"Kaptanlar Un G\u0131da Enerji San. ve Tic. A.\u015e.\",\"url\":\"https:\\\/\\\/kaptanlarun.com\\\/\",\"logo\":{\"@type\":\"ImageObject\",\"inLanguage\":\"en-US\",\"@id\":\"https:\\\/\\\/kaptanlarun.com\\\/#\\\/schema\\\/logo\\\/image\\\/\",\"url\":\"https:\\\/\\\/kaptanlarun.com\\\/wp-content\\\/uploads\\\/kaptanlar-un-retina-logo.png\",\"contentUrl\":\"https:\\\/\\\/kaptanlarun.com\\\/wp-content\\\/uploads\\\/kaptanlar-un-retina-logo.png\",\"width\":511,\"height\":188,\"caption\":\"Kaptanlar Un G\u0131da Enerji San. ve Tic. A.\u015e.\"},\"image\":{\"@id\":\"https:\\\/\\\/kaptanlarun.com\\\/#\\\/schema\\\/logo\\\/image\\\/\"},\"sameAs\":[\"https:\\\/\\\/www.facebook.com\\\/kaptanlarun\\\/\",\"https:\\\/\\\/x.com\\\/kaptanlarun\",\"https:\\\/\\\/www.instagram.com\\\/kaptanlarun\\\/\"]}]}<\/script>\n<!-- \/ Yoast SEO plugin. -->","yoast_head_json":{"title":"IBAKTECH 2020 13. Uluslararas\u0131 Ekmek, Pasta Makineleri, Dondurma \u00c7ikolata ve Teknolojileri Fuar\u0131 | Kaptanlar Un A.\u015e.","robots":{"index":"index","follow":"follow","max-snippet":"max-snippet:-1","max-image-preview":"max-image-preview:large","max-video-preview":"max-video-preview:-1"},"canonical":"https:\/\/kaptanlarun.com\/ibaktech-2020-13-uluslararasi-ekmek-pasta-makineleri-dondurma-cikolata-ve-teknolojileri-fuari\/","og_locale":"en_US","og_type":"article","og_title":"IBAKTECH 2020 13. Uluslararas\u0131 Ekmek, Pasta Makineleri, Dondurma \u00c7ikolata ve Teknolojileri Fuar\u0131 | Kaptanlar Un A.\u015e.","og_description":"Kaptanlar Un | IBAKTECH 2020 Kaptanlar Un Olarak \u0130stanbul Fuar Merkezi CNR EXPO&#8217;da d\u00fczenlenecek olan IBAKTECH 13. Uluslararas\u0131 Ekmek, Pasta Makineleri, Dondurma \u00c7ikolata ve Teknolojileri Fuar\u0131na [\u2026]","og_url":"https:\/\/kaptanlarun.com\/ibaktech-2020-13-uluslararasi-ekmek-pasta-makineleri-dondurma-cikolata-ve-teknolojileri-fuari\/","og_site_name":"Kaptanlar Un A.\u015e.","article_publisher":"https:\/\/www.facebook.com\/kaptanlarun\/","og_image":[{"url":"http:\/\/www.kaptanlarun.com\/wp-content\/uploads\/kaptanlar-un-stand.jpg","type":"","width":"","height":""}],"twitter_card":"summary_large_image","twitter_site":"@kaptanlarun","schema":{"@context":"https:\/\/schema.org","@graph":[{"@type":"WebPage","@id":"https:\/\/kaptanlarun.com\/ibaktech-2020-13-uluslararasi-ekmek-pasta-makineleri-dondurma-cikolata-ve-teknolojileri-fuari\/","url":"https:\/\/kaptanlarun.com\/ibaktech-2020-13-uluslararasi-ekmek-pasta-makineleri-dondurma-cikolata-ve-teknolojileri-fuari\/","name":"IBAKTECH 2020 13. Uluslararas\u0131 Ekmek, Pasta Makineleri, Dondurma \u00c7ikolata ve Teknolojileri Fuar\u0131 | Kaptanlar Un A.\u015e.","isPartOf":{"@id":"https:\/\/kaptanlarun.com\/#website"},"primaryImageOfPage":{"@id":"https:\/\/kaptanlarun.com\/ibaktech-2020-13-uluslararasi-ekmek-pasta-makineleri-dondurma-cikolata-ve-teknolojileri-fuari\/#primaryimage"},"image":{"@id":"https:\/\/kaptanlarun.com\/ibaktech-2020-13-uluslararasi-ekmek-pasta-makineleri-dondurma-cikolata-ve-teknolojileri-fuari\/#primaryimage"},"thumbnailUrl":"http:\/\/www.kaptanlarun.com\/wp-content\/uploads\/kaptanlar-un-stand.jpg","datePublished":"2020-02-18T12:11:12+00:00","breadcrumb":{"@id":"https:\/\/kaptanlarun.com\/ibaktech-2020-13-uluslararasi-ekmek-pasta-makineleri-dondurma-cikolata-ve-teknolojileri-fuari\/#breadcrumb"},"inLanguage":"en-US","potentialAction":[{"@type":"ReadAction","target":["https:\/\/kaptanlarun.com\/ibaktech-2020-13-uluslararasi-ekmek-pasta-makineleri-dondurma-cikolata-ve-teknolojileri-fuari\/"]}]},{"@type":"ImageObject","inLanguage":"en-US","@id":"https:\/\/kaptanlarun.com\/ibaktech-2020-13-uluslararasi-ekmek-pasta-makineleri-dondurma-cikolata-ve-teknolojileri-fuari\/#primaryimage","url":"http:\/\/www.kaptanlarun.com\/wp-content\/uploads\/kaptanlar-un-stand.jpg","contentUrl":"http:\/\/www.kaptanlarun.com\/wp-content\/uploads\/kaptanlar-un-stand.jpg"},{"@type":"BreadcrumbList","@id":"https:\/\/kaptanlarun.com\/ibaktech-2020-13-uluslararasi-ekmek-pasta-makineleri-dondurma-cikolata-ve-teknolojileri-fuari\/#breadcrumb","itemListElement":[{"@type":"ListItem","position":1,"name":"Home","item":"https:\/\/kaptanlarun.com\/"},{"@type":"ListItem","position":2,"name":"IBAKTECH 2020 13. Uluslararas\u0131 Ekmek, Pasta Makineleri, Dondurma \u00c7ikolata ve Teknolojileri Fuar\u0131"}]},{"@type":"WebSite","@id":"https:\/\/kaptanlarun.com\/#website","url":"https:\/\/kaptanlarun.com\/","name":"Kaptanlar Un A.\u015e. - T\u00fcrkiye'nin Un Fabrikas\u0131 | \u00c7anakkale","description":"kaptanlarun.com","publisher":{"@id":"https:\/\/kaptanlarun.com\/#organization"},"potentialAction":[{"@type":"SearchAction","target":{"@type":"EntryPoint","urlTemplate":"https:\/\/kaptanlarun.com\/?s={search_term_string}"},"query-input":{"@type":"PropertyValueSpecification","valueRequired":true,"valueName":"search_term_string"}}],"inLanguage":"en-US"},{"@type":"Organization","@id":"https:\/\/kaptanlarun.com\/#organization","name":"Kaptanlar Un G\u0131da Enerji San. ve Tic. A.\u015e.","url":"https:\/\/kaptanlarun.com\/","logo":{"@type":"ImageObject","inLanguage":"en-US","@id":"https:\/\/kaptanlarun.com\/#\/schema\/logo\/image\/","url":"https:\/\/kaptanlarun.com\/wp-content\/uploads\/kaptanlar-un-retina-logo.png","contentUrl":"https:\/\/kaptanlarun.com\/wp-content\/uploads\/kaptanlar-un-retina-logo.png","width":511,"height":188,"caption":"Kaptanlar Un G\u0131da Enerji San. ve Tic. A.\u015e."},"image":{"@id":"https:\/\/kaptanlarun.com\/#\/schema\/logo\/image\/"},"sameAs":["https:\/\/www.facebook.com\/kaptanlarun\/","https:\/\/x.com\/kaptanlarun","https:\/\/www.instagram.com\/kaptanlarun\/"]}]}},"_links":{"self":[{"href":"https:\/\/kaptanlarun.com\/en\/wp-json\/wp\/v2\/pages\/1851","targetHints":{"allow":["GET"]}}],"collection":[{"href":"https:\/\/kaptanlarun.com\/en\/wp-json\/wp\/v2\/pages"}],"about":[{"href":"https:\/\/kaptanlarun.com\/en\/wp-json\/wp\/v2\/types\/page"}],"author":[{"embeddable":true,"href":"https:\/\/kaptanlarun.com\/en\/wp-json\/wp\/v2\/users\/1"}],"replies":[{"embeddable":true,"href":"https:\/\/kaptanlarun.com\/en\/wp-json\/wp\/v2\/comments?post=1851"}],"version-history":[{"count":0,"href":"https:\/\/kaptanlarun.com\/en\/wp-json\/wp\/v2\/pages\/1851\/revisions"}],"wp:attachment":[{"href":"https:\/\/kaptanlarun.com\/en\/wp-json\/wp\/v2\/media?parent=1851"}],"curies":[{"name":"wp","href":"https:\/\/api.w.org\/{rel}","templated":true}]}}