{"id":1913,"date":"2019-10-06T16:07:52","date_gmt":"2019-10-06T13:07:52","guid":{"rendered":"https:\/\/kaptanlarun.com\/sikca-sorulan-sorular\/"},"modified":"2022-10-25T09:55:25","modified_gmt":"2022-10-25T06:55:25","slug":"sikca-sorulan-sorular","status":"publish","type":"page","link":"https:\/\/kaptanlarun.com\/en\/sikca-sorulan-sorular\/","title":{"rendered":"S\u0131k\u00e7a Sorulan Sorular"},"content":{"rendered":"\n<p>S\u0131k\u00e7a Sorulan Sorular<br\/>Kaptanlar Un \u00dcr\u00fcnleri \u0130lgili S\u0131k\u00e7a Sorulan Pop\u00fcler Sorular<br\/>line<br\/>Kaptanlar Un<br\/><br\/>Un Fiyatlar\u0131<br\/>h4<br\/>\u00dcr\u00fcnlerimizle ilgili Fiyat Bilgisi i\u00e7in Bizimle \u0130leti\u015fime Ge\u00e7in.<br\/>icon-tag<br\/>left<br\/><br\/>Unumuzu Deneyin!<br\/>h4<br\/>\u00dcr\u00fcnlerimizi Denemek \u0130steyen \u0130\u015fletmeler Numune \u00dcr\u00fcn Talebinde Bulunabilirler.<br\/>icon-star-line<br\/>left<br\/><br\/>Bize Sorun!<br\/>h4<br\/>\u0130leti\u015fim Sayfam\u0131zda Bulunan Bilgileri Kullanarak Bize Ula\u015fabilirsiniz.<br\/>icon-comment-line<br\/>left<br\/><a href=\"http:\/\/www.kaptanlarun.com\/iletisim\/\">http:\/\/www.kaptanlarun.com\/iletisim\/<\/a><br\/><br\/>\u0130leti\u015fim Bilgilerimiz<br\/>h4<br\/>\u0130leti\u015fim Sayfam\u0131zda Bulunan \u0130leti\u015fim Bilgilerimizi Kullanarak Bize Ula\u015fabilirsiniz.<br\/>icon-call<br\/>left<br\/><a href=\"http:\/\/www.kaptanlarun.com\/iletisim\/\">http:\/\/www.kaptanlarun.com\/iletisim\/<\/a><br\/><br\/>no-repeat;left top;;<br\/>auto<br\/><br\/>Pop\u00fcler Sorular<br\/>Unlar\u0131n\u0131z\u0131n Protein De\u011feri Nedir?<br\/>\u00c7al\u0131\u015fma Saatleriniz Nedir?<br\/>Kargo ile G\u00f6nderim Sa\u011fl\u0131yormusunuz?<br\/>Unlar\u0131n\u0131z\u0131 Numune Olarak G\u00f6nderiyormusunuz?<br\/>Unlar\u0131n\u0131z ile \u0130lgili Fiyat Alabilirmiyim?<br\/>Un Ambalajlar\u0131ndaki Renkler Neyi \u0130fade Ediyor?<br\/>Online Tahsilat Sisteminizi Nas\u0131l Kullanabilirim?<br\/>Unlar\u0131m\u0131z\u0131n Protein De\u011feri 11.5\u2019dir.<br\/>Pazartesi &#8211; Cumartesi\n<br\/><\/p><h5>08:30 &#8211; 18:00<\/h5>&#13;<br\/>&#13;<br\/>Resmi G\u00fcnler ve Pazar&#13;<br\/><h5>Kapal\u0131<\/h5><br\/>Unlar\u0131m\u0131z\u0131 Kullanmak \u0130steyen M\u00fc\u015fterilerimize Kargo ile \u00dcr\u00fcn G\u00f6nderimi Yap\u0131yoruz. Bunun \u0130\u00e7in +90 286 344 44 88 nolu Telefon Numaram\u0131zdan Bize Ula\u015fabilirsiniz.&#13;<br\/>Not : Kargo Bedeli M\u00fc\u015fteriye Aittir.<br\/>\u00dcr\u00fcnlerimizi Denemek \u0130steyen \u0130\u015fletmeler <a href=\"#\">Numune Talep Formu<\/a> \u00dczerinden Bilgilerini Girerek Numune \u00dcr\u00fcn Talep Edebilirler.<br\/>\u00dcr\u00fcnlerimizle \u0130lgili Fiyat Bilgisi \u0130\u00e7in  +90 286 344 44 88 nolu Telefon Numaras\u0131n\u0131 Arayabilir ya da <a href=\"#\">Fiyat Talep Formu<\/a> \u00dczerinden Bilgilerini Girerek Numune \u00dcr\u00fcn Talep Edebilirler.<br\/>\u00dcr\u00fcn \u00c7e\u015fitlerimizi Ambalaj \u00dczerindeki Renkler \u0130le \u0130fade Ediyoruz. Hangi Unu Kullanaca\u011f\u0131n\u0131z Konusunda Karars\u0131zsan\u0131z yada Bilgi Almak \u0130stiyorsan\u0131z;&#13;<br\/><a href=\"#\">\u00dcr\u00fcnler<\/a> Sayfam\u0131z\u0131 \u0130nceleyebilirsiniz.<br\/>E-Tahsilat Sistemi \u00dczerinden Kolayca Dilerseniz &#13;<br\/>\u00dcye Olmadanda Online \u00d6deme Yapabilirsiniz.<br\/>accordion<br\/><br\/>\n","protected":false},"excerpt":{"rendered":"<p>S\u0131k\u00e7a Sorulan SorularKaptanlar Un \u00dcr\u00fcnleri \u0130lgili S\u0131k\u00e7a Sorulan Pop\u00fcler SorularlineKaptanlar Un Un Fiyatlar\u0131h4\u00dcr\u00fcnlerimizle ilgili Fiyat Bilgisi i\u00e7in Bizimle \u0130leti\u015fime Ge\u00e7in.icon-tagleft Unumuzu Deneyin!h4\u00dcr\u00fcnlerimizi Denemek \u0130steyen \u0130\u015fletmeler Numune<span class=\"excerpt-hellip\"> [\u2026]<\/span><\/p>\n","protected":false},"author":1,"featured_media":0,"parent":0,"menu_order":0,"comment_status":"closed","ping_status":"closed","template":"","meta":{"footnotes":""},"class_list":["post-1913","page","type-page","status-publish","hentry"],"yoast_head":"<!-- This site is optimized with the Yoast SEO plugin v27.3 - https:\/\/yoast.com\/product\/yoast-seo-wordpress\/ -->\n<title>S\u0131k\u00e7a Sorulan Sorular | Kaptanlar Un A.\u015e.<\/title>\n<meta name=\"robots\" content=\"index, follow, max-snippet:-1, max-image-preview:large, max-video-preview:-1\" \/>\n<link rel=\"canonical\" href=\"https:\/\/kaptanlarun.com\/sikca-sorulan-sorular\/\" \/>\n<meta property=\"og:locale\" content=\"en_US\" \/>\n<meta property=\"og:type\" content=\"article\" \/>\n<meta property=\"og:title\" content=\"S\u0131k\u00e7a Sorulan Sorular | Kaptanlar Un A.\u015e.\" \/>\n<meta property=\"og:description\" content=\"S\u0131k\u00e7a Sorulan SorularKaptanlar Un \u00dcr\u00fcnleri \u0130lgili S\u0131k\u00e7a Sorulan Pop\u00fcler SorularlineKaptanlar Un Un Fiyatlar\u0131h4\u00dcr\u00fcnlerimizle ilgili Fiyat Bilgisi i\u00e7in Bizimle \u0130leti\u015fime Ge\u00e7in.icon-tagleft Unumuzu Deneyin!h4\u00dcr\u00fcnlerimizi Denemek \u0130steyen \u0130\u015fletmeler Numune [\u2026]\" \/>\n<meta property=\"og:url\" content=\"https:\/\/kaptanlarun.com\/sikca-sorulan-sorular\/\" \/>\n<meta property=\"og:site_name\" content=\"Kaptanlar Un A.\u015e.\" \/>\n<meta property=\"article:publisher\" content=\"https:\/\/www.facebook.com\/kaptanlarun\/\" \/>\n<meta property=\"article:modified_time\" content=\"2022-10-25T06:55:25+00:00\" \/>\n<meta name=\"twitter:card\" content=\"summary_large_image\" \/>\n<meta name=\"twitter:site\" content=\"@kaptanlarun\" \/>\n<meta name=\"twitter:label1\" content=\"Est. reading time\" \/>\n\t<meta name=\"twitter:data1\" content=\"1 minute\" \/>\n<script type=\"application\/ld+json\" class=\"yoast-schema-graph\">{\"@context\":\"https:\\\/\\\/schema.org\",\"@graph\":[{\"@type\":\"WebPage\",\"@id\":\"https:\\\/\\\/kaptanlarun.com\\\/sikca-sorulan-sorular\\\/\",\"url\":\"https:\\\/\\\/kaptanlarun.com\\\/sikca-sorulan-sorular\\\/\",\"name\":\"S\u0131k\u00e7a Sorulan Sorular | Kaptanlar Un A.\u015e.\",\"isPartOf\":{\"@id\":\"https:\\\/\\\/kaptanlarun.com\\\/#website\"},\"datePublished\":\"2019-10-06T13:07:52+00:00\",\"dateModified\":\"2022-10-25T06:55:25+00:00\",\"breadcrumb\":{\"@id\":\"https:\\\/\\\/kaptanlarun.com\\\/sikca-sorulan-sorular\\\/#breadcrumb\"},\"inLanguage\":\"en-US\",\"potentialAction\":[{\"@type\":\"ReadAction\",\"target\":[\"https:\\\/\\\/kaptanlarun.com\\\/sikca-sorulan-sorular\\\/\"]}]},{\"@type\":\"BreadcrumbList\",\"@id\":\"https:\\\/\\\/kaptanlarun.com\\\/sikca-sorulan-sorular\\\/#breadcrumb\",\"itemListElement\":[{\"@type\":\"ListItem\",\"position\":1,\"name\":\"Home\",\"item\":\"https:\\\/\\\/kaptanlarun.com\\\/\"},{\"@type\":\"ListItem\",\"position\":2,\"name\":\"S\u0131k\u00e7a Sorulan Sorular\"}]},{\"@type\":\"WebSite\",\"@id\":\"https:\\\/\\\/kaptanlarun.com\\\/#website\",\"url\":\"https:\\\/\\\/kaptanlarun.com\\\/\",\"name\":\"Kaptanlar Un A.\u015e. - T\u00fcrkiye'nin Un Fabrikas\u0131 | \u00c7anakkale\",\"description\":\"kaptanlarun.com\",\"publisher\":{\"@id\":\"https:\\\/\\\/kaptanlarun.com\\\/#organization\"},\"potentialAction\":[{\"@type\":\"SearchAction\",\"target\":{\"@type\":\"EntryPoint\",\"urlTemplate\":\"https:\\\/\\\/kaptanlarun.com\\\/?s={search_term_string}\"},\"query-input\":{\"@type\":\"PropertyValueSpecification\",\"valueRequired\":true,\"valueName\":\"search_term_string\"}}],\"inLanguage\":\"en-US\"},{\"@type\":\"Organization\",\"@id\":\"https:\\\/\\\/kaptanlarun.com\\\/#organization\",\"name\":\"Kaptanlar Un G\u0131da Enerji San. ve Tic. A.\u015e.\",\"url\":\"https:\\\/\\\/kaptanlarun.com\\\/\",\"logo\":{\"@type\":\"ImageObject\",\"inLanguage\":\"en-US\",\"@id\":\"https:\\\/\\\/kaptanlarun.com\\\/#\\\/schema\\\/logo\\\/image\\\/\",\"url\":\"https:\\\/\\\/kaptanlarun.com\\\/wp-content\\\/uploads\\\/kaptanlar-un-retina-logo.png\",\"contentUrl\":\"https:\\\/\\\/kaptanlarun.com\\\/wp-content\\\/uploads\\\/kaptanlar-un-retina-logo.png\",\"width\":511,\"height\":188,\"caption\":\"Kaptanlar Un G\u0131da Enerji San. ve Tic. A.\u015e.\"},\"image\":{\"@id\":\"https:\\\/\\\/kaptanlarun.com\\\/#\\\/schema\\\/logo\\\/image\\\/\"},\"sameAs\":[\"https:\\\/\\\/www.facebook.com\\\/kaptanlarun\\\/\",\"https:\\\/\\\/x.com\\\/kaptanlarun\",\"https:\\\/\\\/www.instagram.com\\\/kaptanlarun\\\/\"]}]}<\/script>\n<!-- \/ Yoast SEO plugin. -->","yoast_head_json":{"title":"S\u0131k\u00e7a Sorulan Sorular | Kaptanlar Un A.\u015e.","robots":{"index":"index","follow":"follow","max-snippet":"max-snippet:-1","max-image-preview":"max-image-preview:large","max-video-preview":"max-video-preview:-1"},"canonical":"https:\/\/kaptanlarun.com\/sikca-sorulan-sorular\/","og_locale":"en_US","og_type":"article","og_title":"S\u0131k\u00e7a Sorulan Sorular | Kaptanlar Un A.\u015e.","og_description":"S\u0131k\u00e7a Sorulan SorularKaptanlar Un \u00dcr\u00fcnleri \u0130lgili S\u0131k\u00e7a Sorulan Pop\u00fcler SorularlineKaptanlar Un Un Fiyatlar\u0131h4\u00dcr\u00fcnlerimizle ilgili Fiyat Bilgisi i\u00e7in Bizimle \u0130leti\u015fime Ge\u00e7in.icon-tagleft Unumuzu Deneyin!h4\u00dcr\u00fcnlerimizi Denemek \u0130steyen \u0130\u015fletmeler Numune [\u2026]","og_url":"https:\/\/kaptanlarun.com\/sikca-sorulan-sorular\/","og_site_name":"Kaptanlar Un A.\u015e.","article_publisher":"https:\/\/www.facebook.com\/kaptanlarun\/","article_modified_time":"2022-10-25T06:55:25+00:00","twitter_card":"summary_large_image","twitter_site":"@kaptanlarun","twitter_misc":{"Est. reading time":"1 minute"},"schema":{"@context":"https:\/\/schema.org","@graph":[{"@type":"WebPage","@id":"https:\/\/kaptanlarun.com\/sikca-sorulan-sorular\/","url":"https:\/\/kaptanlarun.com\/sikca-sorulan-sorular\/","name":"S\u0131k\u00e7a Sorulan Sorular | Kaptanlar Un A.\u015e.","isPartOf":{"@id":"https:\/\/kaptanlarun.com\/#website"},"datePublished":"2019-10-06T13:07:52+00:00","dateModified":"2022-10-25T06:55:25+00:00","breadcrumb":{"@id":"https:\/\/kaptanlarun.com\/sikca-sorulan-sorular\/#breadcrumb"},"inLanguage":"en-US","potentialAction":[{"@type":"ReadAction","target":["https:\/\/kaptanlarun.com\/sikca-sorulan-sorular\/"]}]},{"@type":"BreadcrumbList","@id":"https:\/\/kaptanlarun.com\/sikca-sorulan-sorular\/#breadcrumb","itemListElement":[{"@type":"ListItem","position":1,"name":"Home","item":"https:\/\/kaptanlarun.com\/"},{"@type":"ListItem","position":2,"name":"S\u0131k\u00e7a Sorulan Sorular"}]},{"@type":"WebSite","@id":"https:\/\/kaptanlarun.com\/#website","url":"https:\/\/kaptanlarun.com\/","name":"Kaptanlar Un A.\u015e. - T\u00fcrkiye'nin Un Fabrikas\u0131 | \u00c7anakkale","description":"kaptanlarun.com","publisher":{"@id":"https:\/\/kaptanlarun.com\/#organization"},"potentialAction":[{"@type":"SearchAction","target":{"@type":"EntryPoint","urlTemplate":"https:\/\/kaptanlarun.com\/?s={search_term_string}"},"query-input":{"@type":"PropertyValueSpecification","valueRequired":true,"valueName":"search_term_string"}}],"inLanguage":"en-US"},{"@type":"Organization","@id":"https:\/\/kaptanlarun.com\/#organization","name":"Kaptanlar Un G\u0131da Enerji San. ve Tic. A.\u015e.","url":"https:\/\/kaptanlarun.com\/","logo":{"@type":"ImageObject","inLanguage":"en-US","@id":"https:\/\/kaptanlarun.com\/#\/schema\/logo\/image\/","url":"https:\/\/kaptanlarun.com\/wp-content\/uploads\/kaptanlar-un-retina-logo.png","contentUrl":"https:\/\/kaptanlarun.com\/wp-content\/uploads\/kaptanlar-un-retina-logo.png","width":511,"height":188,"caption":"Kaptanlar Un G\u0131da Enerji San. ve Tic. A.\u015e."},"image":{"@id":"https:\/\/kaptanlarun.com\/#\/schema\/logo\/image\/"},"sameAs":["https:\/\/www.facebook.com\/kaptanlarun\/","https:\/\/x.com\/kaptanlarun","https:\/\/www.instagram.com\/kaptanlarun\/"]}]}},"_links":{"self":[{"href":"https:\/\/kaptanlarun.com\/en\/wp-json\/wp\/v2\/pages\/1913","targetHints":{"allow":["GET"]}}],"collection":[{"href":"https:\/\/kaptanlarun.com\/en\/wp-json\/wp\/v2\/pages"}],"about":[{"href":"https:\/\/kaptanlarun.com\/en\/wp-json\/wp\/v2\/types\/page"}],"author":[{"embeddable":true,"href":"https:\/\/kaptanlarun.com\/en\/wp-json\/wp\/v2\/users\/1"}],"replies":[{"embeddable":true,"href":"https:\/\/kaptanlarun.com\/en\/wp-json\/wp\/v2\/comments?post=1913"}],"version-history":[{"count":0,"href":"https:\/\/kaptanlarun.com\/en\/wp-json\/wp\/v2\/pages\/1913\/revisions"}],"wp:attachment":[{"href":"https:\/\/kaptanlarun.com\/en\/wp-json\/wp\/v2\/media?parent=1913"}],"curies":[{"name":"wp","href":"https:\/\/api.w.org\/{rel}","templated":true}]}}